{"id":726241,"date":"2025-08-27T20:03:18","date_gmt":"2025-08-27T17:03:18","guid":{"rendered":"https:\/\/roveyayinevi.com.tr\/index.php\/urun\/toulouse-lautrec-sanatin-buyuk-ustalari-16\/"},"modified":"2026-03-12T02:43:43","modified_gmt":"2026-03-11T23:43:43","slug":"toulouse-lautrec-sanatin-buyuk-ustalari-16","status":"publish","type":"product","link":"https:\/\/roveyayinevi.com.tr\/index.php\/urun\/toulouse-lautrec-sanatin-buyuk-ustalari-16\/","title":{"rendered":"Toulouse-Lautrec &#8211; Sanat\u0131n B\u00fcy\u00fck Ustalar\u0131 16"},"content":{"rendered":"<p>H\u0131zl\u0131 ya\u015fay\u0131p gen\u00e7 \u00f6len, k\u0131sa ya\u015fam\u0131nda Paris gece hayat\u0131n\u0131n en renkli simalar\u0131ndan biri haline gelen Henri de Toulouse-Lautrec, varl\u0131kl\u0131 bir ailenin yetenekli, h\u0131r\u00e7\u0131n, e\u011flenceli ve biricik o\u011fluydu. Afi\u015fleri, \u00f6zg\u00fcn renkli ta\u015f bask\u0131lar\u0131, k\u0131vr\u0131ml\u0131 \u00e7izgileriyle Bat\u0131 sanat\u0131 tarihinde \u00f6zel bir yeri olan ressam, kokteyl tarifleri, \u00f6zel yemekleri ve tatl\u0131lar\u0131yla da yemek k\u00fclt\u00fcr\u00fc tarihinde izler b\u0131rakm\u0131\u015ft\u0131r.Bir kont ile kontesin o\u011flu olan, fiziksel geli\u015fim bozuklu\u011fu y\u00fcz\u00fcnden babas\u0131n\u0131 hayal k\u0131r\u0131kl\u0131\u011f\u0131na u\u011fratt\u0131\u011f\u0131n\u0131 d\u00fc\u015f\u00fcnen Toulouse-Lautrec belki de bu y\u00fczden kendine Paris\u2019in arka sokaklar\u0131nda bir d\u00fcnya kurmu\u015f, o d\u00fcnyan\u0131n g\u00f6zde prensi olarak k\u0131sa s\u00fcrede \u00fcn\u00fcn\u00fc her yere duyurmu\u015ftu. On dokuzuncu y\u00fczy\u0131l\u0131n \u00f6nemli ba\u015fkentlerinden Paris\u2019te avangard k\u00fclt\u00fcr\u00fcn neferli\u011fini yaparken akademik resmi de d\u00f6nemle \u00f6zde\u015fle\u015fen \u0130zlenimcilik\u2019i de t\u00fcm n\u00fcans\u0131yla et\u00fcd eden Toulouse-Lautrec neticede t\u0131pk\u0131 hayat\u0131nda oldu\u011fu gibi sanat\u0131nda da kendi yolunu se\u00e7mi\u015ftir.Hayalperest Yay\u0131nevi\u2019nin \u201cSanat\u0131n B\u00fcy\u00fck Ustalar\u0131\u201d serisinde yer alan bu kitap, Bat\u0131 sanat\u0131 tarihinin bilinen en renkli ki\u015filiklerinden biri olan Henri de Toulouse-Lautrec\u2019in sanat\u0131na ve hayat\u0131na dair genel bilgiler i\u00e7eriyor. Onun eserleri sayesinde d\u00f6nemin Paris\u2019inin \u00fcnl\u00fc simalar\u0131n\u0131 tan\u0131ma, k\u00fclt\u00fcr ve e\u011flence hayat\u0131na yak\u0131ndan bakma imkan\u0131 bulan okur, modern sanat\u0131n yolunu a\u00e7an Ard-\u0130zlenimcilik hakk\u0131nda da bir fikir edinebiliyor.<\/p>\n","protected":false},"excerpt":{"rendered":"<p>H\u0131zl\u0131 ya\u015fay\u0131p gen\u00e7 \u00f6len, k\u0131sa ya\u015fam\u0131nda Paris gece hayat\u0131n\u0131n en renkli simalar\u0131ndan biri haline gelen Henri de Toulouse-Lautrec, varl\u0131kl\u0131 bir ailenin yetenekli, h\u0131r\u00e7\u0131n, e\u011flenceli ve biricik<span class=\"excerpt-hellip\"> [\u2026]<\/span><\/p>\n","protected":false},"featured_media":0,"template":"","meta":{"_monsterinsights_skip_tracking":false,"_monsterinsights_sitenote_active":false,"_monsterinsights_sitenote_note":"","_monsterinsights_sitenote_category":0},"product_brand":[],"product_cat":[12408,14197],"product_tag":[],"class_list":{"0":"post-726241","1":"product","2":"type-product","3":"status-publish","5":"product_cat-sanat","6":"product_cat-sanat-tarihi","7":"pa_cilt-ciltsiz","8":"pa_tur-kitap","9":"pa_yayinevi-hayalperest-yayinlari","10":"pa_yazar-firdevs-candil-erdogan","12":"first","13":"instock","14":"sale","15":"shipping-taxable","16":"purchasable","17":"product-type-simple"},"_links":{"self":[{"href":"https:\/\/roveyayinevi.com.tr\/index.php\/wp-json\/wp\/v2\/product\/726241","targetHints":{"allow":["GET"]}}],"collection":[{"href":"https:\/\/roveyayinevi.com.tr\/index.php\/wp-json\/wp\/v2\/product"}],"about":[{"href":"https:\/\/roveyayinevi.com.tr\/index.php\/wp-json\/wp\/v2\/types\/product"}],"wp:attachment":[{"href":"https:\/\/roveyayinevi.com.tr\/index.php\/wp-json\/wp\/v2\/media?parent=726241"}],"wp:term":[{"taxonomy":"product_brand","embeddable":true,"href":"https:\/\/roveyayinevi.com.tr\/index.php\/wp-json\/wp\/v2\/product_brand?post=726241"},{"taxonomy":"product_cat","embeddable":true,"href":"https:\/\/roveyayinevi.com.tr\/index.php\/wp-json\/wp\/v2\/product_cat?post=726241"},{"taxonomy":"product_tag","embeddable":true,"href":"https:\/\/roveyayinevi.com.tr\/index.php\/wp-json\/wp\/v2\/product_tag?post=726241"}],"curies":[{"name":"wp","href":"https:\/\/api.w.org\/{rel}","templated":true}]}}