{"id":726240,"date":"2025-08-27T20:03:17","date_gmt":"2025-08-27T17:03:17","guid":{"rendered":"https:\/\/roveyayinevi.com.tr\/index.php\/urun\/ayt-kimya-30-deneme-sinavi\/"},"modified":"2026-04-16T02:34:03","modified_gmt":"2026-04-15T23:34:03","slug":"ayt-kimya-30-deneme-sinavi","status":"publish","type":"product","link":"https:\/\/roveyayinevi.com.tr\/index.php\/urun\/ayt-kimya-30-deneme-sinavi\/","title":{"rendered":"AYT Kimya 30 Deneme S\u0131nav\u0131"},"content":{"rendered":"<p>AYT Kimya 30 Deneme S\u0131nav\u0131<\/p>\n","protected":false},"excerpt":{"rendered":"<p>AYT Kimya 30 Deneme S\u0131nav\u0131<\/p>\n","protected":false},"featured_media":0,"template":"","meta":{"_monsterinsights_skip_tracking":false,"_monsterinsights_sitenote_active":false,"_monsterinsights_sitenote_note":"","_monsterinsights_sitenote_category":0},"product_brand":[],"product_cat":[63039,74999,52032,12566,13473,51998],"product_tag":[],"class_list":{"0":"post-726240","1":"product","2":"type-product","3":"status-publish","5":"product_cat-ayt-denemeler","6":"product_cat-ayt-kimya-deneme","7":"product_cat-ayt-kitaplari","8":"product_cat-egitim","9":"product_cat-sinavlara-hazirlik-okula-yardimci-kaynaklar","10":"product_cat-yks-kitaplari","11":"pa_cilt-ciltsiz","12":"pa_tur-kitap","13":"pa_yayinevi-palme-yayincilik-hazirlik-kitaplari","14":"pa_yazar-fatih-baysal-hakan-soylemez","16":"first","17":"instock","18":"sale","19":"shipping-taxable","20":"purchasable","21":"product-type-simple"},"_links":{"self":[{"href":"https:\/\/roveyayinevi.com.tr\/index.php\/wp-json\/wp\/v2\/product\/726240","targetHints":{"allow":["GET"]}}],"collection":[{"href":"https:\/\/roveyayinevi.com.tr\/index.php\/wp-json\/wp\/v2\/product"}],"about":[{"href":"https:\/\/roveyayinevi.com.tr\/index.php\/wp-json\/wp\/v2\/types\/product"}],"wp:attachment":[{"href":"https:\/\/roveyayinevi.com.tr\/index.php\/wp-json\/wp\/v2\/media?parent=726240"}],"wp:term":[{"taxonomy":"product_brand","embeddable":true,"href":"https:\/\/roveyayinevi.com.tr\/index.php\/wp-json\/wp\/v2\/product_brand?post=726240"},{"taxonomy":"product_cat","embeddable":true,"href":"https:\/\/roveyayinevi.com.tr\/index.php\/wp-json\/wp\/v2\/product_cat?post=726240"},{"taxonomy":"product_tag","embeddable":true,"href":"https:\/\/roveyayinevi.com.tr\/index.php\/wp-json\/wp\/v2\/product_tag?post=726240"}],"curies":[{"name":"wp","href":"https:\/\/api.w.org\/{rel}","templated":true}]}}