{"id":726239,"date":"2025-08-27T20:03:16","date_gmt":"2025-08-27T17:03:16","guid":{"rendered":"https:\/\/roveyayinevi.com.tr\/index.php\/urun\/oteki-5\/"},"modified":"2026-04-16T02:34:03","modified_gmt":"2026-04-15T23:34:03","slug":"oteki-5","status":"publish","type":"product","link":"https:\/\/roveyayinevi.com.tr\/index.php\/urun\/oteki-5\/","title":{"rendered":"\u00d6teki"},"content":{"rendered":"<p>Memur Golyadkin, aniden \u00e7evresinde beliren ve her y\u00f6n\u00fcyle kendisine t\u0131pat\u0131p benzeyen sureti y\u00fcz\u00fcnden t\u00fcm itibar\u0131n\u0131 yitirme tehlikesiyle kar\u015f\u0131 kar\u015f\u0131ya kal\u0131r. Dostoyevski\u2019nin en tart\u0131\u015fmal\u0131 kitaplar\u0131ndan olan \u00d6teki, \u00fcrk\u00fct\u00fcc\u00fc ve tekinsiz atmosferiyle okuru gerilim dolu bir yolculu\u011fa \u00e7\u0131kar\u0131yor.<\/p>\n","protected":false},"excerpt":{"rendered":"<p>Memur Golyadkin, aniden \u00e7evresinde beliren ve her y\u00f6n\u00fcyle kendisine t\u0131pat\u0131p benzeyen sureti y\u00fcz\u00fcnden t\u00fcm itibar\u0131n\u0131 yitirme tehlikesiyle kar\u015f\u0131 kar\u015f\u0131ya kal\u0131r. Dostoyevski\u2019nin en tart\u0131\u015fmal\u0131 kitaplar\u0131ndan olan \u00d6teki,<span class=\"excerpt-hellip\"> [\u2026]<\/span><\/p>\n","protected":false},"featured_media":0,"template":"","meta":{"_monsterinsights_skip_tracking":false,"_monsterinsights_sitenote_active":false,"_monsterinsights_sitenote_note":"","_monsterinsights_sitenote_category":0},"product_brand":[],"product_cat":[12291,13570],"product_tag":[],"class_list":{"0":"post-726239","1":"product","2":"type-product","3":"status-publish","5":"product_cat-edebiyat","6":"product_cat-rus-edebiyati","7":"pa_cilt-ciltsiz","8":"pa_tur-kitap","9":"pa_yayinevi-turkuvaz-kitap","10":"pa_yazar-fyodor-mihaylovic-dostoyevski","12":"first","13":"instock","14":"sale","15":"shipping-taxable","16":"purchasable","17":"product-type-simple"},"_links":{"self":[{"href":"https:\/\/roveyayinevi.com.tr\/index.php\/wp-json\/wp\/v2\/product\/726239","targetHints":{"allow":["GET"]}}],"collection":[{"href":"https:\/\/roveyayinevi.com.tr\/index.php\/wp-json\/wp\/v2\/product"}],"about":[{"href":"https:\/\/roveyayinevi.com.tr\/index.php\/wp-json\/wp\/v2\/types\/product"}],"wp:attachment":[{"href":"https:\/\/roveyayinevi.com.tr\/index.php\/wp-json\/wp\/v2\/media?parent=726239"}],"wp:term":[{"taxonomy":"product_brand","embeddable":true,"href":"https:\/\/roveyayinevi.com.tr\/index.php\/wp-json\/wp\/v2\/product_brand?post=726239"},{"taxonomy":"product_cat","embeddable":true,"href":"https:\/\/roveyayinevi.com.tr\/index.php\/wp-json\/wp\/v2\/product_cat?post=726239"},{"taxonomy":"product_tag","embeddable":true,"href":"https:\/\/roveyayinevi.com.tr\/index.php\/wp-json\/wp\/v2\/product_tag?post=726239"}],"curies":[{"name":"wp","href":"https:\/\/api.w.org\/{rel}","templated":true}]}}