{"id":726235,"date":"2025-08-27T20:03:13","date_gmt":"2025-08-27T17:03:13","guid":{"rendered":"https:\/\/roveyayinevi.com.tr\/index.php\/urun\/nukleer-kis\/"},"modified":"2026-04-16T02:34:03","modified_gmt":"2026-04-15T23:34:03","slug":"nukleer-kis","status":"publish","type":"product","link":"https:\/\/roveyayinevi.com.tr\/index.php\/urun\/nukleer-kis\/","title":{"rendered":"N\u00fckleer K\u0131\u015f"},"content":{"rendered":"<p>Bug\u00fcn devletler do\u011frudan \u00e7at\u0131\u015fmak yerine \u201cvekiller\u201d kullanarak \u00f6rt\u00fcl\u00fc \u015fekilde sava\u015f\u0131yorlar. \u0130ki devlet bir \u00e7at\u0131\u015fma b\u00f6lgesinde \u201cdost\u201d gibi davran\u0131rken bir ba\u015fka \u00e7at\u0131\u015fma b\u00f6lgesinde \u201cd\u00fc\u015fman\u201d gibi davranabiliyor. Dost ile d\u00fc\u015fman\u0131n b\u00f6yle birbirine kar\u0131\u015fmas\u0131na b\u00fcy\u00fck \u00f6l\u00e7\u00fcde n\u00fckleer silahlar\u0131n cayd\u0131r\u0131c\u0131l\u0131\u011f\u0131 yol a\u00e7t\u0131. Ama n\u00fckleer silahlar\u0131n as\u0131l cayd\u0131r\u0131c\u0131l\u0131\u011f\u0131 bilginlerin siyaset\u00e7ileri n\u00fckleer silahlar\u0131n d\u00f6n\u00fcp dola\u015f\u0131p kendi halklar\u0131n\u0131 vuraca\u011f\u0131na ikna etmesinden ileri geliyor. Sagan ve Turco\u2019ya g\u00f6re b\u00fcy\u00fck bir n\u00fckleer sava\u015f sonras\u0131nda, patlamalar ve yang\u0131nlardan \u00e7\u0131kan devasa miktarda duman, is ve kurum g\u00f6ky\u00fcz\u00fcnde uzun s\u00fcre kalarak d\u00fcnyan\u0131n so\u011fumas\u0131na sebep olacak. Tar\u0131msal \u00fcretim \u00e7\u00f6kecek, bombalardan ve radyasyondan kurtulan insanlar a\u00e7l\u0131ktan, susuzluktan ve salg\u0131n hastal\u0131klardan \u00f6lecek. Belki insan t\u00fcr\u00fc yok olmayacak ama modern uygarl\u0131k y\u0131k\u0131lacak. Sava\u015f\u0131n galibi olmayacak. Onlar bu felakete \u201cn\u00fckleer k\u0131\u015f\u201d diyorlar.Carl Sagan, okurlar\u0131n\u0131 bilim-siyaset-askerlik \u00fc\u00e7geninde zihinsel bir \u015f\u00f6lene davet ediyor.<\/p>\n","protected":false},"excerpt":{"rendered":"<p>Bug\u00fcn devletler do\u011frudan \u00e7at\u0131\u015fmak yerine \u201cvekiller\u201d kullanarak \u00f6rt\u00fcl\u00fc \u015fekilde sava\u015f\u0131yorlar. \u0130ki devlet bir \u00e7at\u0131\u015fma b\u00f6lgesinde \u201cdost\u201d gibi davran\u0131rken bir ba\u015fka \u00e7at\u0131\u015fma b\u00f6lgesinde \u201cd\u00fc\u015fman\u201d gibi davranabiliyor. Dost<span class=\"excerpt-hellip\"> [\u2026]<\/span><\/p>\n","protected":false},"featured_media":0,"template":"","meta":{"_monsterinsights_skip_tracking":false,"_monsterinsights_sitenote_active":false,"_monsterinsights_sitenote_note":"","_monsterinsights_sitenote_category":0},"product_brand":[],"product_cat":[13005,13006],"product_tag":[],"class_list":{"0":"post-726235","1":"product","2":"type-product","3":"status-publish","5":"product_cat-bilim-muhendislik","6":"product_cat-populer-bilim","7":"pa_cilt-ciltsiz","8":"pa_tur-kitap","9":"pa_yayinevi-say-yayinlari","10":"pa_yazar-carl-sagan","12":"first","13":"instock","14":"sale","15":"shipping-taxable","16":"purchasable","17":"product-type-simple"},"_links":{"self":[{"href":"https:\/\/roveyayinevi.com.tr\/index.php\/wp-json\/wp\/v2\/product\/726235","targetHints":{"allow":["GET"]}}],"collection":[{"href":"https:\/\/roveyayinevi.com.tr\/index.php\/wp-json\/wp\/v2\/product"}],"about":[{"href":"https:\/\/roveyayinevi.com.tr\/index.php\/wp-json\/wp\/v2\/types\/product"}],"wp:attachment":[{"href":"https:\/\/roveyayinevi.com.tr\/index.php\/wp-json\/wp\/v2\/media?parent=726235"}],"wp:term":[{"taxonomy":"product_brand","embeddable":true,"href":"https:\/\/roveyayinevi.com.tr\/index.php\/wp-json\/wp\/v2\/product_brand?post=726235"},{"taxonomy":"product_cat","embeddable":true,"href":"https:\/\/roveyayinevi.com.tr\/index.php\/wp-json\/wp\/v2\/product_cat?post=726235"},{"taxonomy":"product_tag","embeddable":true,"href":"https:\/\/roveyayinevi.com.tr\/index.php\/wp-json\/wp\/v2\/product_tag?post=726235"}],"curies":[{"name":"wp","href":"https:\/\/api.w.org\/{rel}","templated":true}]}}