{"id":726230,"date":"2025-08-27T20:03:08","date_gmt":"2025-08-27T17:03:08","guid":{"rendered":"https:\/\/roveyayinevi.com.tr\/index.php\/urun\/kuyu-5\/"},"modified":"2026-04-16T02:34:02","modified_gmt":"2026-04-15T23:34:02","slug":"kuyu-5","status":"publish","type":"product","link":"https:\/\/roveyayinevi.com.tr\/index.php\/urun\/kuyu-5\/","title":{"rendered":"Kuyu"},"content":{"rendered":"<p>Adnan \u0130slamo\u011fullar\u0131, Kuyu\u2019da, 12 Eyl\u00fcl\u2019e giden yolun ki\u015fisel bir anlat\u0131s\u0131n\u0131, nahif bir a\u015fk hik\u00e2yesinin g\u00f6lgesinde, kuyular\u0131n i\u00e7inden kendi i\u00e7ine seslenen gen\u00e7 bir \u00fclk\u00fcc\u00fcn\u00fcn, Yusuf Sancaktar\u2019\u0131n \u00fczerinden anlat\u0131yor.\u201c\u00c7anakkale\u2019den Yemen\u2019e, Sakarya\u2019dan Balkanlara kadar \u201cHey on be\u015fli on be\u015fli\u201d t\u00fcrk\u00fcs\u00fcne \u015fehit g\u00fcftesi olarak d\u00fc\u015fen 1315 do\u011fumlular\u0131n \u00fczerinde y\u00fckseldi bu devlet (\u2026) Kabre s\u0131\u011fmayan Erc\u00fcment Yahniciler, on d\u00f6rd\u00fcnde Adem Pekmezciler, Mustafa Da\u015fdangiller, hen\u00fcz on be\u015finde b\u0131y\u0131\u011f\u0131 yeni terlemi\u015f Bal\u0131kesirli Kemal \u00dcrerler, sa\u011f\u0131r ve dilsiz Ahmet Sarpkayalar, Kenanlar, Bekirler, H\u00fcseyinler. Bir iftardan sonra katledilen Ruhi K\u0131l\u0131\u00e7k\u0131ranlar, ci\u011ferlerine hava bas\u0131larak \u015fehit edilen Dursun \u00d6nkuzular. Babalar\u0131n\u0131n g\u00f6zleri \u00f6n\u00fcnde katledilen Serdar, Levent ve U\u011fur Erkenezler\u2026Onlar\u0131n \u00fczerinde y\u00fckseldi bu devlet.Recep Ha\u015fatl\u0131lar, G\u00fcn Sazaklar, cuma namaz\u0131 \u00e7\u0131k\u0131\u015f\u0131nda b\u0131\u00e7aklanarak katledilen Alper Tunga Uytunlar&#8230; Vuruldu\u011fundan bir g\u00fcn sonra topra\u011fa d\u00fc\u015fen, evinin tek o\u011flu Bekir \u00c7ifterler, ailesinin tek \u00e7ocu\u011fu Bleda Aybars Tekinler, Hikmet Sa\u011flamlar, Dursun \u0130nceler, Refik Aslanlar ve Ahmet \u00c7elikler (\u2026) \u0130\u015fte bunlar\u0131n ve daha nicelerinin \u00fczerinde y\u00fckseldi devlet ve biz buna fenafiddevle diyoruz Yusuf Sancaktar\u2026 Fenafiddevle bir karakterdir, bir seciyedir, bir ahlakt\u0131r, leke kabul etmez ve g\u00f6kten inmez bir bayrakt\u0131r, ba\u011f\u0131ms\u0131zl\u0131kt\u0131r\u2026 Hi\u00e7 tasa etme Yusuf, bizim millet zaten kahraman\u0131n ya\u015fayan\u0131n\u0131 de\u011fil, \u00f6lenini y\u00fcre\u011finde ya\u015fat\u0131r ve hak etti\u011fi de\u011feri \u00f6l\u00fcnce verir.\u201d<\/p>\n","protected":false},"excerpt":{"rendered":"<p>Adnan \u0130slamo\u011fullar\u0131, Kuyu\u2019da, 12 Eyl\u00fcl\u2019e giden yolun ki\u015fisel bir anlat\u0131s\u0131n\u0131, nahif bir a\u015fk hik\u00e2yesinin g\u00f6lgesinde, kuyular\u0131n i\u00e7inden kendi i\u00e7ine seslenen gen\u00e7 bir \u00fclk\u00fcc\u00fcn\u00fcn, Yusuf Sancaktar\u2019\u0131n \u00fczerinden<span class=\"excerpt-hellip\"> [\u2026]<\/span><\/p>\n","protected":false},"featured_media":0,"template":"","meta":{"_monsterinsights_skip_tracking":false,"_monsterinsights_sitenote_active":false,"_monsterinsights_sitenote_note":"","_monsterinsights_sitenote_category":0},"product_brand":[],"product_cat":[12291,12711],"product_tag":[],"class_list":{"0":"post-726230","1":"product","2":"type-product","3":"status-publish","5":"product_cat-edebiyat","6":"product_cat-roman-oyku","7":"pa_cilt-ciltsiz","8":"pa_tur-kitap","9":"pa_yayinevi-otuken-nesriyat","10":"pa_yazar-andan-islamogullari","12":"first","13":"instock","14":"sale","15":"shipping-taxable","16":"purchasable","17":"product-type-simple"},"_links":{"self":[{"href":"https:\/\/roveyayinevi.com.tr\/index.php\/wp-json\/wp\/v2\/product\/726230","targetHints":{"allow":["GET"]}}],"collection":[{"href":"https:\/\/roveyayinevi.com.tr\/index.php\/wp-json\/wp\/v2\/product"}],"about":[{"href":"https:\/\/roveyayinevi.com.tr\/index.php\/wp-json\/wp\/v2\/types\/product"}],"wp:attachment":[{"href":"https:\/\/roveyayinevi.com.tr\/index.php\/wp-json\/wp\/v2\/media?parent=726230"}],"wp:term":[{"taxonomy":"product_brand","embeddable":true,"href":"https:\/\/roveyayinevi.com.tr\/index.php\/wp-json\/wp\/v2\/product_brand?post=726230"},{"taxonomy":"product_cat","embeddable":true,"href":"https:\/\/roveyayinevi.com.tr\/index.php\/wp-json\/wp\/v2\/product_cat?post=726230"},{"taxonomy":"product_tag","embeddable":true,"href":"https:\/\/roveyayinevi.com.tr\/index.php\/wp-json\/wp\/v2\/product_tag?post=726230"}],"curies":[{"name":"wp","href":"https:\/\/api.w.org\/{rel}","templated":true}]}}