{"id":726229,"date":"2025-08-27T20:03:00","date_gmt":"2025-08-27T17:03:00","guid":{"rendered":"https:\/\/roveyayinevi.com.tr\/index.php\/urun\/kitapcan-kanat-cirpiyor\/"},"modified":"2026-04-16T02:34:02","modified_gmt":"2026-04-15T23:34:02","slug":"kitapcan-kanat-cirpiyor","status":"publish","type":"product","link":"https:\/\/roveyayinevi.com.tr\/index.php\/urun\/kitapcan-kanat-cirpiyor\/","title":{"rendered":"Kitapcan Kanat \u00c7\u0131rp\u0131yor"},"content":{"rendered":"<p>\u201cBir yerlerde, bir \u00e7ocuk kitap okumak istemiyor demek ki!\u201d Kitapcan\u2019\u0131n dinlendi\u011fi ormandan ayr\u0131lma vakti gelmi\u015fti. Kanatlar\u0131n\u0131 \u00e7\u0131rpt\u0131. Ama o da ne? Kanatlar\u0131 birbirine yap\u0131\u015fm\u0131\u015f az\u0131c\u0131k bile aralanm\u0131yordu. Ne yapt\u0131ysa olmad\u0131, kanatlar\u0131 k\u0131p\u0131rdamad\u0131. Gitgide umutsuzlu\u011fa kap\u0131l\u0131yordu. Morali yerine gelsin diye birazc\u0131k \u015fark\u0131 s\u00f6yleyip dans etmeye ba\u015flam\u0131\u015ft\u0131 ki kendini beklenmedik bir yerde, yeni dostlar aras\u0131nda buldu. <\/p>\n","protected":false},"excerpt":{"rendered":"<p>\u201cBir yerlerde, bir \u00e7ocuk kitap okumak istemiyor demek ki!\u201d Kitapcan\u2019\u0131n dinlendi\u011fi ormandan ayr\u0131lma vakti gelmi\u015fti. Kanatlar\u0131n\u0131 \u00e7\u0131rpt\u0131. Ama o da ne? Kanatlar\u0131 birbirine yap\u0131\u015fm\u0131\u015f az\u0131c\u0131k bile<span class=\"excerpt-hellip\"> [\u2026]<\/span><\/p>\n","protected":false},"featured_media":0,"template":"","meta":{"_monsterinsights_skip_tracking":false,"_monsterinsights_sitenote_active":false,"_monsterinsights_sitenote_note":"","_monsterinsights_sitenote_category":0},"product_brand":[],"product_cat":[12275,12274],"product_tag":[],"class_list":{"0":"post-726229","1":"product","2":"type-product","3":"status-publish","5":"product_cat-6-12-yas-kitaplari","6":"product_cat-cocuk-ve-genclik-kitaplari","7":"pa_cilt-ciltsiz","8":"pa_tur-kitap","9":"pa_yayinevi-yapi-kredi-yayinlari","10":"pa_yazar-filiz-ozdem","12":"first","13":"instock","14":"sale","15":"shipping-taxable","16":"purchasable","17":"product-type-simple"},"_links":{"self":[{"href":"https:\/\/roveyayinevi.com.tr\/index.php\/wp-json\/wp\/v2\/product\/726229","targetHints":{"allow":["GET"]}}],"collection":[{"href":"https:\/\/roveyayinevi.com.tr\/index.php\/wp-json\/wp\/v2\/product"}],"about":[{"href":"https:\/\/roveyayinevi.com.tr\/index.php\/wp-json\/wp\/v2\/types\/product"}],"wp:attachment":[{"href":"https:\/\/roveyayinevi.com.tr\/index.php\/wp-json\/wp\/v2\/media?parent=726229"}],"wp:term":[{"taxonomy":"product_brand","embeddable":true,"href":"https:\/\/roveyayinevi.com.tr\/index.php\/wp-json\/wp\/v2\/product_brand?post=726229"},{"taxonomy":"product_cat","embeddable":true,"href":"https:\/\/roveyayinevi.com.tr\/index.php\/wp-json\/wp\/v2\/product_cat?post=726229"},{"taxonomy":"product_tag","embeddable":true,"href":"https:\/\/roveyayinevi.com.tr\/index.php\/wp-json\/wp\/v2\/product_tag?post=726229"}],"curies":[{"name":"wp","href":"https:\/\/api.w.org\/{rel}","templated":true}]}}