{"id":726227,"date":"2025-08-27T20:02:58","date_gmt":"2025-08-27T17:02:58","guid":{"rendered":"https:\/\/roveyayinevi.com.tr\/index.php\/urun\/kaligrafik-ve-tipografik-elkitabi\/"},"modified":"2026-03-12T02:43:43","modified_gmt":"2026-03-11T23:43:43","slug":"kaligrafik-ve-tipografik-elkitabi","status":"publish","type":"product","link":"https:\/\/roveyayinevi.com.tr\/index.php\/urun\/kaligrafik-ve-tipografik-elkitabi\/","title":{"rendered":"Kaligrafik Ve Tipografik Elkitab\u0131"},"content":{"rendered":"<p>\u00c7E\u015e\u0130TL\u0130 \u015eIK, ZAR\u0130F VE MODERN EL YAZIMI ALFABELERDE USTALA\u015eMAK \u0130\u00c7\u0130N 50\u2019DEN FAZLA \u0130PUCU VE TEKN\u0130KLEKaligrafinin temellerini anlamay\u0131 kolayla\u015ft\u0131ran Kaligrafi ve Tipografi Elkitab\u0131, do\u011fru malzeme ve ara\u00e7 se\u00e7iminden ba\u015flayarak i\u015fe yeni ba\u015flayan sanat\u00e7\u0131lar\u0131 keyifli bir \u00f6\u011frenme yolculu\u011funa \u00e7\u0131kar\u0131yor. Birbirinden farkl\u0131 teknikleri, al\u0131\u015ft\u0131rmalar\u0131 ve \u00e7ok \u00e7e\u015fitli harf tasar\u0131m stilleri i\u00e7eren bu kitap, yaz\u0131 becerilerinin geli\u015fmesinde yard\u0131mc\u0131 bir kaynak g\u00f6revi g\u00f6r\u00fcyor.Benzersiz ve ki\u015fiselle\u015ftirilmi\u015f el yaz\u0131m\u0131 alfabeler yaratmada bir dizi modern metot i\u00e7erirken geleneksel kaligrafinin temellerini de \u00f6\u011fretiyor. \u0130nteraktif \u00e7al\u0131\u015fmalarla ve al\u0131\u015ft\u0131rma sayfalar\u0131yla zenginle\u015ftirilmi\u015f bu kaynak sayesinde yaz\u0131 yazma sanat\u0131 hi\u00e7 bu kadar kolay uygulanabilir ve yarat\u0131c\u0131 olmam\u0131\u015ft\u0131!<\/p>\n","protected":false},"excerpt":{"rendered":"<p>\u00c7E\u015e\u0130TL\u0130 \u015eIK, ZAR\u0130F VE MODERN EL YAZIMI ALFABELERDE USTALA\u015eMAK \u0130\u00c7\u0130N 50\u2019DEN FAZLA \u0130PUCU VE TEKN\u0130KLEKaligrafinin temellerini anlamay\u0131 kolayla\u015ft\u0131ran Kaligrafi ve Tipografi Elkitab\u0131, do\u011fru malzeme ve ara\u00e7<span class=\"excerpt-hellip\"> [\u2026]<\/span><\/p>\n","protected":false},"featured_media":0,"template":"","meta":{"_monsterinsights_skip_tracking":false,"_monsterinsights_sitenote_active":false,"_monsterinsights_sitenote_note":"","_monsterinsights_sitenote_category":0},"product_brand":[],"product_cat":[32165,15563],"product_tag":[],"class_list":{"0":"post-726227","1":"product","2":"type-product","3":"status-publish","5":"product_cat-el-sanatlari","6":"product_cat-hobi","7":"pa_cilt-ciltsiz","8":"pa_tur-kitap","9":"pa_yayinevi-hayalperest-yayinlari","10":"pa_yazar-cari-ferraro-john-stevens","12":"first","13":"instock","14":"sale","15":"shipping-taxable","16":"purchasable","17":"product-type-simple"},"_links":{"self":[{"href":"https:\/\/roveyayinevi.com.tr\/index.php\/wp-json\/wp\/v2\/product\/726227","targetHints":{"allow":["GET"]}}],"collection":[{"href":"https:\/\/roveyayinevi.com.tr\/index.php\/wp-json\/wp\/v2\/product"}],"about":[{"href":"https:\/\/roveyayinevi.com.tr\/index.php\/wp-json\/wp\/v2\/types\/product"}],"wp:attachment":[{"href":"https:\/\/roveyayinevi.com.tr\/index.php\/wp-json\/wp\/v2\/media?parent=726227"}],"wp:term":[{"taxonomy":"product_brand","embeddable":true,"href":"https:\/\/roveyayinevi.com.tr\/index.php\/wp-json\/wp\/v2\/product_brand?post=726227"},{"taxonomy":"product_cat","embeddable":true,"href":"https:\/\/roveyayinevi.com.tr\/index.php\/wp-json\/wp\/v2\/product_cat?post=726227"},{"taxonomy":"product_tag","embeddable":true,"href":"https:\/\/roveyayinevi.com.tr\/index.php\/wp-json\/wp\/v2\/product_tag?post=726227"}],"curies":[{"name":"wp","href":"https:\/\/api.w.org\/{rel}","templated":true}]}}