{"id":726226,"date":"2025-08-27T20:02:58","date_gmt":"2025-08-27T17:02:58","guid":{"rendered":"https:\/\/roveyayinevi.com.tr\/index.php\/urun\/cogito-99-spinoza-taze-bir-nefes\/"},"modified":"2026-04-16T02:34:02","modified_gmt":"2026-04-15T23:34:02","slug":"cogito-99-spinoza-taze-bir-nefes","status":"publish","type":"product","link":"https:\/\/roveyayinevi.com.tr\/index.php\/urun\/cogito-99-spinoza-taze-bir-nefes\/","title":{"rendered":"Cogito 99 &#8211; Spinoza: Taze Bir Nefes"},"content":{"rendered":"<p>Spinoza d\u00fc\u015f\u00fcncesinin olumlay\u0131c\u0131 g\u00fcc\u00fcne ve metinlerinde a\u00e7\u0131k\u00e7a ortaya koydu\u011fu d\u00fc\u015f\u00fcnce hatlar\u0131na odaklanan bu \u00f6zel dosya Spinoza d\u00fc\u015f\u00fcncesinin etik, metafizik ve politik katmanlar\u0131na dair g\u00fcncel tart\u0131\u015fmalar a\u00e7may\u0131 hedefleyen telif yaz\u0131lar ve \u00e7eviri metinlerden olu\u015fuyor. Dosya edit\u00f6rleri Gaye \u00c7ankaya Eksen ve Alber Nahum&#8217;un titizlikle \u00fczerine \u00e7al\u0131\u015ft\u0131\u011f\u0131&#8221;Spinoza: Taze Bir Nefes&#8230;&#8221;say\u0131s\u0131 T\u00fcrkiye\u2019de son y\u0131llarda gitgide artan bir ilgiyle okunan Spinoza&#8217;ya dair temel T\u00fcrk\u00e7e kaynaklardan biri niteli\u011finde. <\/p>\n","protected":false},"excerpt":{"rendered":"<p>Spinoza d\u00fc\u015f\u00fcncesinin olumlay\u0131c\u0131 g\u00fcc\u00fcne ve metinlerinde a\u00e7\u0131k\u00e7a ortaya koydu\u011fu d\u00fc\u015f\u00fcnce hatlar\u0131na odaklanan bu \u00f6zel dosya Spinoza d\u00fc\u015f\u00fcncesinin etik, metafizik ve politik katmanlar\u0131na dair g\u00fcncel tart\u0131\u015fmalar a\u00e7may\u0131<span class=\"excerpt-hellip\"> [\u2026]<\/span><\/p>\n","protected":false},"featured_media":0,"template":"","meta":{"_monsterinsights_skip_tracking":false,"_monsterinsights_sitenote_active":false,"_monsterinsights_sitenote_note":"","_monsterinsights_sitenote_category":0},"product_brand":[],"product_cat":[19460,13527],"product_tag":[],"class_list":{"0":"post-726226","1":"product","2":"type-product","3":"status-publish","5":"product_cat-felsefe-sureli-yayinlar","6":"product_cat-sureli-yayinlar","7":"pa_cilt-ciltsiz","8":"pa_tur-dergi","9":"pa_yayinevi-yapi-kredi-yayinlari-dergi","10":"pa_yazar-yapi-kredi-kolektif","12":"first","13":"instock","14":"sale","15":"shipping-taxable","16":"purchasable","17":"product-type-simple"},"_links":{"self":[{"href":"https:\/\/roveyayinevi.com.tr\/index.php\/wp-json\/wp\/v2\/product\/726226","targetHints":{"allow":["GET"]}}],"collection":[{"href":"https:\/\/roveyayinevi.com.tr\/index.php\/wp-json\/wp\/v2\/product"}],"about":[{"href":"https:\/\/roveyayinevi.com.tr\/index.php\/wp-json\/wp\/v2\/types\/product"}],"wp:attachment":[{"href":"https:\/\/roveyayinevi.com.tr\/index.php\/wp-json\/wp\/v2\/media?parent=726226"}],"wp:term":[{"taxonomy":"product_brand","embeddable":true,"href":"https:\/\/roveyayinevi.com.tr\/index.php\/wp-json\/wp\/v2\/product_brand?post=726226"},{"taxonomy":"product_cat","embeddable":true,"href":"https:\/\/roveyayinevi.com.tr\/index.php\/wp-json\/wp\/v2\/product_cat?post=726226"},{"taxonomy":"product_tag","embeddable":true,"href":"https:\/\/roveyayinevi.com.tr\/index.php\/wp-json\/wp\/v2\/product_tag?post=726226"}],"curies":[{"name":"wp","href":"https:\/\/api.w.org\/{rel}","templated":true}]}}