{"id":726225,"date":"2025-08-27T20:02:57","date_gmt":"2025-08-27T17:02:57","guid":{"rendered":"https:\/\/roveyayinevi.com.tr\/index.php\/urun\/manga-cizimi-elkitabi\/"},"modified":"2025-11-21T06:17:09","modified_gmt":"2025-11-21T03:17:09","slug":"manga-cizimi-elkitabi","status":"publish","type":"product","link":"https:\/\/roveyayinevi.com.tr\/index.php\/urun\/manga-cizimi-elkitabi\/","title":{"rendered":"Manga \u00c7izimi Elkitab\u0131"},"content":{"rendered":"<p>MANGA VE AN\u0130ME SANATINI \u00d6\u011eRENMEK \u0130\u00c7\u0130N 50\u2019DEN FAZLA \u0130PUCU VE TEKN\u0130KManga \u00c7izimi Elkitab\u0131, i\u015fe yeni ba\u015flayan sanat\u00e7\u0131lar\u0131 manga ve anime \u00e7iziminin temelleri ile tan\u0131\u015ft\u0131r\u0131yor. Do\u011fru ara\u00e7 ve malzeme se\u00e7iminden farkl\u0131 \u00e7izim teknikleri ve ipu\u00e7lar\u0131na kadar manga \u00e7iziminin t\u00fcm y\u00f6nlerini ele alan bu kitap ile karakter tasar\u0131m\u0131n\u0131n, v\u00fccut tiplerinin, y\u00fcz hatlar\u0131n\u0131n m\u00fcrekkepleme tekniklerinin temellerini ve p\u00fcf noktalar\u0131n\u0131 \u00f6\u011frenebilirsiniz.Bununla birlikte al\u0131\u015ft\u0131rma sayfalar\u0131yla \u00f6\u011frendiklerinizi peki\u015ftirebilirsiniz. Bolca interaktif al\u0131\u015ft\u0131rma ve renklendirilmi\u015f \u00f6rnek e\u015fli\u011finde manga \u00e7iziminin temellerini \u00f6\u011frenmek olduk\u00e7a kolay ve e\u011flenceli!<\/p>\n","protected":false},"excerpt":{"rendered":"<p>MANGA VE AN\u0130ME SANATINI \u00d6\u011eRENMEK \u0130\u00c7\u0130N 50\u2019DEN FAZLA \u0130PUCU VE TEKN\u0130KManga \u00c7izimi Elkitab\u0131, i\u015fe yeni ba\u015flayan sanat\u00e7\u0131lar\u0131 manga ve anime \u00e7iziminin temelleri ile tan\u0131\u015ft\u0131r\u0131yor. Do\u011fru ara\u00e7<span class=\"excerpt-hellip\"> [\u2026]<\/span><\/p>\n","protected":false},"featured_media":0,"template":"","meta":{"_monsterinsights_skip_tracking":false,"_monsterinsights_sitenote_active":false,"_monsterinsights_sitenote_note":"","_monsterinsights_sitenote_category":0},"product_brand":[],"product_cat":[32165,15563],"product_tag":[],"class_list":{"0":"post-726225","1":"product","2":"type-product","3":"status-publish","5":"product_cat-el-sanatlari","6":"product_cat-hobi","7":"pa_cilt-ciltsiz","8":"pa_tur-kitap","9":"pa_yayinevi-hayalperest-yayinlari","10":"pa_yazar-jeannie-lee-samantha-whitten","12":"first","13":"instock","14":"sale","15":"shipping-taxable","16":"purchasable","17":"product-type-simple"},"_links":{"self":[{"href":"https:\/\/roveyayinevi.com.tr\/index.php\/wp-json\/wp\/v2\/product\/726225","targetHints":{"allow":["GET"]}}],"collection":[{"href":"https:\/\/roveyayinevi.com.tr\/index.php\/wp-json\/wp\/v2\/product"}],"about":[{"href":"https:\/\/roveyayinevi.com.tr\/index.php\/wp-json\/wp\/v2\/types\/product"}],"wp:attachment":[{"href":"https:\/\/roveyayinevi.com.tr\/index.php\/wp-json\/wp\/v2\/media?parent=726225"}],"wp:term":[{"taxonomy":"product_brand","embeddable":true,"href":"https:\/\/roveyayinevi.com.tr\/index.php\/wp-json\/wp\/v2\/product_brand?post=726225"},{"taxonomy":"product_cat","embeddable":true,"href":"https:\/\/roveyayinevi.com.tr\/index.php\/wp-json\/wp\/v2\/product_cat?post=726225"},{"taxonomy":"product_tag","embeddable":true,"href":"https:\/\/roveyayinevi.com.tr\/index.php\/wp-json\/wp\/v2\/product_tag?post=726225"}],"curies":[{"name":"wp","href":"https:\/\/api.w.org\/{rel}","templated":true}]}}