{"id":726224,"date":"2025-08-27T20:02:57","date_gmt":"2025-08-27T17:02:57","guid":{"rendered":"https:\/\/roveyayinevi.com.tr\/index.php\/urun\/cizgi-film-ve-illustrasyon-elkitabi\/"},"modified":"2026-03-12T02:43:43","modified_gmt":"2026-03-11T23:43:43","slug":"cizgi-film-ve-illustrasyon-elkitabi","status":"publish","type":"product","link":"https:\/\/roveyayinevi.com.tr\/index.php\/urun\/cizgi-film-ve-illustrasyon-elkitabi\/","title":{"rendered":"\u00c7izgi Film Ve \u0130ll\u00fcstrasyon Elkitab\u0131"},"content":{"rendered":"<p>\u00c7\u0130ZG\u0130 F\u0130LM KARAKTER\u0130, KAR\u0130KAT\u00dcR VE HAYVAN \u00c7\u0130Z\u0130M\u0130 \u0130\u00c7\u0130N 50\u2019DEN FAZLA TEKN\u0130K VE \u0130PUCU\u00c7izgi Film ve \u0130ll\u00fcstrasyon Elkitab\u0131,  \u00e7izime yeni ba\u015flayan \u00e7izer ve ill\u00fcstrat\u00f6rleri geleneksel \u00e7izgi film ve animasyon d\u00fcnyas\u0131nda e\u011flenceli bir yolculu\u011fa \u00e7\u0131kar\u0131yor. Karikat\u00fcrist bir yakla\u015f\u0131m izleyerek sizleri, espri ve \u015faka yaz\u0131m\u0131n temelleriyle tan\u0131\u015ft\u0131r\u0131yor.Bu kitab\u0131n i\u00e7indeki pek \u00e7ok ipucu ve bilgi sayesinde y\u00fcz bi\u00e7imleri ve ifadeleriyle oynayarak orijinal karakterler yaratmay\u0131 \u00f6\u011frenecek, v\u00fccut \u015fekilleri ve hareketlerinin \u00e7iziminde uzmanla\u015fma \u015fans\u0131 elde edeceksiniz. Ayn\u0131 zamanda kendi \u00e7izim tarz\u0131n\u0131z\u0131 olu\u015ftururken ihtiyac\u0131n\u0131z olan materyal ve tekniklere kolayca ula\u015fabileceksiniz. Yarat\u0131c\u0131l\u0131\u011f\u0131 tetikleyen al\u0131\u015ft\u0131rmalar ve ad\u0131m ad\u0131m y\u00f6nergeler i\u00e7eren bu kitapla, temel \u00e7izgi film ve ill\u00fcstrasyon \u00e7izimi hi\u00e7 bu kadar ilham verici ve e\u011flenceli olmam\u0131\u015ft\u0131r!<\/p>\n","protected":false},"excerpt":{"rendered":"<p>\u00c7\u0130ZG\u0130 F\u0130LM KARAKTER\u0130, KAR\u0130KAT\u00dcR VE HAYVAN \u00c7\u0130Z\u0130M\u0130 \u0130\u00c7\u0130N 50\u2019DEN FAZLA TEKN\u0130K VE \u0130PUCU\u00c7izgi Film ve \u0130ll\u00fcstrasyon Elkitab\u0131, \u00e7izime yeni ba\u015flayan \u00e7izer ve ill\u00fcstrat\u00f6rleri geleneksel \u00e7izgi film<span class=\"excerpt-hellip\"> [\u2026]<\/span><\/p>\n","protected":false},"featured_media":0,"template":"","meta":{"_monsterinsights_skip_tracking":false,"_monsterinsights_sitenote_active":false,"_monsterinsights_sitenote_note":"","_monsterinsights_sitenote_category":0},"product_brand":[],"product_cat":[32165,15563],"product_tag":[],"class_list":{"0":"post-726224","1":"product","2":"type-product","3":"status-publish","5":"product_cat-el-sanatlari","6":"product_cat-hobi","7":"pa_cilt-ciltsiz","8":"pa_tur-kitap","9":"pa_yayinevi-hayalperest-yayinlari","10":"pa_yazar-hayalperest-kolektif","12":"first","13":"instock","14":"sale","15":"shipping-taxable","16":"purchasable","17":"product-type-simple"},"_links":{"self":[{"href":"https:\/\/roveyayinevi.com.tr\/index.php\/wp-json\/wp\/v2\/product\/726224","targetHints":{"allow":["GET"]}}],"collection":[{"href":"https:\/\/roveyayinevi.com.tr\/index.php\/wp-json\/wp\/v2\/product"}],"about":[{"href":"https:\/\/roveyayinevi.com.tr\/index.php\/wp-json\/wp\/v2\/types\/product"}],"wp:attachment":[{"href":"https:\/\/roveyayinevi.com.tr\/index.php\/wp-json\/wp\/v2\/media?parent=726224"}],"wp:term":[{"taxonomy":"product_brand","embeddable":true,"href":"https:\/\/roveyayinevi.com.tr\/index.php\/wp-json\/wp\/v2\/product_brand?post=726224"},{"taxonomy":"product_cat","embeddable":true,"href":"https:\/\/roveyayinevi.com.tr\/index.php\/wp-json\/wp\/v2\/product_cat?post=726224"},{"taxonomy":"product_tag","embeddable":true,"href":"https:\/\/roveyayinevi.com.tr\/index.php\/wp-json\/wp\/v2\/product_tag?post=726224"}],"curies":[{"name":"wp","href":"https:\/\/api.w.org\/{rel}","templated":true}]}}