{"id":726223,"date":"2025-08-27T20:02:56","date_gmt":"2025-08-27T17:02:56","guid":{"rendered":"https:\/\/roveyayinevi.com.tr\/index.php\/urun\/kirik-asklar-limani\/"},"modified":"2026-04-16T02:34:02","modified_gmt":"2026-04-15T23:34:02","slug":"kirik-asklar-limani","status":"publish","type":"product","link":"https:\/\/roveyayinevi.com.tr\/index.php\/urun\/kirik-asklar-limani\/","title":{"rendered":"K\u0131r\u0131k A\u015fklar Liman\u0131"},"content":{"rendered":"<p>Bu beklenmedik bir zamanda i\u00e7ime d\u00fc\u015fen bir sevgiydi\u2026 A\u015fklar\u0131n k\u0131r\u0131lgan oldu\u011funu \u00f6\u011fretmi\u015fti hayat bana. Bu y\u00fczden, k\u0131r\u0131k a\u015fklar\u0131n liman\u0131 olmak yerine, durgun sularda sakin bir ADA olmay\u0131 tercih etmi\u015ftim.   Hayallerindeki \u00fcniversiteyi kazanan Ada\u2019n\u0131n \u00f6n\u00fcnde ihtimallerle dolu yepyeni bir hayat vard\u0131r. Yeni arkada\u015flar edinecek, \u00e2\u015f\u0131k olacak, harika bir kariyer yapacak ve ad\u0131mlar\u0131n\u0131 umutla atacakt\u0131r. Ancak hayat her zaman d\u00fc\u015flerdeki gibi ilerlemez. Gen\u00e7 k\u0131z\u0131n hayat \u00e7izgisi bir anda de\u011fi\u015fir; kahkaha ve sevgiye, ac\u0131 ve h\u00fcz\u00fcn de e\u015flik eder. Hayat\u0131n\u0131n merkezine kariyerini yerle\u015ftiren Ada, g\u00fc\u00e7l\u00fc ve ba\u011f\u0131ms\u0131z bir kad\u0131n olmak i\u00e7in durmadan \u00e7al\u0131\u015f\u0131r. Art\u0131k hayat\u0131n kar\u015f\u0131s\u0131na \u00e7\u0131karaca\u011f\u0131 <\/p>\n","protected":false},"excerpt":{"rendered":"<p>Bu beklenmedik bir zamanda i\u00e7ime d\u00fc\u015fen bir sevgiydi\u2026 A\u015fklar\u0131n k\u0131r\u0131lgan oldu\u011funu \u00f6\u011fretmi\u015fti hayat bana. Bu y\u00fczden, k\u0131r\u0131k a\u015fklar\u0131n liman\u0131 olmak yerine, durgun sularda sakin bir ADA<span class=\"excerpt-hellip\"> [\u2026]<\/span><\/p>\n","protected":false},"featured_media":0,"template":"","meta":{"_monsterinsights_skip_tracking":false,"_monsterinsights_sitenote_active":false,"_monsterinsights_sitenote_note":"","_monsterinsights_sitenote_category":0},"product_brand":[],"product_cat":[12291,12711],"product_tag":[],"class_list":{"0":"post-726223","1":"product","2":"type-product","3":"status-publish","5":"product_cat-edebiyat","6":"product_cat-roman-oyku","7":"pa_cilt-ciltsiz","8":"pa_tur-kitap","9":"pa_yayinevi-nemesis-kitap","10":"pa_yazar-ahu-eser-eset","12":"first","13":"instock","14":"sale","15":"shipping-taxable","16":"purchasable","17":"product-type-simple"},"_links":{"self":[{"href":"https:\/\/roveyayinevi.com.tr\/index.php\/wp-json\/wp\/v2\/product\/726223","targetHints":{"allow":["GET"]}}],"collection":[{"href":"https:\/\/roveyayinevi.com.tr\/index.php\/wp-json\/wp\/v2\/product"}],"about":[{"href":"https:\/\/roveyayinevi.com.tr\/index.php\/wp-json\/wp\/v2\/types\/product"}],"wp:attachment":[{"href":"https:\/\/roveyayinevi.com.tr\/index.php\/wp-json\/wp\/v2\/media?parent=726223"}],"wp:term":[{"taxonomy":"product_brand","embeddable":true,"href":"https:\/\/roveyayinevi.com.tr\/index.php\/wp-json\/wp\/v2\/product_brand?post=726223"},{"taxonomy":"product_cat","embeddable":true,"href":"https:\/\/roveyayinevi.com.tr\/index.php\/wp-json\/wp\/v2\/product_cat?post=726223"},{"taxonomy":"product_tag","embeddable":true,"href":"https:\/\/roveyayinevi.com.tr\/index.php\/wp-json\/wp\/v2\/product_tag?post=726223"}],"curies":[{"name":"wp","href":"https:\/\/api.w.org\/{rel}","templated":true}]}}