{"id":726222,"date":"2025-08-27T20:02:55","date_gmt":"2025-08-27T17:02:55","guid":{"rendered":"https:\/\/roveyayinevi.com.tr\/index.php\/urun\/adem-ile-havva-hangi-dili-konusuyordu\/"},"modified":"2026-04-16T02:34:02","modified_gmt":"2026-04-15T23:34:02","slug":"adem-ile-havva-hangi-dili-konusuyordu","status":"publish","type":"product","link":"https:\/\/roveyayinevi.com.tr\/index.php\/urun\/adem-ile-havva-hangi-dili-konusuyordu\/","title":{"rendered":"Adem \u0130le Havva Hangi Dili Konu\u015fuyordu ?"},"content":{"rendered":"<p>Yaz\u0131 nas\u0131l ortaya \u00e7\u0131kt\u0131?B\u00fct\u00fcn diller ayn\u0131 k\u00f6kenden mi geliyor?Hayvanlar ger\u00e7ekten ne dedi\u011fimizi anl\u0131yor mu?\u00c7ince \u00f6\u011frenmek i\u00e7in mazo\u015fist olmak m\u0131 gerekir?Su\u00e7lar\u0131 ayd\u0131nlatmada dil kullan\u0131labilir mi?Diller neden \u00f6l\u00fcr?Hayat\u0131m\u0131z\u0131n her an\u0131nda dili kullan\u0131yor, birbirinden farkl\u0131 binlerce c\u00fcmle kuruyor hatta ba\u015fka diller \u00f6\u011frenmeye \u00e7al\u0131\u015f\u0131yoruz. Dil arac\u0131l\u0131\u011f\u0131yla di\u011fer insanlar\u0131n neyi, neden d\u00fc\u015f\u00fcnd\u00fc\u011f\u00fcn\u00fc anl\u0131yor, kendimizi ifade ederek\u201cortak bir d\u00fcnya\u201d kuruyoruz.Peki dil hakk\u0131nda daha fazlas\u0131n\u0131 \u00f6\u011frenmek ister misiniz?Uzman dilbilimciler taraf\u0131ndan e\u011flenceli bir dille kaleme al\u0131nan \u00c2dem ile Havva Hangi Dili Konu\u015fuyordu? bir dil savunucusu olmak i\u00e7in iyi bir ba\u015flang\u0131\u00e7.<\/p>\n","protected":false},"excerpt":{"rendered":"<p>Yaz\u0131 nas\u0131l ortaya \u00e7\u0131kt\u0131?B\u00fct\u00fcn diller ayn\u0131 k\u00f6kenden mi geliyor?Hayvanlar ger\u00e7ekten ne dedi\u011fimizi anl\u0131yor mu?\u00c7ince \u00f6\u011frenmek i\u00e7in mazo\u015fist olmak m\u0131 gerekir?Su\u00e7lar\u0131 ayd\u0131nlatmada dil kullan\u0131labilir mi?Diller neden \u00f6l\u00fcr?Hayat\u0131m\u0131z\u0131n<span class=\"excerpt-hellip\"> [\u2026]<\/span><\/p>\n","protected":false},"featured_media":0,"template":"","meta":{"_monsterinsights_skip_tracking":false,"_monsterinsights_sitenote_active":false,"_monsterinsights_sitenote_note":"","_monsterinsights_sitenote_category":0},"product_brand":[],"product_cat":[20225,12291],"product_tag":[],"class_list":{"0":"post-726222","1":"product","2":"type-product","3":"status-publish","5":"product_cat-dil-bilim","6":"product_cat-edebiyat","7":"pa_cilt-ciltsiz","8":"pa_tur-kitap","9":"pa_yayinevi-nora-kitap","10":"pa_yazar-e-m-rickerson-barry-hilton","12":"first","13":"instock","14":"sale","15":"shipping-taxable","16":"purchasable","17":"product-type-simple"},"_links":{"self":[{"href":"https:\/\/roveyayinevi.com.tr\/index.php\/wp-json\/wp\/v2\/product\/726222","targetHints":{"allow":["GET"]}}],"collection":[{"href":"https:\/\/roveyayinevi.com.tr\/index.php\/wp-json\/wp\/v2\/product"}],"about":[{"href":"https:\/\/roveyayinevi.com.tr\/index.php\/wp-json\/wp\/v2\/types\/product"}],"wp:attachment":[{"href":"https:\/\/roveyayinevi.com.tr\/index.php\/wp-json\/wp\/v2\/media?parent=726222"}],"wp:term":[{"taxonomy":"product_brand","embeddable":true,"href":"https:\/\/roveyayinevi.com.tr\/index.php\/wp-json\/wp\/v2\/product_brand?post=726222"},{"taxonomy":"product_cat","embeddable":true,"href":"https:\/\/roveyayinevi.com.tr\/index.php\/wp-json\/wp\/v2\/product_cat?post=726222"},{"taxonomy":"product_tag","embeddable":true,"href":"https:\/\/roveyayinevi.com.tr\/index.php\/wp-json\/wp\/v2\/product_tag?post=726222"}],"curies":[{"name":"wp","href":"https:\/\/api.w.org\/{rel}","templated":true}]}}