{"id":726220,"date":"2025-08-27T20:02:53","date_gmt":"2025-08-27T17:02:53","guid":{"rendered":"https:\/\/roveyayinevi.com.tr\/index.php\/urun\/turkcede-dilbilimsel-ulamlar\/"},"modified":"2026-04-16T02:34:02","modified_gmt":"2026-04-15T23:34:02","slug":"turkcede-dilbilimsel-ulamlar","status":"publish","type":"product","link":"https:\/\/roveyayinevi.com.tr\/index.php\/urun\/turkcede-dilbilimsel-ulamlar\/","title":{"rendered":"T\u00fcrk\u00e7ede Dilbilimsel Ulamlar"},"content":{"rendered":"<p>T\u00fcrk\u00e7ede Dilbilimsel UlamlarKILINI\u015e\u2013 Dr. Fatih Do\u011fruBAKI\u015e &#8211; Dr. Nazmi AlanK\u0130PL\u0130K &#8211; Do\u00e7. Dr. Talat DinarZAMAN &#8211;  Dr. Serdar Karao\u011fluDURUM \u2013 Dr. G\u00f6ksel SertC\u0130NS\u0130YET \u2013 Dr. Duygu Kamac\u0131 GencerSORU &#8211;  Dr. Bilal UysalVARLIK VE YOKLUK &#8211;  Dr. \u015eaziye Din\u00e7er Bahad\u0131r\u00c7ATI &#8211;  Dr. Bayram \u00c7etinkayaBEL\u0130RL\u0130L\u0130K \u2013 Dr. Ezgi AslanSAYI \u2013 Dr. Hadra K\u00fcbra Erk\u0131nay Tamtam\u0131\u015f\u0130YEL\u0130K VE A\u0130TL\u0130K  &#8211; Dr. Nilay Giri\u015fen OLUMSUZLUK \u2013 Do\u00e7. Dr. \u00d6zg\u00fcr Ay<\/p>\n","protected":false},"excerpt":{"rendered":"<p>T\u00fcrk\u00e7ede Dilbilimsel UlamlarKILINI\u015e\u2013 Dr. Fatih Do\u011fruBAKI\u015e &#8211; Dr. Nazmi AlanK\u0130PL\u0130K &#8211; Do\u00e7. Dr. Talat DinarZAMAN &#8211; Dr. Serdar Karao\u011fluDURUM \u2013 Dr. G\u00f6ksel SertC\u0130NS\u0130YET \u2013 Dr. Duygu<span class=\"excerpt-hellip\"> [\u2026]<\/span><\/p>\n","protected":false},"featured_media":0,"template":"","meta":{"_monsterinsights_skip_tracking":false,"_monsterinsights_sitenote_active":false,"_monsterinsights_sitenote_note":"","_monsterinsights_sitenote_category":0},"product_brand":[],"product_cat":[20225,12291],"product_tag":[],"class_list":{"0":"post-726220","1":"product","2":"type-product","3":"status-publish","5":"product_cat-dil-bilim","6":"product_cat-edebiyat","7":"pa_cilt-ciltsiz","8":"pa_tur-kitap","9":"pa_yayinevi-gazi-kitabevi","10":"pa_yazar-erdogan-boz","12":"first","13":"instock","14":"sale","15":"shipping-taxable","16":"purchasable","17":"product-type-simple"},"_links":{"self":[{"href":"https:\/\/roveyayinevi.com.tr\/index.php\/wp-json\/wp\/v2\/product\/726220","targetHints":{"allow":["GET"]}}],"collection":[{"href":"https:\/\/roveyayinevi.com.tr\/index.php\/wp-json\/wp\/v2\/product"}],"about":[{"href":"https:\/\/roveyayinevi.com.tr\/index.php\/wp-json\/wp\/v2\/types\/product"}],"wp:attachment":[{"href":"https:\/\/roveyayinevi.com.tr\/index.php\/wp-json\/wp\/v2\/media?parent=726220"}],"wp:term":[{"taxonomy":"product_brand","embeddable":true,"href":"https:\/\/roveyayinevi.com.tr\/index.php\/wp-json\/wp\/v2\/product_brand?post=726220"},{"taxonomy":"product_cat","embeddable":true,"href":"https:\/\/roveyayinevi.com.tr\/index.php\/wp-json\/wp\/v2\/product_cat?post=726220"},{"taxonomy":"product_tag","embeddable":true,"href":"https:\/\/roveyayinevi.com.tr\/index.php\/wp-json\/wp\/v2\/product_tag?post=726220"}],"curies":[{"name":"wp","href":"https:\/\/api.w.org\/{rel}","templated":true}]}}