{"id":726219,"date":"2025-08-27T20:02:52","date_gmt":"2025-08-27T17:02:52","guid":{"rendered":"https:\/\/roveyayinevi.com.tr\/index.php\/urun\/billy-milliganin-zihinleri\/"},"modified":"2026-04-16T02:34:02","modified_gmt":"2026-04-15T23:34:02","slug":"billy-milliganin-zihinleri","status":"publish","type":"product","link":"https:\/\/roveyayinevi.com.tr\/index.php\/urun\/billy-milliganin-zihinleri\/","title":{"rendered":"Billy Milligan\u2019\u0131n Zihinleri"},"content":{"rendered":"<p>Tek bedende 24 farkl\u0131 ki\u015filik bar\u0131nd\u0131ran Billy Milligan\u2019\u0131n ger\u00e7ek hikayesiBilly Milligan, bedenine h\u00e2kim olmak i\u00e7in m\u00fccadele eden yirmi d\u00f6rt belirgin ki\u015fili\u011fin i\u00e7inde hapsolmu\u015f gen\u00e7 bir adamd\u0131r. Bu m\u00fccadele, \u00fc\u00e7 kad\u0131n\u0131 ka\u00e7\u0131rmak ve onlara tecav\u00fcz etmekle su\u00e7lanarak tutuklanmas\u0131na kadar s\u00fcrer. Billy Milligan \u00e7oklu ki\u015filik bozuklu\u011fu olan bir ak\u0131l hastas\u0131 oldu\u011fu gerek\u00e7esiyle kendisine isnat edilen bu su\u00e7lardan beraat eder, mahkemenin bu karar\u0131 tarihte ilktir ve bug\u00fcne kadar bilinen en dikkat \u00e7ekici ve t\u00fcyler \u00fcrpertici \u00e7oklu ki\u015filik vakas\u0131n\u0131 toplumun g\u00f6zleri \u00f6n\u00fcne sermi\u015ftir.S\u0131radan bir su\u00e7lu olan Philip; bir ecza deposu soygununun planlay\u0131c\u0131s\u0131 ve uyu\u015fturucu d\u00fcnyas\u0131yla ba\u011flant\u0131lar\u0131 olan Kevin; tek amac\u0131 Billy\u2019nin \u00fcvey babas\u0131n\u0131 \u00f6ld\u00fcrmek olan April; Billy\u2019nin bedenini onun tutuklanmas\u0131na neden olan tecav\u00fczlerde \u2018kullanan\u2019 \u015fefkate a\u00e7, \u00e7ekingen ve lezbiyen Adalana; t\u00fcm ki\u015filiklerin ac\u0131lar\u0131n\u0131 hisseden sekiz ya\u015f\u0131ndaki David ve erkeklerden, kad\u0131nlardan, k\u0131z ya da erkek \u00e7ocuklardan olu\u015fan t\u00fcm di\u011ferleri ve onlar\u0131 bir arada tutabilen tek ki\u015filik olan \u00d6\u011fretmen\u2026 \u0130\u015fkenceler i\u00e7indeki bu gen\u00e7 adam\u0131n zihninin derinliklerine ve onun parampar\u00e7a olmu\u015f deh\u015fet verici d\u00fcnyas\u0131na yolculu\u011fa haz\u0131r olun.<\/p>\n","protected":false},"excerpt":{"rendered":"<p>Tek bedende 24 farkl\u0131 ki\u015filik bar\u0131nd\u0131ran Billy Milligan\u2019\u0131n ger\u00e7ek hikayesiBilly Milligan, bedenine h\u00e2kim olmak i\u00e7in m\u00fccadele eden yirmi d\u00f6rt belirgin ki\u015fili\u011fin i\u00e7inde hapsolmu\u015f gen\u00e7 bir adamd\u0131r.<span class=\"excerpt-hellip\"> [\u2026]<\/span><\/p>\n","protected":false},"featured_media":0,"template":"","meta":{"_monsterinsights_skip_tracking":false,"_monsterinsights_sitenote_active":false,"_monsterinsights_sitenote_note":"","_monsterinsights_sitenote_category":0},"product_brand":[],"product_cat":[12540,12291],"product_tag":[],"class_list":{"0":"post-726219","1":"product","2":"type-product","3":"status-publish","5":"product_cat-bilim-kurgu","6":"product_cat-edebiyat","7":"pa_cilt-ciltsiz","8":"pa_tur-kitap","9":"pa_yayinevi-koridor-yayincilik","10":"pa_yazar-daniel-keyes","12":"first","13":"instock","14":"sale","15":"shipping-taxable","16":"purchasable","17":"product-type-simple"},"_links":{"self":[{"href":"https:\/\/roveyayinevi.com.tr\/index.php\/wp-json\/wp\/v2\/product\/726219","targetHints":{"allow":["GET"]}}],"collection":[{"href":"https:\/\/roveyayinevi.com.tr\/index.php\/wp-json\/wp\/v2\/product"}],"about":[{"href":"https:\/\/roveyayinevi.com.tr\/index.php\/wp-json\/wp\/v2\/types\/product"}],"wp:attachment":[{"href":"https:\/\/roveyayinevi.com.tr\/index.php\/wp-json\/wp\/v2\/media?parent=726219"}],"wp:term":[{"taxonomy":"product_brand","embeddable":true,"href":"https:\/\/roveyayinevi.com.tr\/index.php\/wp-json\/wp\/v2\/product_brand?post=726219"},{"taxonomy":"product_cat","embeddable":true,"href":"https:\/\/roveyayinevi.com.tr\/index.php\/wp-json\/wp\/v2\/product_cat?post=726219"},{"taxonomy":"product_tag","embeddable":true,"href":"https:\/\/roveyayinevi.com.tr\/index.php\/wp-json\/wp\/v2\/product_tag?post=726219"}],"curies":[{"name":"wp","href":"https:\/\/api.w.org\/{rel}","templated":true}]}}