{"id":726218,"date":"2025-08-27T20:02:51","date_gmt":"2025-08-27T17:02:51","guid":{"rendered":"https:\/\/roveyayinevi.com.tr\/index.php\/urun\/mavi-goz\/"},"modified":"2026-04-16T02:34:02","modified_gmt":"2026-04-15T23:34:02","slug":"mavi-goz","status":"publish","type":"product","link":"https:\/\/roveyayinevi.com.tr\/index.php\/urun\/mavi-goz\/","title":{"rendered":"Mavi G\u00f6z"},"content":{"rendered":"<p>Adam kad\u0131na sar\u0131lm\u0131\u015f, ok\u015fuyordu. Romantik bir atmosfer vard\u0131, sevi\u015fmeye ba\u015flad\u0131lar, ate\u015fleri y\u00fckseldi. Dakikalar ilerledik\u00e7e sevi\u015fmeleri yerini sert hareketlere b\u0131rakt\u0131, kad\u0131n\u0131n kafa hareketlerinden bir \u015feyler s\u00f6yledi\u011fi belliydi ama videonun sesi yoktu. Yava\u015f yava\u015f adam\u0131n elinden kurtulma iste\u011fi hissedilmeye ba\u015flad\u0131.Kad\u0131n \u00e7ar\u015faf\u0131 \u00e7ekerek yata\u011f\u0131n bir yerlerine tutunarak kurtulmaya \u00e7al\u0131\u015f\u0131yor, adam ise b\u0131rakm\u0131yordu. Bir an adam\u0131n elinden kurtuldu ama yataktan inerken tekrar yakaland\u0131. K\u0131sa bir bo\u011fu\u015fma oldu, y\u00fczleri neredeyse g\u00f6r\u00fcnecekti ki yine arkalar\u0131n\u0131 d\u00f6nd\u00fcler. Durum biraz yoluna girmi\u015f, belli ki adam\u0131n zoruyla kad\u0131n dizginlenmi\u015fti.Bir anda Beril\u2019in nereden geldi\u011fini anlamad\u0131\u011f\u0131, kay\u0131\u015flar ve i\u015fkence aletleri girmi\u015fti g\u00f6r\u00fcnt\u00fcye. Belli ki, montaj yap\u0131lm\u0131\u015f arada baz\u0131 g\u00f6r\u00fcnt\u00fcler at\u0131lm\u0131\u015ft\u0131. Adam, a\u011fz\u0131 ba\u011flanm\u0131\u015f ve kelep\u00e7elenmi\u015f kad\u0131na palaskayla ve \u00e7iviyle i\u015fkence ediyordu. Beril beyninden vurulmu\u015fa g\u00f6nd\u00fc, g\u00f6rd\u00fcklerine inanam\u0131yordu.Bunas\u0131l olabiliyordu, buna nas\u0131l m\u00fcdahale edilmiyordu.Darkweb\u2019in ger\u00e7e\u011fiyle y\u00fczle\u015fti.<\/p>\n","protected":false},"excerpt":{"rendered":"<p>Adam kad\u0131na sar\u0131lm\u0131\u015f, ok\u015fuyordu. Romantik bir atmosfer vard\u0131, sevi\u015fmeye ba\u015flad\u0131lar, ate\u015fleri y\u00fckseldi. Dakikalar ilerledik\u00e7e sevi\u015fmeleri yerini sert hareketlere b\u0131rakt\u0131, kad\u0131n\u0131n kafa hareketlerinden bir \u015feyler s\u00f6yledi\u011fi belliydi<span class=\"excerpt-hellip\"> [\u2026]<\/span><\/p>\n","protected":false},"featured_media":0,"template":"","meta":{"_monsterinsights_skip_tracking":false,"_monsterinsights_sitenote_active":false,"_monsterinsights_sitenote_note":"","_monsterinsights_sitenote_category":0},"product_brand":[],"product_cat":[12291,12711],"product_tag":[],"class_list":{"0":"post-726218","1":"product","2":"type-product","3":"status-publish","5":"product_cat-edebiyat","6":"product_cat-roman-oyku","7":"pa_cilt-ciltsiz","8":"pa_tur-kitap","9":"pa_yayinevi-perseus","10":"pa_yazar-recep-akkaya","12":"first","13":"instock","14":"sale","15":"shipping-taxable","16":"purchasable","17":"product-type-simple"},"_links":{"self":[{"href":"https:\/\/roveyayinevi.com.tr\/index.php\/wp-json\/wp\/v2\/product\/726218","targetHints":{"allow":["GET"]}}],"collection":[{"href":"https:\/\/roveyayinevi.com.tr\/index.php\/wp-json\/wp\/v2\/product"}],"about":[{"href":"https:\/\/roveyayinevi.com.tr\/index.php\/wp-json\/wp\/v2\/types\/product"}],"wp:attachment":[{"href":"https:\/\/roveyayinevi.com.tr\/index.php\/wp-json\/wp\/v2\/media?parent=726218"}],"wp:term":[{"taxonomy":"product_brand","embeddable":true,"href":"https:\/\/roveyayinevi.com.tr\/index.php\/wp-json\/wp\/v2\/product_brand?post=726218"},{"taxonomy":"product_cat","embeddable":true,"href":"https:\/\/roveyayinevi.com.tr\/index.php\/wp-json\/wp\/v2\/product_cat?post=726218"},{"taxonomy":"product_tag","embeddable":true,"href":"https:\/\/roveyayinevi.com.tr\/index.php\/wp-json\/wp\/v2\/product_tag?post=726218"}],"curies":[{"name":"wp","href":"https:\/\/api.w.org\/{rel}","templated":true}]}}