{"id":726217,"date":"2025-08-27T20:02:50","date_gmt":"2025-08-27T17:02:50","guid":{"rendered":"https:\/\/roveyayinevi.com.tr\/index.php\/urun\/gunduzsefasi\/"},"modified":"2026-04-16T02:34:02","modified_gmt":"2026-04-15T23:34:02","slug":"gunduzsefasi","status":"publish","type":"product","link":"https:\/\/roveyayinevi.com.tr\/index.php\/urun\/gunduzsefasi\/","title":{"rendered":"G\u00fcnd\u00fczsefas\u0131"},"content":{"rendered":"<p>\u201cHerkesin, her \u015feyin bu hayatta bir amac\u0131 var. Sen, ben, bu k\u00fc\u00e7\u00fck g\u00fcnd\u00fczsefas\u0131. Hepimiz birbirimize ba\u011fl\u0131y\u0131z.\u201d Evet. E\u015fyalar\u0131 h\u00e2l\u00e2 orada. Zamanda donmu\u015f bir h\u00e2lde duruyorlar. Gelinli\u011fi, birka\u00e7 kitap ve hat\u0131ralar\u0131\u2026 Ada Santorini ge\u00e7mi\u015fini geride b\u0131rakarak Seattle\u2019a, ona sakin anlar vaat eden y\u00fczen evlerden birinde ya\u015famaya gelir. Y\u00fczen evinin i\u00e7inde bir g\u00fcn gizemli bir sand\u0131k bulur ve bu sand\u0131k, ge\u00e7mi\u015fin y\u00fcklerinden ka\u00e7t\u0131\u011f\u0131 bu yerde ona yeni maceralar\u0131n kap\u0131lar\u0131n\u0131 a\u00e7acakt\u0131r. Sand\u0131\u011f\u0131n i\u00e7inden \u00e7\u0131kan Penny Wentworth\u2019a ait eski e\u015fyalara g\u00f6z atarken 1950\u2019li y\u0131llara ve Penny\u2019nin \u00e7alkant\u0131l\u0131 hayat\u0131na ortak olur. Penny yeni evlenmi\u015ftir, mutlu oldu\u011funu sanmaktad\u0131r ama her ge\u00e7en g\u00fcn, hayat\u0131nda hem evlili\u011fine hem de kendine dair baz\u0131 eksik yanlar oldu\u011funu fark eder. Ada da Penny\u2019i tan\u0131d\u0131k\u00e7a kendi ge\u00e7mi\u015findeki d\u00fc\u011f\u00fcmleri tek tek a\u00e7maya ba\u015flar. Penny ve Ada\u2019 n\u0131n hayatlar\u0131 gitgide birbirine kar\u0131\u015f\u0131rken G\u00fcnd\u00fczsefas\u0131\u2019nda Sarah Jio\u2019nun merak uyand\u0131r\u0131c\u0131, ba\u011f\u0131\u015flay\u0131c\u0131 ve sorgulat\u0131c\u0131 anlat\u0131m\u0131 hayranl\u0131k uyand\u0131r\u0131yor. New York Times ve USA Today \u00e7oksatan listelerine girmi\u015f Mart Menek\u015feleri, B\u00f6\u011f\u00fcrtlen K\u0131\u015f\u0131 ve Son Kamelya kitaplar\u0131n\u0131n yazar\u0131 olan Sarah Jio ayn\u0131 zamanda gazetecilik de yapmaktad\u0131r. Glamour ve The Oprah Magazine gibi dergilerde yazarl\u0131k yapm\u0131\u015ft\u0131r. Kitaplar\u0131 18\u2019den fazla dile \u00e7evrilmi\u015f ve kitap kul\u00fcplerinin favorilerinden olmu\u015ftur.<\/p>\n","protected":false},"excerpt":{"rendered":"<p>\u201cHerkesin, her \u015feyin bu hayatta bir amac\u0131 var. Sen, ben, bu k\u00fc\u00e7\u00fck g\u00fcnd\u00fczsefas\u0131. Hepimiz birbirimize ba\u011fl\u0131y\u0131z.\u201d Evet. E\u015fyalar\u0131 h\u00e2l\u00e2 orada. Zamanda donmu\u015f bir h\u00e2lde duruyorlar. Gelinli\u011fi,<span class=\"excerpt-hellip\"> [\u2026]<\/span><\/p>\n","protected":false},"featured_media":0,"template":"","meta":{"_monsterinsights_skip_tracking":false,"_monsterinsights_sitenote_active":false,"_monsterinsights_sitenote_note":"","_monsterinsights_sitenote_category":0},"product_brand":[],"product_cat":[12291,50487],"product_tag":[],"class_list":{"0":"post-726217","1":"product","2":"type-product","3":"status-publish","5":"product_cat-edebiyat","6":"product_cat-kurgu","7":"pa_cilt-ciltsiz","8":"pa_tur-kitap","9":"pa_yayinevi-epsilon-yayinlari","10":"pa_yazar-sarah-jio","12":"first","13":"instock","14":"sale","15":"shipping-taxable","16":"purchasable","17":"product-type-simple"},"_links":{"self":[{"href":"https:\/\/roveyayinevi.com.tr\/index.php\/wp-json\/wp\/v2\/product\/726217","targetHints":{"allow":["GET"]}}],"collection":[{"href":"https:\/\/roveyayinevi.com.tr\/index.php\/wp-json\/wp\/v2\/product"}],"about":[{"href":"https:\/\/roveyayinevi.com.tr\/index.php\/wp-json\/wp\/v2\/types\/product"}],"wp:attachment":[{"href":"https:\/\/roveyayinevi.com.tr\/index.php\/wp-json\/wp\/v2\/media?parent=726217"}],"wp:term":[{"taxonomy":"product_brand","embeddable":true,"href":"https:\/\/roveyayinevi.com.tr\/index.php\/wp-json\/wp\/v2\/product_brand?post=726217"},{"taxonomy":"product_cat","embeddable":true,"href":"https:\/\/roveyayinevi.com.tr\/index.php\/wp-json\/wp\/v2\/product_cat?post=726217"},{"taxonomy":"product_tag","embeddable":true,"href":"https:\/\/roveyayinevi.com.tr\/index.php\/wp-json\/wp\/v2\/product_tag?post=726217"}],"curies":[{"name":"wp","href":"https:\/\/api.w.org\/{rel}","templated":true}]}}