{"id":726216,"date":"2025-08-27T20:02:49","date_gmt":"2025-08-27T17:02:49","guid":{"rendered":"https:\/\/roveyayinevi.com.tr\/index.php\/urun\/genclige-bir-demet-isik\/"},"modified":"2026-04-16T02:34:02","modified_gmt":"2026-04-15T23:34:02","slug":"genclige-bir-demet-isik","status":"publish","type":"product","link":"https:\/\/roveyayinevi.com.tr\/index.php\/urun\/genclige-bir-demet-isik\/","title":{"rendered":"Gen\u00e7li\u011fe Bir Demet I\u015f\u0131k"},"content":{"rendered":"<p>Eyl\u00fcl 1980 askeri darbesini takip eden d\u00f6nemde, nereden \u00e7\u0131kt\u0131\u011f\u0131 pek belli olmayan bir tez ortaya at\u0131lm\u0131\u015ft\u0131: &#8220;T\u00fcrk-\u0130slam Sentezi\u201dUzun s\u00fcre yaz\u0131l\u0131 ve g\u00f6rsel medyam\u0131zda yer ald\u0131. Buna paralel olarak, \u00fclkemizin \u201cLA\u0130K REJ\u0130ME\u201d ihtiyac\u0131 olmad\u0131\u011f\u0131, d\u00f6n\u00fcp tarihimize ve \u00e7evremize bakmam\u0131z gerekti\u011fi fikri de birlikte i\u015flendi.Kula\u011fa ne kadar ho\u015f gelirse gelsin, bu tez hem T\u00fcrk\u2019\u00fc hem de \u0130slam\u2019\u0131 etkisiz k\u0131lmak; \u00fcstelik bizi, dost gibi g\u00f6r\u00fcnen yabanc\u0131lar\u0131n politik ama\u00e7lar\u0131na alet etmekten ba\u015fka bir ama\u00e7 ta\u015f\u0131m\u0131yordu.\u00c7\u00fcnk\u00fc a\u015f, yabanc\u0131 mutfaklarda pi\u015firilmi\u015f ve \u00f6n\u00fcm\u00fcze s\u00fcr\u00fclm\u00fc\u015ft\u00fc. Yiyen yedi, h\u00e2l\u00e2 ka\u015f\u0131k sallayanlar bile var.Elinizdeki kitapta \u00f6zetle; \u201cT\u00fcrk\u201d ve \u201c\u0130slam\u201d konusunda kendi mutfa\u011f\u0131m\u0131zda pi\u015firilecek a\u015f\u0131n tarifini bulacaks\u0131n\u0131z. <\/p>\n","protected":false},"excerpt":{"rendered":"<p>Eyl\u00fcl 1980 askeri darbesini takip eden d\u00f6nemde, nereden \u00e7\u0131kt\u0131\u011f\u0131 pek belli olmayan bir tez ortaya at\u0131lm\u0131\u015ft\u0131: &#8220;T\u00fcrk-\u0130slam Sentezi\u201dUzun s\u00fcre yaz\u0131l\u0131 ve g\u00f6rsel medyam\u0131zda yer ald\u0131. Buna<span class=\"excerpt-hellip\"> [\u2026]<\/span><\/p>\n","protected":false},"featured_media":0,"template":"","meta":{"_monsterinsights_skip_tracking":false,"_monsterinsights_sitenote_active":false,"_monsterinsights_sitenote_note":"","_monsterinsights_sitenote_category":0},"product_brand":[],"product_cat":[12777,12291],"product_tag":[],"class_list":{"0":"post-726216","1":"product","2":"type-product","3":"status-publish","5":"product_cat-deneme","6":"product_cat-edebiyat","7":"pa_cilt-ciltsiz","8":"pa_tur-kitap","9":"pa_yayinevi-karina-yayinevi","10":"pa_yazar-fikret-gokturk","12":"first","13":"instock","14":"sale","15":"shipping-taxable","16":"purchasable","17":"product-type-simple"},"_links":{"self":[{"href":"https:\/\/roveyayinevi.com.tr\/index.php\/wp-json\/wp\/v2\/product\/726216","targetHints":{"allow":["GET"]}}],"collection":[{"href":"https:\/\/roveyayinevi.com.tr\/index.php\/wp-json\/wp\/v2\/product"}],"about":[{"href":"https:\/\/roveyayinevi.com.tr\/index.php\/wp-json\/wp\/v2\/types\/product"}],"wp:attachment":[{"href":"https:\/\/roveyayinevi.com.tr\/index.php\/wp-json\/wp\/v2\/media?parent=726216"}],"wp:term":[{"taxonomy":"product_brand","embeddable":true,"href":"https:\/\/roveyayinevi.com.tr\/index.php\/wp-json\/wp\/v2\/product_brand?post=726216"},{"taxonomy":"product_cat","embeddable":true,"href":"https:\/\/roveyayinevi.com.tr\/index.php\/wp-json\/wp\/v2\/product_cat?post=726216"},{"taxonomy":"product_tag","embeddable":true,"href":"https:\/\/roveyayinevi.com.tr\/index.php\/wp-json\/wp\/v2\/product_tag?post=726216"}],"curies":[{"name":"wp","href":"https:\/\/api.w.org\/{rel}","templated":true}]}}