{"id":726215,"date":"2025-08-27T20:02:48","date_gmt":"2025-08-27T17:02:48","guid":{"rendered":"https:\/\/roveyayinevi.com.tr\/index.php\/urun\/comlekci\/"},"modified":"2026-04-03T02:41:28","modified_gmt":"2026-04-02T23:41:28","slug":"comlekci","status":"publish","type":"product","link":"https:\/\/roveyayinevi.com.tr\/index.php\/urun\/comlekci\/","title":{"rendered":"\u00c7\u00f6mlek\u00e7i"},"content":{"rendered":"<p>G\u00f6beklitepe&#8217;de &#8220;Yeniden Do\u011fu\u015f&#8221; adl\u0131 \u00e7\u00f6mlek at\u00f6lyesinin sahibi Enes ile tan\u0131\u015fan G\u00fcl, y\u0131llard\u0131r haber al\u0131namayan kay\u0131p adam Ceyhun&#8217;un d\u00f6n\u00fc\u015f\u00fc ile kendi ki\u015fisel arketiplerinin pe\u015fine d\u00fc\u015fm\u00fc\u015f olan bu iki erke\u011fin ortas\u0131nda bulur kendini.Tanr\u0131 Adem&#8217;i bal\u00e7\u0131ktan yaratt\u0131, diyoruz. Bunu yorumlarken neden fizik ve biyoloji kurallar\u0131n\u0131 devre d\u0131\u015f\u0131 b\u0131rak\u0131yoruz? Canl\u0131l\u0131\u011f\u0131n ilk yap\u0131ta\u015flar\u0131 bal\u00e7\u0131k katmanlar\u0131 aras\u0131nda ba\u015flamad\u0131 m\u0131?\u00c7amurdan yap\u0131ld\u0131ysak e\u011fer, kendi hamurumuzdan biz de bir \u015feyler yapamaz m\u0131y\u0131z, diyerek, bir \u00e7\u00f6mlek at\u00f6lyesi kuran, \u00fcniversitede \u00f6\u011fretim g\u00f6revlisi Enes ile ya\u015fam\u0131n\u0131 farkl\u0131 bir bi\u00e7imde de\u011fi\u015ftirmeyi ba\u015faran Ceyhun, G\u00fcl&#8217;\u00fcn ya\u015fam\u0131na nas\u0131l dokunacaklard\u0131?\u0130nsanlar\u0131n enerji ve g\u00fc\u00e7lerinin kayna\u011f\u0131 kendilerinde olup, merak ve ilgilerini besledikleri s\u00fcrece geli\u015febilece\u011fi, ak\u0131llar\u0131n\u0131n onlar\u0131 daima karara zorlad\u0131\u011f\u0131 bu d\u00fcnyada G\u00fcl, Enes ve Ceyhun nas\u0131l yol alacakt\u0131?\u00c7\u00f6mlek\u00e7i onlara nas\u0131l bir \u00e7\u00f6mlek yapm\u0131\u015ft\u0131?  \u0130\u00e7lerine yerle\u015ftirdi\u011fi s\u0131rlar\u0131na ula\u015fmalar\u0131na yard\u0131mc\u0131 olacak m\u0131yd\u0131? <\/p>\n","protected":false},"excerpt":{"rendered":"<p>G\u00f6beklitepe&#8217;de &#8220;Yeniden Do\u011fu\u015f&#8221; adl\u0131 \u00e7\u00f6mlek at\u00f6lyesinin sahibi Enes ile tan\u0131\u015fan G\u00fcl, y\u0131llard\u0131r haber al\u0131namayan kay\u0131p adam Ceyhun&#8217;un d\u00f6n\u00fc\u015f\u00fc ile kendi ki\u015fisel arketiplerinin pe\u015fine d\u00fc\u015fm\u00fc\u015f olan bu<span class=\"excerpt-hellip\"> [\u2026]<\/span><\/p>\n","protected":false},"featured_media":0,"template":"","meta":{"_monsterinsights_skip_tracking":false,"_monsterinsights_sitenote_active":false,"_monsterinsights_sitenote_note":"","_monsterinsights_sitenote_category":0},"product_brand":[],"product_cat":[12291,12711],"product_tag":[],"class_list":{"0":"post-726215","1":"product","2":"type-product","3":"status-publish","5":"product_cat-edebiyat","6":"product_cat-roman-oyku","7":"pa_cilt-ciltsiz","8":"pa_tur-kitap","9":"pa_yayinevi-karina-yayinevi","10":"pa_yazar-h-gulcan-koprulu","12":"first","13":"instock","14":"sale","15":"shipping-taxable","16":"purchasable","17":"product-type-simple"},"_links":{"self":[{"href":"https:\/\/roveyayinevi.com.tr\/index.php\/wp-json\/wp\/v2\/product\/726215","targetHints":{"allow":["GET"]}}],"collection":[{"href":"https:\/\/roveyayinevi.com.tr\/index.php\/wp-json\/wp\/v2\/product"}],"about":[{"href":"https:\/\/roveyayinevi.com.tr\/index.php\/wp-json\/wp\/v2\/types\/product"}],"wp:attachment":[{"href":"https:\/\/roveyayinevi.com.tr\/index.php\/wp-json\/wp\/v2\/media?parent=726215"}],"wp:term":[{"taxonomy":"product_brand","embeddable":true,"href":"https:\/\/roveyayinevi.com.tr\/index.php\/wp-json\/wp\/v2\/product_brand?post=726215"},{"taxonomy":"product_cat","embeddable":true,"href":"https:\/\/roveyayinevi.com.tr\/index.php\/wp-json\/wp\/v2\/product_cat?post=726215"},{"taxonomy":"product_tag","embeddable":true,"href":"https:\/\/roveyayinevi.com.tr\/index.php\/wp-json\/wp\/v2\/product_tag?post=726215"}],"curies":[{"name":"wp","href":"https:\/\/api.w.org\/{rel}","templated":true}]}}