{"id":726213,"date":"2025-08-27T20:02:46","date_gmt":"2025-08-27T17:02:46","guid":{"rendered":"https:\/\/roveyayinevi.com.tr\/index.php\/urun\/cocuklar-icin-100-farkli-etkinlik\/"},"modified":"2026-04-05T02:41:41","modified_gmt":"2026-04-04T23:41:41","slug":"cocuklar-icin-100-farkli-etkinlik","status":"publish","type":"product","link":"https:\/\/roveyayinevi.com.tr\/index.php\/urun\/cocuklar-icin-100-farkli-etkinlik\/","title":{"rendered":"\u00c7ocuklar \u0130\u00e7in 100 Farkl\u0131 Etkinlik"},"content":{"rendered":"<p>\u00c7ocuklar i\u00e7in 100 Farkl\u0131 Etkinlik (4+ Ya\u015f)Bu kitapla kaliteli ve e\u011flenceli vakit ge\u00e7ireceksiniz! \u00c7ocu\u011funuzun yarat\u0131c\u0131l\u0131\u011f\u0131, hayal g\u00fcc\u00fc, d\u00fc\u015f\u00fcnme becerisi, mant\u0131k ve muhakemesinin yan\u0131nda dikkat ve odaklanmas\u0131 geli\u015fecektir. Haydi hayal g\u00fcc\u00fcn\u00fcz\u00fc serbest b\u0131rak\u0131n! Her bitirdi\u011finiz etkinli\u011fin ard\u0131ndan kutucu\u011fa bir \u00e7arp\u0131 (X) i\u015fareti koyun ve bir sonraki etkinli\u011fe ge\u00e7in. Gitti\u011finiz her yerde (denizde, u\u00e7akta, misafirlikte ya da arabayla seyahat ederken) yan\u0131n\u0131zdan ay\u0131rmayaca\u011f\u0131n\u0131z bir kitap olacak. <\/p>\n","protected":false},"excerpt":{"rendered":"<p>\u00c7ocuklar i\u00e7in 100 Farkl\u0131 Etkinlik (4+ Ya\u015f)Bu kitapla kaliteli ve e\u011flenceli vakit ge\u00e7ireceksiniz! \u00c7ocu\u011funuzun yarat\u0131c\u0131l\u0131\u011f\u0131, hayal g\u00fcc\u00fc, d\u00fc\u015f\u00fcnme becerisi, mant\u0131k ve muhakemesinin yan\u0131nda dikkat ve odaklanmas\u0131<span class=\"excerpt-hellip\"> [\u2026]<\/span><\/p>\n","protected":false},"featured_media":0,"template":"","meta":{"_monsterinsights_skip_tracking":false,"_monsterinsights_sitenote_active":false,"_monsterinsights_sitenote_note":"","_monsterinsights_sitenote_category":0},"product_brand":[],"product_cat":[12913,12274],"product_tag":[],"class_list":{"0":"post-726213","1":"product","2":"type-product","3":"status-publish","5":"product_cat-3-6-yas-kitaplari","6":"product_cat-cocuk-ve-genclik-kitaplari","7":"pa_cilt-ciltsiz","8":"pa_tur-kitap","9":"pa_yayinevi-dikkat-atolyesi-yayinlari","10":"pa_yazar-dikkat-atolyesi-kolektif","12":"first","13":"instock","14":"sale","15":"shipping-taxable","16":"purchasable","17":"product-type-simple"},"_links":{"self":[{"href":"https:\/\/roveyayinevi.com.tr\/index.php\/wp-json\/wp\/v2\/product\/726213","targetHints":{"allow":["GET"]}}],"collection":[{"href":"https:\/\/roveyayinevi.com.tr\/index.php\/wp-json\/wp\/v2\/product"}],"about":[{"href":"https:\/\/roveyayinevi.com.tr\/index.php\/wp-json\/wp\/v2\/types\/product"}],"wp:attachment":[{"href":"https:\/\/roveyayinevi.com.tr\/index.php\/wp-json\/wp\/v2\/media?parent=726213"}],"wp:term":[{"taxonomy":"product_brand","embeddable":true,"href":"https:\/\/roveyayinevi.com.tr\/index.php\/wp-json\/wp\/v2\/product_brand?post=726213"},{"taxonomy":"product_cat","embeddable":true,"href":"https:\/\/roveyayinevi.com.tr\/index.php\/wp-json\/wp\/v2\/product_cat?post=726213"},{"taxonomy":"product_tag","embeddable":true,"href":"https:\/\/roveyayinevi.com.tr\/index.php\/wp-json\/wp\/v2\/product_tag?post=726213"}],"curies":[{"name":"wp","href":"https:\/\/api.w.org\/{rel}","templated":true}]}}