{"id":726211,"date":"2025-08-27T20:02:44","date_gmt":"2025-08-27T17:02:44","guid":{"rendered":"https:\/\/roveyayinevi.com.tr\/index.php\/urun\/yolcu-1854-kirim-demir-misket\/"},"modified":"2026-04-16T02:34:02","modified_gmt":"2026-04-15T23:34:02","slug":"yolcu-1854-kirim-demir-misket","status":"publish","type":"product","link":"https:\/\/roveyayinevi.com.tr\/index.php\/urun\/yolcu-1854-kirim-demir-misket\/","title":{"rendered":"Yolcu 1854 K\u0131r\u0131m Demir Misket"},"content":{"rendered":"<p>Selam olsun Tolstoy\u2019un Sivastopol\u2019una\u2026\u201d\u0130stanbul, 1854\u2026 D\u00fcnya sava\u015flar\u0131n\u0131n atas\u0131 say\u0131lan K\u0131r\u0131m Sava\u015f\u0131\u2019nda, Sivastopol cephesi yolcusu iki zabit&#8230; \u015f\u0131mar\u0131k ve \u201cfaide odakl\u0131\u201d yal\u0131 \u00e7ocu\u011fu Osman Efendi ile fedak\u00e2r, idealist ve reayadan Ertu\u011frul Efendi\u2026 Harbiye\u2019den beri arkada\u015f olan bu iki m\u00fclaz\u0131m ahlaklar\u0131, hayatlar\u0131 ve kayg\u0131lar\u0131yla da sanki iki ayr\u0131 d\u00fcnyaya aittir. Ve bu d\u00fcnyalar\u0131n ortas\u0131nda hem bir \u0130ngiliz yarbay\u0131n kar\u0131s\u0131 olan Evelyn\u2019e a\u015fklar\u0131, hem \u00fcstlendikleri \u00e7etin vazife, hem de Bat\u0131\u2019n\u0131n &#8220;hasta adam\u0131&#8221; koskoca bir imparatorluk durmaktad\u0131r. Orduda &#8220;silah arkada\u015fl\u0131\u011f\u0131 ruhu\u201d ile \u201cy\u00fckselme h\u0131rs\u0131&#8221; \u00e7arp\u0131\u015ft\u0131\u011f\u0131nda, ili\u015fkiler ihtirasa ve ac\u0131mas\u0131z rekabete mi d\u00f6n\u00fc\u015fecektir? Para arkada\u015fl\u0131\u011f\u0131, kahramanl\u0131\u011f\u0131, a\u015fk\u0131, hatta onuru sat\u0131n almaya yeter mi? Ve sava\u015f\u0131n kazanan\u0131 varsa kaybedeni de yok mudur?Sava\u015f edebiyat\u0131m\u0131z\u0131n usta kalemi Cihangir Ak\u015fit, yerli ve yabanc\u0131 ar\u015fivlerde yapt\u0131\u011f\u0131 titiz \u00e7al\u0131\u015fma ve ger\u00e7eklerden beslenen hayal g\u00fcc\u00fcyle bu kez okurlar\u0131n\u0131, edebiyat\u0131m\u0131zda eksikli\u011fi hissedilen K\u0131r\u0131m Sava\u015f\u0131\u2019na g\u00f6t\u00fcr\u00fcyor. K\u0131r\u0131m-Demir Misket 1: Yolcu 1854, unutulmu\u015f ruhlar\u0131n \u00e7\u0131\u011fl\u0131\u011f\u0131n\u0131 bug\u00fcne ta\u015f\u0131yan, g\u00fcn\u00fcm\u00fcze g\u00f6lgesi d\u00fc\u015fen ge\u00e7mi\u015fin \u00e7eli\u015fkilerini irdeleyen ve t\u00fcm sava\u015flar\u0131 sorgulayarak bar\u0131\u015f \u00f6zlemini dillendiren bir roman!<\/p>\n","protected":false},"excerpt":{"rendered":"<p>Selam olsun Tolstoy\u2019un Sivastopol\u2019una\u2026\u201d\u0130stanbul, 1854\u2026 D\u00fcnya sava\u015flar\u0131n\u0131n atas\u0131 say\u0131lan K\u0131r\u0131m Sava\u015f\u0131\u2019nda, Sivastopol cephesi yolcusu iki zabit&#8230; \u015f\u0131mar\u0131k ve \u201cfaide odakl\u0131\u201d yal\u0131 \u00e7ocu\u011fu Osman Efendi ile fedak\u00e2r,<span class=\"excerpt-hellip\"> [\u2026]<\/span><\/p>\n","protected":false},"featured_media":0,"template":"","meta":{"_monsterinsights_skip_tracking":false,"_monsterinsights_sitenote_active":false,"_monsterinsights_sitenote_note":"","_monsterinsights_sitenote_category":0},"product_brand":[],"product_cat":[12291,12745],"product_tag":[],"class_list":{"0":"post-726211","1":"product","2":"type-product","3":"status-publish","5":"product_cat-edebiyat","6":"product_cat-tarihi-roman","7":"pa_cilt-ciltsiz","8":"pa_tur-kitap","9":"pa_yayinevi-alfa-yayinlari","10":"pa_yazar-cihangir-aksit","12":"first","13":"instock","14":"sale","15":"shipping-taxable","16":"purchasable","17":"product-type-simple"},"_links":{"self":[{"href":"https:\/\/roveyayinevi.com.tr\/index.php\/wp-json\/wp\/v2\/product\/726211","targetHints":{"allow":["GET"]}}],"collection":[{"href":"https:\/\/roveyayinevi.com.tr\/index.php\/wp-json\/wp\/v2\/product"}],"about":[{"href":"https:\/\/roveyayinevi.com.tr\/index.php\/wp-json\/wp\/v2\/types\/product"}],"wp:attachment":[{"href":"https:\/\/roveyayinevi.com.tr\/index.php\/wp-json\/wp\/v2\/media?parent=726211"}],"wp:term":[{"taxonomy":"product_brand","embeddable":true,"href":"https:\/\/roveyayinevi.com.tr\/index.php\/wp-json\/wp\/v2\/product_brand?post=726211"},{"taxonomy":"product_cat","embeddable":true,"href":"https:\/\/roveyayinevi.com.tr\/index.php\/wp-json\/wp\/v2\/product_cat?post=726211"},{"taxonomy":"product_tag","embeddable":true,"href":"https:\/\/roveyayinevi.com.tr\/index.php\/wp-json\/wp\/v2\/product_tag?post=726211"}],"curies":[{"name":"wp","href":"https:\/\/api.w.org\/{rel}","templated":true}]}}