{"id":726208,"date":"2025-08-27T20:02:42","date_gmt":"2025-08-27T17:02:42","guid":{"rendered":"https:\/\/roveyayinevi.com.tr\/index.php\/urun\/seyh-ata-tarih-cesaret-edene-guler\/"},"modified":"2026-04-16T02:34:02","modified_gmt":"2026-04-15T23:34:02","slug":"seyh-ata-tarih-cesaret-edene-guler","status":"publish","type":"product","link":"https:\/\/roveyayinevi.com.tr\/index.php\/urun\/seyh-ata-tarih-cesaret-edene-guler\/","title":{"rendered":"\u015eeyh Ata \/ Tarih Cesaret Edene G\u00fcler"},"content":{"rendered":"<p>Atat\u00fcrk Liderli\u011findeki Kurtulu\u015f Sava\u015f\u0131\u2019n\u0131n En K\u0131ymetli Kahramanlar\u0131ndan Biri:\u015eeyh Ata Efendi\u0130stanbul\u2019un i\u015fgal y\u0131llar\u0131nda halk\u0131 bilin\u00e7lendirip y\u00fcreklendirmek yolunda b\u00fcy\u00fck emek veren \u00d6zbekler Tekkesi\u2019nin son \u015feyhi \u015eeyh Ata, i\u015fgalciler taraf\u0131ndan ele ge\u00e7irilen silah depolar\u0131ndan silah ve cephane ka\u00e7\u0131r\u0131larak Anadolu\u2019ya g\u00f6nderilmesine yard\u0131m edip \u00fclkenin kaderinin yeniden yaz\u0131lmas\u0131nda \u00f6nemli bir rol oynam\u0131\u015ft\u0131r.\u0130smet \u0130n\u00f6n\u00fc, Fevzi \u00c7akmak, Mehmet Akif Ersoy ve Halide Edib Ad\u0131var\u2019\u0131n \u0130stanbul\u2019dan Ankara\u2019ya ge\u00e7mesini sa\u011flayan \u015eeyh Ata Efendi, Mustafa Kemal Atat\u00fcrk taraf\u0131ndan da takdir edilmi\u015ftir. Tekke ve zaviyelerin kapat\u0131lmas\u0131na y\u00f6nelik \u00e7\u0131kan kanuna ra\u011fmen Milli M\u00fccadele y\u0131llar\u0131nda yapt\u0131\u011f\u0131 hizmetlerden dolay\u0131 \u00d6zbekler Tekkesi\u2019nin a\u00e7\u0131k kalmas\u0131na izin verilmi\u015ftir.\u015eeyh Ata Efendi hakk\u0131nda yaz\u0131lan bu ilk kitapta Milli M\u00fccadele\u2019nin, inanc\u0131n, fedak\u00e2rl\u0131\u011f\u0131n ve ayd\u0131nlanman\u0131n derin izlerini bulacaks\u0131n\u0131z.<\/p>\n","protected":false},"excerpt":{"rendered":"<p>Atat\u00fcrk Liderli\u011findeki Kurtulu\u015f Sava\u015f\u0131\u2019n\u0131n En K\u0131ymetli Kahramanlar\u0131ndan Biri:\u015eeyh Ata Efendi\u0130stanbul\u2019un i\u015fgal y\u0131llar\u0131nda halk\u0131 bilin\u00e7lendirip y\u00fcreklendirmek yolunda b\u00fcy\u00fck emek veren \u00d6zbekler Tekkesi\u2019nin son \u015feyhi \u015eeyh Ata, i\u015fgalciler<span class=\"excerpt-hellip\"> [\u2026]<\/span><\/p>\n","protected":false},"featured_media":0,"template":"","meta":{"_monsterinsights_skip_tracking":false,"_monsterinsights_sitenote_active":false,"_monsterinsights_sitenote_note":"","_monsterinsights_sitenote_category":0},"product_brand":[],"product_cat":[14009,12291],"product_tag":[],"class_list":{"0":"post-726208","1":"product","2":"type-product","3":"status-publish","5":"product_cat-biyografi-otobiyografi-edebiyat","6":"product_cat-edebiyat","7":"pa_cilt-ciltsiz","8":"pa_tur-kitap","9":"pa_yayinevi-destek-yayinlari","10":"pa_yazar-onur-atac","12":"first","13":"instock","14":"sale","15":"shipping-taxable","16":"purchasable","17":"product-type-simple"},"_links":{"self":[{"href":"https:\/\/roveyayinevi.com.tr\/index.php\/wp-json\/wp\/v2\/product\/726208","targetHints":{"allow":["GET"]}}],"collection":[{"href":"https:\/\/roveyayinevi.com.tr\/index.php\/wp-json\/wp\/v2\/product"}],"about":[{"href":"https:\/\/roveyayinevi.com.tr\/index.php\/wp-json\/wp\/v2\/types\/product"}],"wp:attachment":[{"href":"https:\/\/roveyayinevi.com.tr\/index.php\/wp-json\/wp\/v2\/media?parent=726208"}],"wp:term":[{"taxonomy":"product_brand","embeddable":true,"href":"https:\/\/roveyayinevi.com.tr\/index.php\/wp-json\/wp\/v2\/product_brand?post=726208"},{"taxonomy":"product_cat","embeddable":true,"href":"https:\/\/roveyayinevi.com.tr\/index.php\/wp-json\/wp\/v2\/product_cat?post=726208"},{"taxonomy":"product_tag","embeddable":true,"href":"https:\/\/roveyayinevi.com.tr\/index.php\/wp-json\/wp\/v2\/product_tag?post=726208"}],"curies":[{"name":"wp","href":"https:\/\/api.w.org\/{rel}","templated":true}]}}