{"id":726207,"date":"2025-08-27T20:02:41","date_gmt":"2025-08-27T17:02:41","guid":{"rendered":"https:\/\/roveyayinevi.com.tr\/index.php\/urun\/barbie-super-kolay-boyama-kitabi\/"},"modified":"2025-10-18T06:06:42","modified_gmt":"2025-10-18T03:06:42","slug":"barbie-super-kolay-boyama-kitabi","status":"publish","type":"product","link":"https:\/\/roveyayinevi.com.tr\/index.php\/urun\/barbie-super-kolay-boyama-kitabi\/","title":{"rendered":"Barbie S\u00fcper Kolay Boyama Kitab\u0131"},"content":{"rendered":"<p>EN SEVD\u0130\u011e\u0130N KAHRAMANLAR SEN\u0130 RENKL\u0130 D\u00dcNYALARINA \u00c7A\u011eIRIYOR. KALEMLER\u0130N\u0130 HAZIRLA, BOYAMAYA BA\u015eLA! <\/p>\n","protected":false},"excerpt":{"rendered":"<p>EN SEVD\u0130\u011e\u0130N KAHRAMANLAR SEN\u0130 RENKL\u0130 D\u00dcNYALARINA \u00c7A\u011eIRIYOR. KALEMLER\u0130N\u0130 HAZIRLA, BOYAMAYA BA\u015eLA!<\/p>\n","protected":false},"featured_media":0,"template":"","meta":{"_monsterinsights_skip_tracking":false,"_monsterinsights_sitenote_active":false,"_monsterinsights_sitenote_note":"","_monsterinsights_sitenote_category":0},"product_brand":[],"product_cat":[12644,12274],"product_tag":[],"class_list":{"0":"post-726207","1":"product","2":"type-product","3":"status-publish","5":"product_cat-boyama-kitaplari","6":"product_cat-cocuk-ve-genclik-kitaplari","7":"pa_cilt-ciltsiz","8":"pa_tur-kitap","9":"pa_yayinevi-dogan-egmont-yayincilik","10":"pa_yazar-dogan-kolektif","12":"first","13":"instock","14":"sale","15":"shipping-taxable","16":"purchasable","17":"product-type-simple"},"_links":{"self":[{"href":"https:\/\/roveyayinevi.com.tr\/index.php\/wp-json\/wp\/v2\/product\/726207","targetHints":{"allow":["GET"]}}],"collection":[{"href":"https:\/\/roveyayinevi.com.tr\/index.php\/wp-json\/wp\/v2\/product"}],"about":[{"href":"https:\/\/roveyayinevi.com.tr\/index.php\/wp-json\/wp\/v2\/types\/product"}],"wp:attachment":[{"href":"https:\/\/roveyayinevi.com.tr\/index.php\/wp-json\/wp\/v2\/media?parent=726207"}],"wp:term":[{"taxonomy":"product_brand","embeddable":true,"href":"https:\/\/roveyayinevi.com.tr\/index.php\/wp-json\/wp\/v2\/product_brand?post=726207"},{"taxonomy":"product_cat","embeddable":true,"href":"https:\/\/roveyayinevi.com.tr\/index.php\/wp-json\/wp\/v2\/product_cat?post=726207"},{"taxonomy":"product_tag","embeddable":true,"href":"https:\/\/roveyayinevi.com.tr\/index.php\/wp-json\/wp\/v2\/product_tag?post=726207"}],"curies":[{"name":"wp","href":"https:\/\/api.w.org\/{rel}","templated":true}]}}