{"id":726201,"date":"2025-08-27T20:02:35","date_gmt":"2025-08-27T17:02:35","guid":{"rendered":"https:\/\/roveyayinevi.com.tr\/index.php\/urun\/prenses-okulu-33-elmas-kulelerde\/"},"modified":"2025-11-13T06:13:01","modified_gmt":"2025-11-13T03:13:01","slug":"prenses-okulu-33-elmas-kulelerde","status":"publish","type":"product","link":"https:\/\/roveyayinevi.com.tr\/index.php\/urun\/prenses-okulu-33-elmas-kulelerde\/","title":{"rendered":"Prenses Okulu -33 Elmas Kuleler&#8217;de"},"content":{"rendered":"<p>Yeni d\u00f6nem ba\u015flad\u0131 bile ve prensesler Elmas Kuleler\u2019deler. Burada hayvanlara bakmay\u0131 \u00f6\u011frenecekler ve Prenses Caitlin bunun i\u00e7in \u00e7ok heyecanl\u0131!<\/p>\n","protected":false},"excerpt":{"rendered":"<p>Yeni d\u00f6nem ba\u015flad\u0131 bile ve prensesler Elmas Kuleler\u2019deler. Burada hayvanlara bakmay\u0131 \u00f6\u011frenecekler ve Prenses Caitlin bunun i\u00e7in \u00e7ok heyecanl\u0131!<\/p>\n","protected":false},"featured_media":0,"template":"","meta":{"_monsterinsights_skip_tracking":false,"_monsterinsights_sitenote_active":false,"_monsterinsights_sitenote_note":"","_monsterinsights_sitenote_category":0},"product_brand":[],"product_cat":[12275,12274],"product_tag":[],"class_list":{"0":"post-726201","1":"product","2":"type-product","3":"status-publish","5":"product_cat-6-12-yas-kitaplari","6":"product_cat-cocuk-ve-genclik-kitaplari","7":"pa_cilt-ciltsiz","8":"pa_tur-kitap","9":"pa_yayinevi-dogan-egmont-yayincilik","10":"pa_yazar-vivian-french","12":"first","13":"instock","14":"sale","15":"shipping-taxable","16":"purchasable","17":"product-type-simple"},"_links":{"self":[{"href":"https:\/\/roveyayinevi.com.tr\/index.php\/wp-json\/wp\/v2\/product\/726201","targetHints":{"allow":["GET"]}}],"collection":[{"href":"https:\/\/roveyayinevi.com.tr\/index.php\/wp-json\/wp\/v2\/product"}],"about":[{"href":"https:\/\/roveyayinevi.com.tr\/index.php\/wp-json\/wp\/v2\/types\/product"}],"wp:attachment":[{"href":"https:\/\/roveyayinevi.com.tr\/index.php\/wp-json\/wp\/v2\/media?parent=726201"}],"wp:term":[{"taxonomy":"product_brand","embeddable":true,"href":"https:\/\/roveyayinevi.com.tr\/index.php\/wp-json\/wp\/v2\/product_brand?post=726201"},{"taxonomy":"product_cat","embeddable":true,"href":"https:\/\/roveyayinevi.com.tr\/index.php\/wp-json\/wp\/v2\/product_cat?post=726201"},{"taxonomy":"product_tag","embeddable":true,"href":"https:\/\/roveyayinevi.com.tr\/index.php\/wp-json\/wp\/v2\/product_tag?post=726201"}],"curies":[{"name":"wp","href":"https:\/\/api.w.org\/{rel}","templated":true}]}}