{"id":726199,"date":"2025-08-27T20:02:34","date_gmt":"2025-08-27T17:02:34","guid":{"rendered":"https:\/\/roveyayinevi.com.tr\/index.php\/urun\/hikayedeki-seni-bul\/"},"modified":"2026-04-08T02:42:27","modified_gmt":"2026-04-07T23:42:27","slug":"hikayedeki-seni-bul","status":"publish","type":"product","link":"https:\/\/roveyayinevi.com.tr\/index.php\/urun\/hikayedeki-seni-bul\/","title":{"rendered":"Hikayedeki Seni Bul"},"content":{"rendered":"<p>Bir kitap\u00e7\u0131da ald\u0131n eline bu kitab\u0131. Sadece, arka kapa\u011f\u0131ndan, ad\u0131ndan \u201cBu kitap beni \u00e7eker mi, almal\u0131 m\u0131y\u0131m?\u201d sorusuna cevap ar\u0131yorsun belli ki! Sana \u00f6nce bu kitab\u0131n ne verece\u011fini s\u00f6yleyece\u011fim, ard\u0131ndan diledi\u011fin bir hik\u00e2yenin ilk sayfas\u0131n\u0131 okuman\u0131 isteyece\u011fim. Belki merak\u0131ndan hik\u00e2yelerin isimlerine bak\u0131p heyecan\u0131n dozunu da art\u0131r\u0131rs\u0131n benim i\u00e7in. Ben eminim al\u0131p \u00e7\u0131kars\u0131n hik\u00e2yelerimi cebine. \u00c7\u00fcnk\u00fc her hik\u00e2ye benim, sensin ve biziz! Bu kitap, bilim-kurgu, fantastik ve mistik hik\u00e2yelerden olu\u015fuyor. Her hik\u00e2yenin sonu, sana sunulan fikirler, sorular ve meditasyonla bitiyor. Bu kitap, sana bamba\u015fka kurgulanm\u0131\u015f hik\u00e2yelerde zihnini, ger\u00e7ekleri ve koskoca evreni veriyor. Sadece okumakla kalmayaca\u011f\u0131n, ard\u0131ndan zaman zaman el\u0130ne al\u0131p se\u00e7t\u0130\u011f\u0130n sayfalarda sorular\u0131na cevap bulaca\u011f\u0131n b\u0130r ba\u015f ucu k\u0130tab\u0131. Seni, beni, bizi bulmaya var m\u0131s\u0131n? <\/p>\n","protected":false},"excerpt":{"rendered":"<p>Bir kitap\u00e7\u0131da ald\u0131n eline bu kitab\u0131. Sadece, arka kapa\u011f\u0131ndan, ad\u0131ndan \u201cBu kitap beni \u00e7eker mi, almal\u0131 m\u0131y\u0131m?\u201d sorusuna cevap ar\u0131yorsun belli ki! Sana \u00f6nce bu kitab\u0131n<span class=\"excerpt-hellip\"> [\u2026]<\/span><\/p>\n","protected":false},"featured_media":0,"template":"","meta":{"_monsterinsights_skip_tracking":false,"_monsterinsights_sitenote_active":false,"_monsterinsights_sitenote_note":"","_monsterinsights_sitenote_category":0},"product_brand":[],"product_cat":[12364,12376],"product_tag":[],"class_list":{"0":"post-726199","1":"product","2":"type-product","3":"status-publish","5":"product_cat-genel-konular","6":"product_cat-kisisel-gelisim","7":"pa_cilt-ciltsiz","8":"pa_tur-kitap","9":"pa_yayinevi-muptela-yayinevi","10":"pa_yazar-betul-yergok","12":"first","13":"instock","14":"sale","15":"shipping-taxable","16":"purchasable","17":"product-type-simple"},"_links":{"self":[{"href":"https:\/\/roveyayinevi.com.tr\/index.php\/wp-json\/wp\/v2\/product\/726199","targetHints":{"allow":["GET"]}}],"collection":[{"href":"https:\/\/roveyayinevi.com.tr\/index.php\/wp-json\/wp\/v2\/product"}],"about":[{"href":"https:\/\/roveyayinevi.com.tr\/index.php\/wp-json\/wp\/v2\/types\/product"}],"wp:attachment":[{"href":"https:\/\/roveyayinevi.com.tr\/index.php\/wp-json\/wp\/v2\/media?parent=726199"}],"wp:term":[{"taxonomy":"product_brand","embeddable":true,"href":"https:\/\/roveyayinevi.com.tr\/index.php\/wp-json\/wp\/v2\/product_brand?post=726199"},{"taxonomy":"product_cat","embeddable":true,"href":"https:\/\/roveyayinevi.com.tr\/index.php\/wp-json\/wp\/v2\/product_cat?post=726199"},{"taxonomy":"product_tag","embeddable":true,"href":"https:\/\/roveyayinevi.com.tr\/index.php\/wp-json\/wp\/v2\/product_tag?post=726199"}],"curies":[{"name":"wp","href":"https:\/\/api.w.org\/{rel}","templated":true}]}}