{"id":726198,"date":"2025-08-27T20:02:33","date_gmt":"2025-08-27T17:02:33","guid":{"rendered":"https:\/\/roveyayinevi.com.tr\/index.php\/urun\/turbulans\/"},"modified":"2026-04-16T02:34:02","modified_gmt":"2026-04-15T23:34:02","slug":"turbulans","status":"publish","type":"product","link":"https:\/\/roveyayinevi.com.tr\/index.php\/urun\/turbulans\/","title":{"rendered":"T\u00fcrb\u00fclans"},"content":{"rendered":"<p>be hey ben sevdalan\u0131p ordu kuraca\u011f\u0131m k\u0131z gibi bir ordu vah\u015fi de\u011fi\u015fken \u00e7ekip cenkle\u015fecek kadar ani nas\u0131l ki d\u00fc\u015fer ad\u0131m dillere hayret ad\u0131m ular kendini esmer kavsine buzun suya d\u00f6nerken \u00e7\u0131t\u0131rt\u0131s\u0131 ad\u0131m \u00f6fkesi \u00fczerime olsun tanr\u0131n\u0131n be hey g\u00fcnah\u0131 boynuma ettiklerimin k\u0131z gibi! <\/p>\n","protected":false},"excerpt":{"rendered":"<p>be hey ben sevdalan\u0131p ordu kuraca\u011f\u0131m k\u0131z gibi bir ordu vah\u015fi de\u011fi\u015fken \u00e7ekip cenkle\u015fecek kadar ani nas\u0131l ki d\u00fc\u015fer ad\u0131m dillere hayret ad\u0131m ular kendini esmer<span class=\"excerpt-hellip\"> [\u2026]<\/span><\/p>\n","protected":false},"featured_media":0,"template":"","meta":{"_monsterinsights_skip_tracking":false,"_monsterinsights_sitenote_active":false,"_monsterinsights_sitenote_note":"","_monsterinsights_sitenote_category":0},"product_brand":[],"product_cat":[12291,12509],"product_tag":[],"class_list":{"0":"post-726198","1":"product","2":"type-product","3":"status-publish","5":"product_cat-edebiyat","6":"product_cat-siir","7":"pa_cilt-ciltsiz","8":"pa_tur-kitap","9":"pa_yayinevi-ithaki-yayinlari","10":"pa_yazar-naile-dire","12":"first","13":"instock","14":"sale","15":"shipping-taxable","16":"purchasable","17":"product-type-simple"},"_links":{"self":[{"href":"https:\/\/roveyayinevi.com.tr\/index.php\/wp-json\/wp\/v2\/product\/726198","targetHints":{"allow":["GET"]}}],"collection":[{"href":"https:\/\/roveyayinevi.com.tr\/index.php\/wp-json\/wp\/v2\/product"}],"about":[{"href":"https:\/\/roveyayinevi.com.tr\/index.php\/wp-json\/wp\/v2\/types\/product"}],"wp:attachment":[{"href":"https:\/\/roveyayinevi.com.tr\/index.php\/wp-json\/wp\/v2\/media?parent=726198"}],"wp:term":[{"taxonomy":"product_brand","embeddable":true,"href":"https:\/\/roveyayinevi.com.tr\/index.php\/wp-json\/wp\/v2\/product_brand?post=726198"},{"taxonomy":"product_cat","embeddable":true,"href":"https:\/\/roveyayinevi.com.tr\/index.php\/wp-json\/wp\/v2\/product_cat?post=726198"},{"taxonomy":"product_tag","embeddable":true,"href":"https:\/\/roveyayinevi.com.tr\/index.php\/wp-json\/wp\/v2\/product_tag?post=726198"}],"curies":[{"name":"wp","href":"https:\/\/api.w.org\/{rel}","templated":true}]}}