{"id":726196,"date":"2025-08-27T20:02:31","date_gmt":"2025-08-27T17:02:31","guid":{"rendered":"https:\/\/roveyayinevi.com.tr\/index.php\/urun\/isigim-sensin\/"},"modified":"2026-04-16T02:34:02","modified_gmt":"2026-04-15T23:34:02","slug":"isigim-sensin","status":"publish","type":"product","link":"https:\/\/roveyayinevi.com.tr\/index.php\/urun\/isigim-sensin\/","title":{"rendered":"I\u015f\u0131\u011f\u0131m Sensin"},"content":{"rendered":"<p>Sana d\u00f6nen yolu daima bulaca\u011f\u0131m\u2026Fisher, lisede donanmaya yaz\u0131ld\u0131\u011f\u0131 g\u00fcn hayat\u0131n\u0131n a\u015fk\u0131n\u0131 bulaca\u011f\u0131ndan habersizdi. \u0130\u00e7indeki vatansever onu cepheye tekrar tekrar gitmeye zorlasa da daima Lucy\u2019ye d\u00f6nece\u011fini d\u00fc\u015f\u00fcn\u00fcyordu.A\u015fklar\u0131n\u0131n filizlendi\u011fi ada, evlendikten sonra da onlara yuva olmaya devam etti. Lucy ailesinin motelini i\u015fletip kocas\u0131na destek olmaya \u00e7abal\u0131yor, seferden her d\u00f6n\u00fc\u015f\u00fcnde ruhundaki yaralar\u0131 \u00f6zenle sarmaya u\u011fra\u015f\u0131yordu. Fakat Fisher ya\u015fad\u0131\u011f\u0131 sava\u015f travmalar\u0131n\u0131 art\u0131k atlatamamaya ba\u015flam\u0131\u015ft\u0131 ve bir g\u00fcn \u00e7evresindeki herkes i\u00e7in b\u00fcy\u00fck bir tehdit h\u00e2line geldi\u011fini fark etti. \u0130yile\u015fmek ve tekrar Lucy\u2019nin sevdi\u011fi adam olabilmek i\u00e7in bir an \u00f6nce uzakla\u015fmas\u0131 gerekiyordu. Aradan ge\u00e7en bir y\u0131lda, de\u011fi\u015fmeyen tek \u015fey a\u015fkt\u0131.\u201cKalp k\u0131r\u0131kl\u0131\u011f\u0131, ikinci \u015fanslar, ruhu par\u00e7alayan \u015feyler ve ger\u00e7ek a\u015fk\u0131n o ruhu tekrar iyile\u015ftirme g\u00fcc\u00fcne dair benzersiz bir hik\u00e2ye.\u201d \u2014Mia Sheridan\u201cCesur, tutkulu ve \u00e7arp\u0131c\u0131.\u201d \u2014Jacinda Wilder\u201cY\u00fcrek burkan anlar kalbinizi delip ge\u00e7erken sihirli bir \u015fekilde a\u015fk, fedak\u00e2rl\u0131k, romantizm ve tutku dolu sahnelere d\u00f6n\u00fc\u015f\u00fcyor ve par\u00e7alad\u0131\u011f\u0131 kalbinizi onar\u0131yor.\u201d \u2014S.C. Stephens \u201cSizi tamamen kendine ba\u011flayacak, kendinizi etraf\u0131n\u0131zdaki d\u00fcnyaya kapaman\u0131za neden olacak ve duygusal olarak ba\u015fka hi\u00e7bir \u015fey d\u00fc\u015f\u00fcnemeyece\u011finiz h\u00e2le gelene dek avucunun i\u00e7ine alacak bir hik\u00e2ye bu.\u201d \u2014Natasha is a Book Junkie\u201cOf! Of! Of!! Bu m\u00fckemmel kitab\u0131 duygudan duyguya savrularak bitirdim. \u0130lk sayfadan itibaren beni ele ge\u00e7irdi ve bitirene kadar elimden b\u0131rakamad\u0131m! 15 y\u0131la yay\u0131lan ger\u00e7ek a\u015fk\u0131n y\u00fcrek burkan, ac\u0131 verici denli g\u00fczel hik\u00e2yesi.\u201d \u2014Aestas Book Blog<\/p>\n","protected":false},"excerpt":{"rendered":"<p>Sana d\u00f6nen yolu daima bulaca\u011f\u0131m\u2026Fisher, lisede donanmaya yaz\u0131ld\u0131\u011f\u0131 g\u00fcn hayat\u0131n\u0131n a\u015fk\u0131n\u0131 bulaca\u011f\u0131ndan habersizdi. \u0130\u00e7indeki vatansever onu cepheye tekrar tekrar gitmeye zorlasa da daima Lucy\u2019ye d\u00f6nece\u011fini d\u00fc\u015f\u00fcn\u00fcyordu.A\u015fklar\u0131n\u0131n<span class=\"excerpt-hellip\"> [\u2026]<\/span><\/p>\n","protected":false},"featured_media":0,"template":"","meta":{"_monsterinsights_skip_tracking":false,"_monsterinsights_sitenote_active":false,"_monsterinsights_sitenote_note":"","_monsterinsights_sitenote_category":0},"product_brand":[],"product_cat":[12291,12711],"product_tag":[],"class_list":{"0":"post-726196","1":"product","2":"type-product","3":"status-publish","5":"product_cat-edebiyat","6":"product_cat-roman-oyku","7":"pa_cilt-ciltsiz","8":"pa_tur-kitap","9":"pa_yayinevi-yabanci-yayinevi","10":"pa_yazar-tara-sivec","12":"first","13":"instock","14":"sale","15":"shipping-taxable","16":"purchasable","17":"product-type-simple"},"_links":{"self":[{"href":"https:\/\/roveyayinevi.com.tr\/index.php\/wp-json\/wp\/v2\/product\/726196","targetHints":{"allow":["GET"]}}],"collection":[{"href":"https:\/\/roveyayinevi.com.tr\/index.php\/wp-json\/wp\/v2\/product"}],"about":[{"href":"https:\/\/roveyayinevi.com.tr\/index.php\/wp-json\/wp\/v2\/types\/product"}],"wp:attachment":[{"href":"https:\/\/roveyayinevi.com.tr\/index.php\/wp-json\/wp\/v2\/media?parent=726196"}],"wp:term":[{"taxonomy":"product_brand","embeddable":true,"href":"https:\/\/roveyayinevi.com.tr\/index.php\/wp-json\/wp\/v2\/product_brand?post=726196"},{"taxonomy":"product_cat","embeddable":true,"href":"https:\/\/roveyayinevi.com.tr\/index.php\/wp-json\/wp\/v2\/product_cat?post=726196"},{"taxonomy":"product_tag","embeddable":true,"href":"https:\/\/roveyayinevi.com.tr\/index.php\/wp-json\/wp\/v2\/product_tag?post=726196"}],"curies":[{"name":"wp","href":"https:\/\/api.w.org\/{rel}","templated":true}]}}