{"id":726195,"date":"2025-08-27T20:02:30","date_gmt":"2025-08-27T17:02:30","guid":{"rendered":"https:\/\/roveyayinevi.com.tr\/index.php\/urun\/kral-arthurun-sarayinda-connecticutli-bir-yankee\/"},"modified":"2026-04-16T02:34:02","modified_gmt":"2026-04-15T23:34:02","slug":"kral-arthurun-sarayinda-connecticutli-bir-yankee","status":"publish","type":"product","link":"https:\/\/roveyayinevi.com.tr\/index.php\/urun\/kral-arthurun-sarayinda-connecticutli-bir-yankee\/","title":{"rendered":"Kral Arthur\u2019un Saray\u0131nda Connecticut\u2019l\u0131 Bir Yankee"},"content":{"rendered":"<p>B\u00fct\u00fcn o mizah\u0131n\u0131n alt\u0131nda, meselenin kalbine inmeye dair ger\u00e7ek bir arzu oldu\u011funu hissediyorsunuz bence. Bu, onu sert bir y\u00f6ne g\u00f6t\u00fcr\u00fcnce dert etmiyor. Komik bir y\u00f6ne g\u00f6t\u00fcr\u00fcnce de. Twain, hik\u00e2yenin mant\u0131\u011f\u0131n\u0131n \u00e7a\u011f\u0131rd\u0131\u011f\u0131 yere giden nadir yazarlardan biriydi.\u201d \u2013George Saunders   William Faulkner taraf\u0131ndan, \u201cAmerikan edebiyat\u0131n\u0131n babas\u0131\u201d olarak tan\u0131mlanan, ad\u0131na mizah \u00f6d\u00fclleri verilen Mark Twain, Huckleberry Finn\u2019in Maceralar\u0131, Tom Sawyer\u2019\u0131n Maceralar\u0131 gibi unutulmaz eserler kaleme alman\u0131n yan\u0131 s\u0131ra, hayat\u0131 boyunca k\u00f6lelik kar\u015f\u0131t\u0131 g\u00f6r\u00fc\u015flerini dile getirdi, i\u015f\u00e7i hareketinin hararetli bir destek\u00e7isiydi. Yapt\u0131\u011f\u0131 yat\u0131r\u0131mlar y\u00fcz\u00fcnden iflas etmi\u015f olsa da bilime \u00e7ok merakl\u0131yd\u0131 ve Nikola Tesla\u2019yla yak\u0131n bir dostlu\u011fu vard\u0131.    Kral Arthur\u2019un Saray\u0131nda Connecticut\u2019l\u0131 Bir Yankee\u2019de, on dokuzuncu y\u00fczy\u0131lda, Amerika\u2019da ya\u015fayan bir m\u00fchendis, ba\u015f\u0131na ald\u0131\u011f\u0131 bir darbeden sonra Kral Arthur\u2019un h\u00fckm\u00fc alt\u0131ndaki alt\u0131nc\u0131 y\u00fczy\u0131l \u0130ngiltere\u2019sine \u0131\u015f\u0131nlan\u0131r. Zaman\u0131n \u00f6tesindeki bilgileriyle Camelot\u2019u \u00e7abucak etkisi alt\u0131na alan m\u00fchendis Hank Morgan, \u00f6nce b\u00fcy\u00fcc\u00fc Merlin\u2019e, sonra da Kilise\u2019ye kar\u015f\u0131 b\u00fcy\u00fck bir m\u00fccadeleye at\u0131lacakt\u0131r. Zaman yolculu\u011fu temas\u0131n\u0131 kullanan ilk eserlerden de olan Kral Arthur\u2019un Saray\u0131nda Connecticut\u2019l\u0131 Bir Yankee, demokrasiye ve teknolojik geli\u015fime dair kuvvetli bir hiciv<\/p>\n","protected":false},"excerpt":{"rendered":"<p>B\u00fct\u00fcn o mizah\u0131n\u0131n alt\u0131nda, meselenin kalbine inmeye dair ger\u00e7ek bir arzu oldu\u011funu hissediyorsunuz bence. Bu, onu sert bir y\u00f6ne g\u00f6t\u00fcr\u00fcnce dert etmiyor. Komik bir y\u00f6ne g\u00f6t\u00fcr\u00fcnce<span class=\"excerpt-hellip\"> [\u2026]<\/span><\/p>\n","protected":false},"featured_media":0,"template":"","meta":{"_monsterinsights_skip_tracking":false,"_monsterinsights_sitenote_active":false,"_monsterinsights_sitenote_note":"","_monsterinsights_sitenote_category":0},"product_brand":[],"product_cat":[12291,12711],"product_tag":[],"class_list":{"0":"post-726195","1":"product","2":"type-product","3":"status-publish","5":"product_cat-edebiyat","6":"product_cat-roman-oyku","7":"pa_cilt-ciltsiz","8":"pa_tur-kitap","9":"pa_yayinevi-ithaki-yayinlari","10":"pa_yazar-mark-twain","12":"first","13":"instock","14":"sale","15":"shipping-taxable","16":"purchasable","17":"product-type-simple"},"_links":{"self":[{"href":"https:\/\/roveyayinevi.com.tr\/index.php\/wp-json\/wp\/v2\/product\/726195","targetHints":{"allow":["GET"]}}],"collection":[{"href":"https:\/\/roveyayinevi.com.tr\/index.php\/wp-json\/wp\/v2\/product"}],"about":[{"href":"https:\/\/roveyayinevi.com.tr\/index.php\/wp-json\/wp\/v2\/types\/product"}],"wp:attachment":[{"href":"https:\/\/roveyayinevi.com.tr\/index.php\/wp-json\/wp\/v2\/media?parent=726195"}],"wp:term":[{"taxonomy":"product_brand","embeddable":true,"href":"https:\/\/roveyayinevi.com.tr\/index.php\/wp-json\/wp\/v2\/product_brand?post=726195"},{"taxonomy":"product_cat","embeddable":true,"href":"https:\/\/roveyayinevi.com.tr\/index.php\/wp-json\/wp\/v2\/product_cat?post=726195"},{"taxonomy":"product_tag","embeddable":true,"href":"https:\/\/roveyayinevi.com.tr\/index.php\/wp-json\/wp\/v2\/product_tag?post=726195"}],"curies":[{"name":"wp","href":"https:\/\/api.w.org\/{rel}","templated":true}]}}