{"id":726194,"date":"2025-08-27T20:02:29","date_gmt":"2025-08-27T17:02:29","guid":{"rendered":"https:\/\/roveyayinevi.com.tr\/index.php\/urun\/mercan-kolye\/"},"modified":"2026-04-16T02:34:02","modified_gmt":"2026-04-15T23:34:02","slug":"mercan-kolye","status":"publish","type":"product","link":"https:\/\/roveyayinevi.com.tr\/index.php\/urun\/mercan-kolye\/","title":{"rendered":"Mercan Kolye"},"content":{"rendered":"<p>&#8220;Mercan kolye annemin \u00e7ok istedi\u011fi bir \u015feydi. O hasta yata\u011f\u0131nda yatarken Nesrin\u2019le ben bir mercan iki boncuk dizerek ona bu kolyeyi yapm\u0131\u015ft\u0131k. Annem kolyeyi bana vermi\u015f,&#8217;\u0130n\u015fallah iyi olunca takar\u0131m.&#8217; demi\u015fti.Ancak annem o kolyeyi hi\u00e7 takamad\u0131.&#8221;Kemalettin Tu\u011fcu Mercan Kolye kitab\u0131nda; para h\u0131rs\u0131n\u0131n olumsuz sonu\u00e7lar\u0131n\u0131, ebeveyn ile \u00e7ocuk ili\u015fkisinin \u00f6nemini ve merhametten yoksun insanlar\u0131n da de\u011fi\u015febilece\u011fini anlat\u0131yor. Her kitab\u0131n arkas\u0131ndaki s\u00f6zl\u00fck ile yazar\u0131n kurdu\u011fu d\u00fcnyay\u0131 bozmadan okurlara sunuyoruz.<\/p>\n","protected":false},"excerpt":{"rendered":"<p>&#8220;Mercan kolye annemin \u00e7ok istedi\u011fi bir \u015feydi. O hasta yata\u011f\u0131nda yatarken Nesrin\u2019le ben bir mercan iki boncuk dizerek ona bu kolyeyi yapm\u0131\u015ft\u0131k. Annem kolyeyi bana vermi\u015f,&#8217;\u0130n\u015fallah<span class=\"excerpt-hellip\"> [\u2026]<\/span><\/p>\n","protected":false},"featured_media":0,"template":"","meta":{"_monsterinsights_skip_tracking":false,"_monsterinsights_sitenote_active":false,"_monsterinsights_sitenote_note":"","_monsterinsights_sitenote_category":0},"product_brand":[],"product_cat":[12291,12711],"product_tag":[],"class_list":{"0":"post-726194","1":"product","2":"type-product","3":"status-publish","5":"product_cat-edebiyat","6":"product_cat-roman-oyku","7":"pa_cilt-ciltsiz","8":"pa_tur-kitap","9":"pa_yayinevi-ucan-at","10":"pa_yazar-kemalettin-tugcu","12":"first","13":"instock","14":"sale","15":"shipping-taxable","16":"purchasable","17":"product-type-simple"},"_links":{"self":[{"href":"https:\/\/roveyayinevi.com.tr\/index.php\/wp-json\/wp\/v2\/product\/726194","targetHints":{"allow":["GET"]}}],"collection":[{"href":"https:\/\/roveyayinevi.com.tr\/index.php\/wp-json\/wp\/v2\/product"}],"about":[{"href":"https:\/\/roveyayinevi.com.tr\/index.php\/wp-json\/wp\/v2\/types\/product"}],"wp:attachment":[{"href":"https:\/\/roveyayinevi.com.tr\/index.php\/wp-json\/wp\/v2\/media?parent=726194"}],"wp:term":[{"taxonomy":"product_brand","embeddable":true,"href":"https:\/\/roveyayinevi.com.tr\/index.php\/wp-json\/wp\/v2\/product_brand?post=726194"},{"taxonomy":"product_cat","embeddable":true,"href":"https:\/\/roveyayinevi.com.tr\/index.php\/wp-json\/wp\/v2\/product_cat?post=726194"},{"taxonomy":"product_tag","embeddable":true,"href":"https:\/\/roveyayinevi.com.tr\/index.php\/wp-json\/wp\/v2\/product_tag?post=726194"}],"curies":[{"name":"wp","href":"https:\/\/api.w.org\/{rel}","templated":true}]}}