{"id":726193,"date":"2025-08-27T20:02:28","date_gmt":"2025-08-27T17:02:28","guid":{"rendered":"https:\/\/roveyayinevi.com.tr\/index.php\/urun\/demir-dokum-kadife-eldiven\/"},"modified":"2026-04-16T02:34:02","modified_gmt":"2026-04-15T23:34:02","slug":"demir-dokum-kadife-eldiven","status":"publish","type":"product","link":"https:\/\/roveyayinevi.com.tr\/index.php\/urun\/demir-dokum-kadife-eldiven\/","title":{"rendered":"Demir D\u00f6k\u00fcm Kadife Eldiven"},"content":{"rendered":"<p>\u201cOkumadan inanamayaca\u011f\u0131n\u0131z bir eser.\u201d \u2013The Washington Post   \u201cOlduk\u00e7a berrak bir k\u00e2bus.\u201d \u2013Entertainment Weekly   \u201cTwin Peaks\u2019ten \u00f6nce Demir D\u00f6k\u00fcm Kadife Eldiven vard\u0131!\u201d \u2013I-D Magazine Clay Loudermilk sinemada izledi\u011fi \u201cDemir D\u00f6k\u00fcm Kadife Eldiven\u201d adl\u0131 snuff filmde eski e\u015fini g\u00f6rd\u00fckten sonra onu bulmak i\u00e7in yola \u00e7\u0131kar. David Lynch ve Thomas Pynchon\u2019\u0131n zihninden \u00e7\u0131km\u0131\u015f gibi duran bu delilik ve sapk\u0131nl\u0131k dolu gizemli yolculukta Clay, sadist polislerle, \u201cVurdumduymaz Cinayetleri\u201dnden mesul Manson\u2019vari bir tarikatla, nemfomanyak bir kad\u0131n ve onun Cthulhu mitosundan f\u0131rlam\u0131\u015f bir yarat\u0131ktan d\u00fcnyaya gelme deforme k\u0131z\u0131yla kar\u015f\u0131la\u015facakt\u0131.   \u00dcnl\u00fc GHOST WORLD ve PATIENCE gibi grafik romanlar\u0131n yazar\u0131 Pen, Eisner ve Harvey \u00f6d\u00fcll\u00fc Daniel Clowes, Amerikan mitini yerle bir etmeye devam ediyor. <\/p>\n","protected":false},"excerpt":{"rendered":"<p>\u201cOkumadan inanamayaca\u011f\u0131n\u0131z bir eser.\u201d \u2013The Washington Post \u201cOlduk\u00e7a berrak bir k\u00e2bus.\u201d \u2013Entertainment Weekly \u201cTwin Peaks\u2019ten \u00f6nce Demir D\u00f6k\u00fcm Kadife Eldiven vard\u0131!\u201d \u2013I-D Magazine Clay Loudermilk sinemada<span class=\"excerpt-hellip\"> [\u2026]<\/span><\/p>\n","protected":false},"featured_media":0,"template":"","meta":{"_monsterinsights_skip_tracking":false,"_monsterinsights_sitenote_active":false,"_monsterinsights_sitenote_note":"","_monsterinsights_sitenote_category":0},"product_brand":[],"product_cat":[12689,12274],"product_tag":[],"class_list":{"0":"post-726193","1":"product","2":"type-product","3":"status-publish","5":"product_cat-cizgi-roman-cocuk-ve-genclik-kitaplari","6":"product_cat-cocuk-ve-genclik-kitaplari","7":"pa_cilt-ciltsiz","8":"pa_tur-kitap","9":"pa_yayinevi-ithaki-yayinlari","10":"pa_yazar-daniel-clowes","12":"first","13":"instock","14":"sale","15":"shipping-taxable","16":"purchasable","17":"product-type-simple"},"_links":{"self":[{"href":"https:\/\/roveyayinevi.com.tr\/index.php\/wp-json\/wp\/v2\/product\/726193","targetHints":{"allow":["GET"]}}],"collection":[{"href":"https:\/\/roveyayinevi.com.tr\/index.php\/wp-json\/wp\/v2\/product"}],"about":[{"href":"https:\/\/roveyayinevi.com.tr\/index.php\/wp-json\/wp\/v2\/types\/product"}],"wp:attachment":[{"href":"https:\/\/roveyayinevi.com.tr\/index.php\/wp-json\/wp\/v2\/media?parent=726193"}],"wp:term":[{"taxonomy":"product_brand","embeddable":true,"href":"https:\/\/roveyayinevi.com.tr\/index.php\/wp-json\/wp\/v2\/product_brand?post=726193"},{"taxonomy":"product_cat","embeddable":true,"href":"https:\/\/roveyayinevi.com.tr\/index.php\/wp-json\/wp\/v2\/product_cat?post=726193"},{"taxonomy":"product_tag","embeddable":true,"href":"https:\/\/roveyayinevi.com.tr\/index.php\/wp-json\/wp\/v2\/product_tag?post=726193"}],"curies":[{"name":"wp","href":"https:\/\/api.w.org\/{rel}","templated":true}]}}