{"id":726191,"date":"2025-08-27T20:02:26","date_gmt":"2025-08-27T17:02:26","guid":{"rendered":"https:\/\/roveyayinevi.com.tr\/index.php\/urun\/incili-terlik\/"},"modified":"2026-04-08T02:42:27","modified_gmt":"2026-04-07T23:42:27","slug":"incili-terlik","status":"publish","type":"product","link":"https:\/\/roveyayinevi.com.tr\/index.php\/urun\/incili-terlik\/","title":{"rendered":"\u0130ncili Terlik"},"content":{"rendered":"<p>Ben kap\u0131ya do\u011fru giderken kap\u0131 a\u00e7\u0131ld\u0131. Babam e\u015fikte belirdi. \u00dczerinde pijamalar\u0131 vard\u0131. G\u00fcnlerce t\u0131ra\u015f olmad\u0131\u011f\u0131 i\u00e7in, sakal\u0131 ve b\u0131y\u0131klar\u0131 uzam\u0131\u015ft\u0131. Sa\u00e7lar\u0131 da\u011f\u0131n\u0131k, y\u00fcz\u00fc k\u0131r\u0131\u015f\u0131kt\u0131. Onun arkas\u0131ndan k\u00fct\u00fcphanenin i\u00e7ine bakt\u0131m. Pek \u00f6yle kitaplarla ilgili olmayan babam, masan\u0131n \u00fczerine birtak\u0131m kitaplar indirmi\u015f, vakit ge\u00e7irmek i\u00e7in onlar\u0131 kar\u0131\u015ft\u0131r\u0131yordu. Yerlerde gazeteler vard\u0131. Masan\u0131n \u00fczerinde, el s\u00fcr\u00fclmemi\u015f bir tepsi yemek duruyordu.&#8221;Kemalettin Tu\u011fcu \u0130ncili Terlik kitab\u0131nda; merhamet ve sevgi g\u00f6stermenin, anlay\u0131\u015fl\u0131 olman\u0131n bir aile i\u00e7in \u00f6nemini ve herkesin hata yapabilece\u011fini ama bu hatalar\u0131 telai etmenin gereklili\u011fini vurguluyor. Her kitab\u0131n arkas\u0131ndaki s\u00f6zl\u00fck ile yazar\u0131n kurdu\u011fu d\u00fcnyay\u0131 bozmadan okurlara sunuyoruz.<\/p>\n","protected":false},"excerpt":{"rendered":"<p>Ben kap\u0131ya do\u011fru giderken kap\u0131 a\u00e7\u0131ld\u0131. Babam e\u015fikte belirdi. \u00dczerinde pijamalar\u0131 vard\u0131. G\u00fcnlerce t\u0131ra\u015f olmad\u0131\u011f\u0131 i\u00e7in, sakal\u0131 ve b\u0131y\u0131klar\u0131 uzam\u0131\u015ft\u0131. Sa\u00e7lar\u0131 da\u011f\u0131n\u0131k, y\u00fcz\u00fc k\u0131r\u0131\u015f\u0131kt\u0131. Onun arkas\u0131ndan<span class=\"excerpt-hellip\"> [\u2026]<\/span><\/p>\n","protected":false},"featured_media":0,"template":"","meta":{"_monsterinsights_skip_tracking":false,"_monsterinsights_sitenote_active":false,"_monsterinsights_sitenote_note":"","_monsterinsights_sitenote_category":0},"product_brand":[],"product_cat":[12291,12711],"product_tag":[],"class_list":{"0":"post-726191","1":"product","2":"type-product","3":"status-publish","5":"product_cat-edebiyat","6":"product_cat-roman-oyku","7":"pa_cilt-ciltsiz","8":"pa_tur-kitap","9":"pa_yayinevi-ucan-at","10":"pa_yazar-kemalettin-tugcu","12":"first","13":"instock","14":"sale","15":"shipping-taxable","16":"purchasable","17":"product-type-simple"},"_links":{"self":[{"href":"https:\/\/roveyayinevi.com.tr\/index.php\/wp-json\/wp\/v2\/product\/726191","targetHints":{"allow":["GET"]}}],"collection":[{"href":"https:\/\/roveyayinevi.com.tr\/index.php\/wp-json\/wp\/v2\/product"}],"about":[{"href":"https:\/\/roveyayinevi.com.tr\/index.php\/wp-json\/wp\/v2\/types\/product"}],"wp:attachment":[{"href":"https:\/\/roveyayinevi.com.tr\/index.php\/wp-json\/wp\/v2\/media?parent=726191"}],"wp:term":[{"taxonomy":"product_brand","embeddable":true,"href":"https:\/\/roveyayinevi.com.tr\/index.php\/wp-json\/wp\/v2\/product_brand?post=726191"},{"taxonomy":"product_cat","embeddable":true,"href":"https:\/\/roveyayinevi.com.tr\/index.php\/wp-json\/wp\/v2\/product_cat?post=726191"},{"taxonomy":"product_tag","embeddable":true,"href":"https:\/\/roveyayinevi.com.tr\/index.php\/wp-json\/wp\/v2\/product_tag?post=726191"}],"curies":[{"name":"wp","href":"https:\/\/api.w.org\/{rel}","templated":true}]}}