{"id":726187,"date":"2025-08-27T20:02:23","date_gmt":"2025-08-27T17:02:23","guid":{"rendered":"https:\/\/roveyayinevi.com.tr\/index.php\/urun\/damla-ile-bambu\/"},"modified":"2026-04-16T02:34:02","modified_gmt":"2026-04-15T23:34:02","slug":"damla-ile-bambu","status":"publish","type":"product","link":"https:\/\/roveyayinevi.com.tr\/index.php\/urun\/damla-ile-bambu\/","title":{"rendered":"Damla ile Bambu"},"content":{"rendered":"<p>\u039aedi Bambu, daha zil \u00e7almadan, kap\u0131 vurulmadan Damla\u2019n\u0131n annesinin eve geldi\u011fini, hatta ailedeki herkesin eve yakla\u015ft\u0131\u011f\u0131n\u0131 anl\u0131yor. Peki ama nas\u0131l? Damla ile Bambu, y\u0131llard\u0131r \u00f6zellikle \u00e7ocuk edebiyat\u0131na emek veren \u00e7evirmen, edit\u00f6r ve redakt\u00f6r Sumru A\u011f\u0131ry\u00fcr\u00fcyen\u2019in ilk kitab\u0131. Ayn\u0131 zamanda gelenekselden avangarda farkl\u0131 tarzlarda \u00e7al\u0131\u015fmalar\u0131yla tan\u0131nan bir m\u00fczisyen olan A\u011f\u0131ry\u00fcr\u00fcyen, bizi ku\u015fatan sesleri, do\u011fay\u0131 ve nihayetinde birbirimizi ger\u00e7ekten, ko\u015fulsuz, y\u00fcrekten dinlemek \u00fczerine bir \u00f6yk\u00fc anlat\u0131yor. \u00d6yk\u00fcde kedi Bambu ve dostu Damla&#8217;n\u0131n pe\u015finde sesler d\u00fcnyas\u0131na dalarak \u201ccankula\u011f\u0131yla dinleme\u201d sanat\u0131n\u0131n kap\u0131lar\u0131n\u0131 aral\u0131yoruz. Yapraklar\u0131 h\u0131\u015f\u0131rdatan r\u00fczg\u00e2r\u0131n, tela\u015fl\u0131 buluttan d\u00fc\u015fen ya\u011fmur damlalar\u0131n\u0131n sesine ressam Duygu Top\u00e7u&#8217;nun \u00f6yk\u00fcye yara\u015f\u0131r sadelikteki suluboya resimleri e\u015flik ediyor. \u201cNe duyuyorsun s\u00f6ylesene bana? Mutfakta kaynayan \u00e7ay\u0131n sesini\u2026 Annemle babam\u0131n terliklerinin t\u0131k\u0131rt\u0131s\u0131n\u0131\u2026 R\u00fczg\u00e2r\u0131n f\u0131s\u0131lt\u0131s\u0131n\u0131\u2026 Tek tek yere d\u00fc\u015fen yapraklar\u0131n sesini\u2026\u201d Birbirimizi ve \u00e7evremizi dinlemenin iyile\u015ftirici g\u00fcc\u00fc ad\u0131na! <\/p>\n","protected":false},"excerpt":{"rendered":"<p>\u039aedi Bambu, daha zil \u00e7almadan, kap\u0131 vurulmadan Damla\u2019n\u0131n annesinin eve geldi\u011fini, hatta ailedeki herkesin eve yakla\u015ft\u0131\u011f\u0131n\u0131 anl\u0131yor. Peki ama nas\u0131l? Damla ile Bambu, y\u0131llard\u0131r \u00f6zellikle \u00e7ocuk<span class=\"excerpt-hellip\"> [\u2026]<\/span><\/p>\n","protected":false},"featured_media":0,"template":"","meta":{"_monsterinsights_skip_tracking":false,"_monsterinsights_sitenote_active":false,"_monsterinsights_sitenote_note":"","_monsterinsights_sitenote_category":0},"product_brand":[],"product_cat":[12913,12274],"product_tag":[],"class_list":{"0":"post-726187","1":"product","2":"type-product","3":"status-publish","5":"product_cat-3-6-yas-kitaplari","6":"product_cat-cocuk-ve-genclik-kitaplari","7":"pa_cilt-ciltsiz","8":"pa_tur-kitap","9":"pa_yayinevi-kuraldisi-yayinevi","10":"pa_yazar-sumru-agiryuruyen","12":"first","13":"instock","14":"sale","15":"shipping-taxable","16":"purchasable","17":"product-type-simple"},"_links":{"self":[{"href":"https:\/\/roveyayinevi.com.tr\/index.php\/wp-json\/wp\/v2\/product\/726187","targetHints":{"allow":["GET"]}}],"collection":[{"href":"https:\/\/roveyayinevi.com.tr\/index.php\/wp-json\/wp\/v2\/product"}],"about":[{"href":"https:\/\/roveyayinevi.com.tr\/index.php\/wp-json\/wp\/v2\/types\/product"}],"wp:attachment":[{"href":"https:\/\/roveyayinevi.com.tr\/index.php\/wp-json\/wp\/v2\/media?parent=726187"}],"wp:term":[{"taxonomy":"product_brand","embeddable":true,"href":"https:\/\/roveyayinevi.com.tr\/index.php\/wp-json\/wp\/v2\/product_brand?post=726187"},{"taxonomy":"product_cat","embeddable":true,"href":"https:\/\/roveyayinevi.com.tr\/index.php\/wp-json\/wp\/v2\/product_cat?post=726187"},{"taxonomy":"product_tag","embeddable":true,"href":"https:\/\/roveyayinevi.com.tr\/index.php\/wp-json\/wp\/v2\/product_tag?post=726187"}],"curies":[{"name":"wp","href":"https:\/\/api.w.org\/{rel}","templated":true}]}}