{"id":726186,"date":"2025-08-27T20:02:22","date_gmt":"2025-08-27T17:02:22","guid":{"rendered":"https:\/\/roveyayinevi.com.tr\/index.php\/urun\/malkocoglu\/"},"modified":"2026-04-16T02:34:02","modified_gmt":"2026-04-15T23:34:02","slug":"malkocoglu","status":"publish","type":"product","link":"https:\/\/roveyayinevi.com.tr\/index.php\/urun\/malkocoglu\/","title":{"rendered":"Malko\u00e7o\u011flu"},"content":{"rendered":"<p>\u201cKozano\u011flu&#8230; Tarihi sevdiren adam&#8230;\u201d \u23bc\u00d6mer T\u00fcrke\u015f\u201cOnur, gurur ve sadakat ki\u015fili\u011fimin temelleri ise, bunu Abdullah Ziya\u2019ya, Nihal Ats\u0131z\u2019a, Alexandre Dumas\u2019ya ve Michel Zevaco\u2019ya bor\u00e7luyum&#8230;\u201d \u23bcH\u0131ncal Ulu\u00e7\u201cAmac\u0131m, T\u00fcrk insan\u0131n\u0131n, kendisine g\u00fcvenmesini, atalar\u0131yla \u00f6v\u00fcnmesini, kendisini ba\u015far\u0131c\u0131 g\u00f6rmesini sa\u011flamakt\u0131r.\u201d \u23bcA.Z. Kozano\u011fluAbdullah Ziya Kozano\u011flu cumhuriyetimizin ilk y\u0131llar\u0131nda kaleme ald\u0131\u011f\u0131 tarih\u00ee romanlarla T\u00fcrk insan\u0131nda mill\u00ee bir bilincin olu\u015fmas\u0131n\u0131 sa\u011flam\u0131\u015f, bunu yaparken gelecek ku\u015faklara g\u00f6sterilebilecek rol modellerini -ger\u00e7eklikten uzak ithal kahramanlar yerine- her biri g\u00f6rkemli tarihimizin i\u00e7inde par\u0131ldayan kahramanlardan se\u00e7mi\u015ftir. Tarih\u00ee ger\u00e7eklerle kurmacay\u0131 ustal\u0131kla harmanlayan Kozano\u011flu, eserleriyle d\u00f6neminde en \u00e7ok okunan yazarlardan biri olmu\u015f ayr\u0131ca sinemam\u0131z\u0131 da derinden etkileyerek T\u00fcrk tarihinin ayd\u0131nl\u0131k y\u00fcz\u00fcn\u00fcn daha geni\u015f kitlelere ta\u015f\u0131nmas\u0131n\u0131 ba\u015farm\u0131\u015ft\u0131r. Tarih edebiyat ili\u015fkisini b\u00fcy\u00fck bir titizlikle kuran usta yazar Kozano\u011flu, edebiyat\u0131m\u0131z kadar sinemam\u0131z\u0131 da etkileyen \u00f6l\u00fcms\u00fcz eseri Malko\u00e7o\u011flu\u2019nda okurunu Osmanl\u0131\u2019n\u0131n en ihti\u015faml\u0131 zamanlar\u0131ndan birine, Kanuni Sultan S\u00fcleyman d\u00f6nemine g\u00f6t\u00fcr\u00fcyor. B\u00fcy\u00fck T\u00fcrk kahraman\u0131 Malko\u00e7o\u011flu\u2019nun g\u00fcc\u00fc, akl\u0131 ve cesaretiyle Avrupa \u00fczerine sald\u0131\u011f\u0131 korkuyu, girdi\u011fi t\u00fcrl\u00fc m\u00fccadelelerden ustal\u0131kla kurtulu\u015funu en ince ayr\u0131nt\u0131s\u0131yla, b\u00fcy\u00fck bir ger\u00e7ekli\u011fe yaslanarak anlatan Kozano\u011flu, tarihten ald\u0131\u011f\u0131 g\u00fc\u00e7le her d\u00f6nem okuru i\u00e7in hakiki bir kahraman portresi \u00e7iziyor.\u201cBu tek adama kar\u015f\u0131 y\u00fczlerce, binlerce asker vurmak i\u00e7in kur\u015funlar ya\u011fd\u0131rd\u0131lar.\u2008O belki vurulmu\u015ftu belki vurulmam\u0131\u015ft\u0131. Fakat at\u0131n\u0131 s\u00fcrm\u00fc\u015f \u00fczerlerine do\u011fru geliyordu.\u2008Tek ak\u0131nc\u0131 ba\u015f\u0131nda kanl\u0131 sarg\u0131lar, son \u015far\u0131 da yakmak, son kaleyi de vurmak i\u00e7in tek ba\u015f\u0131na kopmu\u015f geliyordu.\u201d<\/p>\n","protected":false},"excerpt":{"rendered":"<p>\u201cKozano\u011flu&#8230; Tarihi sevdiren adam&#8230;\u201d \u23bc\u00d6mer T\u00fcrke\u015f\u201cOnur, gurur ve sadakat ki\u015fili\u011fimin temelleri ise, bunu Abdullah Ziya\u2019ya, Nihal Ats\u0131z\u2019a, Alexandre Dumas\u2019ya ve Michel Zevaco\u2019ya bor\u00e7luyum&#8230;\u201d \u23bcH\u0131ncal Ulu\u00e7\u201cAmac\u0131m, T\u00fcrk<span class=\"excerpt-hellip\"> [\u2026]<\/span><\/p>\n","protected":false},"featured_media":0,"template":"","meta":{"_monsterinsights_skip_tracking":false,"_monsterinsights_sitenote_active":false,"_monsterinsights_sitenote_note":"","_monsterinsights_sitenote_category":0},"product_brand":[],"product_cat":[12291,12745],"product_tag":[],"class_list":{"0":"post-726186","1":"product","2":"type-product","3":"status-publish","5":"product_cat-edebiyat","6":"product_cat-tarihi-roman","7":"pa_cilt-ciltsiz","8":"pa_tur-kitap","9":"pa_yayinevi-bilge-kultur-sanat","10":"pa_yazar-abdullah-ziya-kozanoglu","12":"first","13":"instock","14":"sale","15":"shipping-taxable","16":"purchasable","17":"product-type-simple"},"_links":{"self":[{"href":"https:\/\/roveyayinevi.com.tr\/index.php\/wp-json\/wp\/v2\/product\/726186","targetHints":{"allow":["GET"]}}],"collection":[{"href":"https:\/\/roveyayinevi.com.tr\/index.php\/wp-json\/wp\/v2\/product"}],"about":[{"href":"https:\/\/roveyayinevi.com.tr\/index.php\/wp-json\/wp\/v2\/types\/product"}],"wp:attachment":[{"href":"https:\/\/roveyayinevi.com.tr\/index.php\/wp-json\/wp\/v2\/media?parent=726186"}],"wp:term":[{"taxonomy":"product_brand","embeddable":true,"href":"https:\/\/roveyayinevi.com.tr\/index.php\/wp-json\/wp\/v2\/product_brand?post=726186"},{"taxonomy":"product_cat","embeddable":true,"href":"https:\/\/roveyayinevi.com.tr\/index.php\/wp-json\/wp\/v2\/product_cat?post=726186"},{"taxonomy":"product_tag","embeddable":true,"href":"https:\/\/roveyayinevi.com.tr\/index.php\/wp-json\/wp\/v2\/product_tag?post=726186"}],"curies":[{"name":"wp","href":"https:\/\/api.w.org\/{rel}","templated":true}]}}