{"id":726183,"date":"2025-08-27T20:02:19","date_gmt":"2025-08-27T17:02:19","guid":{"rendered":"https:\/\/roveyayinevi.com.tr\/index.php\/urun\/atli-han\/"},"modified":"2026-04-16T02:34:01","modified_gmt":"2026-04-15T23:34:01","slug":"atli-han","status":"publish","type":"product","link":"https:\/\/roveyayinevi.com.tr\/index.php\/urun\/atli-han\/","title":{"rendered":"Atl\u0131 Han"},"content":{"rendered":"<p>\u201cKozano\u011flu&#8230; Tarihi sevdiren adam&#8230;\u201d \u23bc\u00d6mer T\u00fcrke\u015f\u201cOnur, gurur ve sadakat ki\u015fili\u011fimin temelleri ise, bunu Abdullah Ziya\u2019ya, Nihal Ats\u0131z\u2019a, Alexandre Dumas\u2019ya ve Michel Zevaco\u2019ya bor\u00e7luyum&#8230;\u201d \u23bcH\u0131ncal Ulu\u00e7\u201cAmac\u0131m, T\u00fcrk insan\u0131n\u0131n, kendisine g\u00fcvenmesini, atalar\u0131yla \u00f6v\u00fcnmesini, kendisini ba\u015far\u0131c\u0131 g\u00f6rmesini sa\u011flamakt\u0131r.\u201d \u23bcA.Z. Kozano\u011fluAbdullah Ziya Kozano\u011flu cumhuriyetimizin ilk y\u0131llar\u0131nda kaleme ald\u0131\u011f\u0131 tarih\u00ee romanlarla T\u00fcrk insan\u0131nda mill\u00ee bir bilincin olu\u015fmas\u0131n\u0131 sa\u011flam\u0131\u015f, bunu yaparken gelecek ku\u015faklara g\u00f6sterilebilecek rol modellerini -ger\u00e7eklikten uzak ithal kahramanlar yerine- her biri g\u00f6rkemli tarihimizin i\u00e7inde par\u0131ldayan kahramanlardan se\u00e7mi\u015ftir. Tarih\u00ee ger\u00e7eklerle kurmacay\u0131 ustal\u0131kla harmanlayan Kozano\u011flu, eserleriyle d\u00f6neminde en \u00e7ok okunan yazarlardan biri olmu\u015f ayr\u0131ca sinemam\u0131z\u0131 da derinden etkileyerek T\u00fcrk tarihinin ayd\u0131nl\u0131k y\u00fcz\u00fcn\u00fcn daha geni\u015f kitlelere ta\u015f\u0131nmas\u0131n\u0131 ba\u015farm\u0131\u015ft\u0131r. Kozano\u011flu Atl\u0131 Han\u2019da kuvvetiyle b\u00fct\u00fcn Avrupa\u2019y\u0131 titreten b\u00fcy\u00fck hakan Attila\u2019y\u0131 ve onun korkusuz ceng\u00e2verlerinin maceralar\u0131n\u0131 anlat\u0131yor. Kozano\u011flu\u2019nun kaleminden \u00e7\u0131kan modern destan tad\u0131ndaki roman okurunu estetik bir zaman yolculu\u011funa \u00e7\u0131karacak.\u201c\u0130sa\u2019n\u0131n do\u011fumundan beri 451 y\u0131l ge\u00e7mi\u015fti.\u2008B\u00fcy\u00fck bir u\u011fultu&#8230;\u2008K\u0131l\u0131\u00e7lar\u0131n, tun\u00e7lar\u0131n birbirine \u00e7arpmas\u0131ndan \u00e7\u0131kan \u015fak\u0131rt\u0131lar, araba g\u0131c\u0131rt\u0131s\u0131, \u015fark\u0131 sesleri birbirine kar\u0131\u015f\u0131yor, \u00f6n\u00fcnde, b\u00fct\u00fcn d\u00fcnyaya meydan okuyan Attil\u00e2\u2019n\u0131n dokuz tu\u011fu ve sungurlu bayra\u011f\u0131 dalgalanan bir ordu do\u011fudan bat\u0131ya ak\u0131yor.\u2008Ak\u0131n!.. Ak\u0131n!.. Ak\u0131n!..\u201d<\/p>\n","protected":false},"excerpt":{"rendered":"<p>\u201cKozano\u011flu&#8230; Tarihi sevdiren adam&#8230;\u201d \u23bc\u00d6mer T\u00fcrke\u015f\u201cOnur, gurur ve sadakat ki\u015fili\u011fimin temelleri ise, bunu Abdullah Ziya\u2019ya, Nihal Ats\u0131z\u2019a, Alexandre Dumas\u2019ya ve Michel Zevaco\u2019ya bor\u00e7luyum&#8230;\u201d \u23bcH\u0131ncal Ulu\u00e7\u201cAmac\u0131m, T\u00fcrk<span class=\"excerpt-hellip\"> [\u2026]<\/span><\/p>\n","protected":false},"featured_media":0,"template":"","meta":{"_monsterinsights_skip_tracking":false,"_monsterinsights_sitenote_active":false,"_monsterinsights_sitenote_note":"","_monsterinsights_sitenote_category":0},"product_brand":[],"product_cat":[12291,12745],"product_tag":[],"class_list":{"0":"post-726183","1":"product","2":"type-product","3":"status-publish","5":"product_cat-edebiyat","6":"product_cat-tarihi-roman","7":"pa_cilt-ciltsiz","8":"pa_tur-kitap","9":"pa_yayinevi-bilge-kultur-sanat","10":"pa_yazar-abdullah-ziya-kozanoglu","12":"first","13":"instock","14":"sale","15":"shipping-taxable","16":"purchasable","17":"product-type-simple"},"_links":{"self":[{"href":"https:\/\/roveyayinevi.com.tr\/index.php\/wp-json\/wp\/v2\/product\/726183","targetHints":{"allow":["GET"]}}],"collection":[{"href":"https:\/\/roveyayinevi.com.tr\/index.php\/wp-json\/wp\/v2\/product"}],"about":[{"href":"https:\/\/roveyayinevi.com.tr\/index.php\/wp-json\/wp\/v2\/types\/product"}],"wp:attachment":[{"href":"https:\/\/roveyayinevi.com.tr\/index.php\/wp-json\/wp\/v2\/media?parent=726183"}],"wp:term":[{"taxonomy":"product_brand","embeddable":true,"href":"https:\/\/roveyayinevi.com.tr\/index.php\/wp-json\/wp\/v2\/product_brand?post=726183"},{"taxonomy":"product_cat","embeddable":true,"href":"https:\/\/roveyayinevi.com.tr\/index.php\/wp-json\/wp\/v2\/product_cat?post=726183"},{"taxonomy":"product_tag","embeddable":true,"href":"https:\/\/roveyayinevi.com.tr\/index.php\/wp-json\/wp\/v2\/product_tag?post=726183"}],"curies":[{"name":"wp","href":"https:\/\/api.w.org\/{rel}","templated":true}]}}