{"id":726182,"date":"2025-08-27T20:02:18","date_gmt":"2025-08-27T17:02:18","guid":{"rendered":"https:\/\/roveyayinevi.com.tr\/index.php\/urun\/henuz-tanismadik\/"},"modified":"2026-04-16T02:34:01","modified_gmt":"2026-04-15T23:34:01","slug":"henuz-tanismadik","status":"publish","type":"product","link":"https:\/\/roveyayinevi.com.tr\/index.php\/urun\/henuz-tanismadik\/","title":{"rendered":"Hen\u00fcz Tan\u0131\u015fmad\u0131k"},"content":{"rendered":"<p>Bir kad\u0131n\u0131n kendini yeniden ke\u015ffetme maceras\u0131, sevgi ekseninde samimi ve naif bir \u00f6yk\u00fcn\u00fcn i\u00e7inde kaleme d\u00f6k\u00fcl\u00fcyor\u2026 Bazen yeniden ba\u015flamak i\u00e7in her \u015feyden vazge\u00e7mek gerekti\u011fini, s\u0131radan insanlar\u0131n nas\u0131l sihirli bir d\u00fcnya yaratabildi\u011fini, g\u00f6r\u00fcnenin ard\u0131nda ne kadar b\u00fcy\u00fck gizler olabilece\u011fini \u00f6\u011fretiyor bize\u2026 Karya\u2019n\u0131n toy ad\u0131mlar\u0131 bizi kendi hik\u00e2yelerimizle y\u00fczle\u015ftirirken, umut etmeyi, hayal kurmay\u0131 ve inanmay\u0131 yeniden hat\u0131rlamam\u0131z\u0131 sa\u011fl\u0131yor\u2026Hen\u00fcz Tan\u0131\u015fmad\u0131k s\u00fcrprizli finaliyle kendini hayat\u0131n ak\u0131\u015f\u0131na b\u0131rakmay\u0131 bilenler ve asla vazge\u00e7meyenler i\u00e7in d\u00fcnyada h\u00e2l\u00e2 mucizelerin var oldu\u011funu kan\u0131tl\u0131yor\u2026 <\/p>\n","protected":false},"excerpt":{"rendered":"<p>Bir kad\u0131n\u0131n kendini yeniden ke\u015ffetme maceras\u0131, sevgi ekseninde samimi ve naif bir \u00f6yk\u00fcn\u00fcn i\u00e7inde kaleme d\u00f6k\u00fcl\u00fcyor\u2026 Bazen yeniden ba\u015flamak i\u00e7in her \u015feyden vazge\u00e7mek gerekti\u011fini, s\u0131radan insanlar\u0131n<span class=\"excerpt-hellip\"> [\u2026]<\/span><\/p>\n","protected":false},"featured_media":0,"template":"","meta":{"_monsterinsights_skip_tracking":false,"_monsterinsights_sitenote_active":false,"_monsterinsights_sitenote_note":"","_monsterinsights_sitenote_category":0},"product_brand":[],"product_cat":[12291,12711],"product_tag":[],"class_list":{"0":"post-726182","1":"product","2":"type-product","3":"status-publish","5":"product_cat-edebiyat","6":"product_cat-roman-oyku","7":"pa_cilt-ciltsiz","8":"pa_tur-kitap","9":"pa_yayinevi-inkilap-kitabevi","10":"pa_yazar-ozgur-aras","12":"first","13":"instock","14":"sale","15":"shipping-taxable","16":"purchasable","17":"product-type-simple"},"_links":{"self":[{"href":"https:\/\/roveyayinevi.com.tr\/index.php\/wp-json\/wp\/v2\/product\/726182","targetHints":{"allow":["GET"]}}],"collection":[{"href":"https:\/\/roveyayinevi.com.tr\/index.php\/wp-json\/wp\/v2\/product"}],"about":[{"href":"https:\/\/roveyayinevi.com.tr\/index.php\/wp-json\/wp\/v2\/types\/product"}],"wp:attachment":[{"href":"https:\/\/roveyayinevi.com.tr\/index.php\/wp-json\/wp\/v2\/media?parent=726182"}],"wp:term":[{"taxonomy":"product_brand","embeddable":true,"href":"https:\/\/roveyayinevi.com.tr\/index.php\/wp-json\/wp\/v2\/product_brand?post=726182"},{"taxonomy":"product_cat","embeddable":true,"href":"https:\/\/roveyayinevi.com.tr\/index.php\/wp-json\/wp\/v2\/product_cat?post=726182"},{"taxonomy":"product_tag","embeddable":true,"href":"https:\/\/roveyayinevi.com.tr\/index.php\/wp-json\/wp\/v2\/product_tag?post=726182"}],"curies":[{"name":"wp","href":"https:\/\/api.w.org\/{rel}","templated":true}]}}