{"id":726181,"date":"2025-08-27T20:02:17","date_gmt":"2025-08-27T17:02:17","guid":{"rendered":"https:\/\/roveyayinevi.com.tr\/index.php\/urun\/masalin-istanbul-maceralari-beyoglu\/"},"modified":"2026-04-16T02:34:01","modified_gmt":"2026-04-15T23:34:01","slug":"masalin-istanbul-maceralari-beyoglu","status":"publish","type":"product","link":"https:\/\/roveyayinevi.com.tr\/index.php\/urun\/masalin-istanbul-maceralari-beyoglu\/","title":{"rendered":"Masal\u2019\u0131n \u0130stanbul Maceralar\u0131 &#8211; Beyo\u011flu"},"content":{"rendered":"<p>Tarih dan\u0131\u015fmanl\u0131\u011f\u0131n\u0131 Mario Levi\u2019nin \u00fcstlendi\u011fi \u201cMasal\u2019\u0131n \u0130stanbul Maceralar\u0131\u201d, ikinci kitab\u0131nda da hepinize ser\u00fcvenler ya\u015fay\u0131p daha fazlas\u0131n\u0131 \u00f6\u011frenebilme cesareti vermek dile\u011fiyle, kar\u015f\u0131n\u0131zda!    Ah Beyo\u011flu, ah! Bir zamanlar o g\u00fczelim caddelerinde kimler kimler y\u00fcr\u00fcd\u00fc senin\u2026 Sahi, kimler y\u00fcr\u00fcd\u00fc, biliyor musunuz? Peki ya semte ad\u0131n\u0131 veren hik\u00e2yeyi?Ya Markiz Pastanesi\u2019nin o muhte\u015fem \u201cMevsimler\u201d panolar\u0131n\u0131n \u00f6yk\u00fcs\u00fcn\u00fc?  Haz\u0131rsan\u0131z s\u00f6yleyelim: Bu kez Masal ve Kara ile sadece m\u00fcthi\u015f bir mecareya at\u0131lmakla kalmayacak, onlarla birlikte inan\u0131lmaz bir zaman yolculu\u011funa \u00e7\u0131kacaks\u0131n\u0131z!  Karak\u00f6y\u2019den T\u00fcnel\u2019e binip kendilerini Beyo\u011flu\u2019nun eski zamanlar\u0131na varm\u0131\u015f bulan kahramanlar\u0131m\u0131z, yine hem \u00e7o\u011fu ki\u015finin bilmedi\u011fi \u00f6yk\u00fcler anlat\u0131yor hem de sizleri ya\u015fad\u0131\u011f\u0131n\u0131z zamandan al\u0131p b\u00fcy\u00fcleyici bir ge\u00e7mi\u015fe g\u00f6t\u00fcr\u00fcyor.  <\/p>\n","protected":false},"excerpt":{"rendered":"<p>Tarih dan\u0131\u015fmanl\u0131\u011f\u0131n\u0131 Mario Levi\u2019nin \u00fcstlendi\u011fi \u201cMasal\u2019\u0131n \u0130stanbul Maceralar\u0131\u201d, ikinci kitab\u0131nda da hepinize ser\u00fcvenler ya\u015fay\u0131p daha fazlas\u0131n\u0131 \u00f6\u011frenebilme cesareti vermek dile\u011fiyle, kar\u015f\u0131n\u0131zda! Ah Beyo\u011flu, ah! Bir zamanlar<span class=\"excerpt-hellip\"> [\u2026]<\/span><\/p>\n","protected":false},"featured_media":0,"template":"","meta":{"_monsterinsights_skip_tracking":false,"_monsterinsights_sitenote_active":false,"_monsterinsights_sitenote_note":"","_monsterinsights_sitenote_category":0},"product_brand":[],"product_cat":[12275,12274],"product_tag":[],"class_list":{"0":"post-726181","1":"product","2":"type-product","3":"status-publish","5":"product_cat-6-12-yas-kitaplari","6":"product_cat-cocuk-ve-genclik-kitaplari","7":"pa_cilt-ciltsiz","8":"pa_tur-kitap","9":"pa_yayinevi-epsilon-ozel-urun","10":"pa_yazar-ece-erdogus-levi","12":"first","13":"instock","14":"sale","15":"shipping-taxable","16":"purchasable","17":"product-type-simple"},"_links":{"self":[{"href":"https:\/\/roveyayinevi.com.tr\/index.php\/wp-json\/wp\/v2\/product\/726181","targetHints":{"allow":["GET"]}}],"collection":[{"href":"https:\/\/roveyayinevi.com.tr\/index.php\/wp-json\/wp\/v2\/product"}],"about":[{"href":"https:\/\/roveyayinevi.com.tr\/index.php\/wp-json\/wp\/v2\/types\/product"}],"wp:attachment":[{"href":"https:\/\/roveyayinevi.com.tr\/index.php\/wp-json\/wp\/v2\/media?parent=726181"}],"wp:term":[{"taxonomy":"product_brand","embeddable":true,"href":"https:\/\/roveyayinevi.com.tr\/index.php\/wp-json\/wp\/v2\/product_brand?post=726181"},{"taxonomy":"product_cat","embeddable":true,"href":"https:\/\/roveyayinevi.com.tr\/index.php\/wp-json\/wp\/v2\/product_cat?post=726181"},{"taxonomy":"product_tag","embeddable":true,"href":"https:\/\/roveyayinevi.com.tr\/index.php\/wp-json\/wp\/v2\/product_tag?post=726181"}],"curies":[{"name":"wp","href":"https:\/\/api.w.org\/{rel}","templated":true}]}}