{"id":726177,"date":"2025-08-27T20:02:14","date_gmt":"2025-08-27T17:02:14","guid":{"rendered":"https:\/\/roveyayinevi.com.tr\/index.php\/urun\/felsefenin-isiginda-modern-resim\/"},"modified":"2026-04-16T02:34:01","modified_gmt":"2026-04-15T23:34:01","slug":"felsefenin-isiginda-modern-resim","status":"publish","type":"product","link":"https:\/\/roveyayinevi.com.tr\/index.php\/urun\/felsefenin-isiginda-modern-resim\/","title":{"rendered":"Felsefenin I\u015f\u0131\u011f\u0131nda Modern Resim"},"content":{"rendered":"<p>Bu kitap empresyonist resimden, soyut resme ve avangard resme dek, modern resim \u00fczerinden modern sanat sorununu ele al\u0131yor. Ancak bu \u00e7al\u0131\u015fma, bir sanat tarihi kitab\u0131 de\u011fildir; modern sanat\u0131 bir varl\u0131k sorusu a\u00e7\u0131s\u0131ndan inceleyen felsefi bir ara\u015ft\u0131rmad\u0131r, daha do\u011frusu modern sanat\u0131n felsefesidir.  O h\u00e2lde modern sanat, bir sanat olarak nedir? Modern sanat\u0131n varl\u0131\u011f\u0131, varl\u0131k tabakalar\u0131 ve varl\u0131k kategorileri nelerdir? Renk, \u0131\u015f\u0131k ve zaman tabakalar\u0131n\u0131n estetik objedeki mahiyeti, soyut sanatta harmoni ve soyut g\u00fczellik anlay\u0131\u015f\u0131, k\u00fcbizm, dadaizm ve s\u00fcrrealizmin ortaya \u00e7\u0131k\u0131\u015f\u0131 eserde al\u0131nan di\u011fer konulardand\u0131r.Monet\u2019den Kandinsky\u2019ye, Picasso\u2019dan Duchamp\u2019a modern sanat\u0131n felsefesini, ontolojik ve epistemik k\u00f6kenlerini de\u011ferli estetik kuramc\u0131m\u0131z \u0130smail Tunal\u0131\u2019n\u0131n kaleminden sunuyoruz. <\/p>\n","protected":false},"excerpt":{"rendered":"<p>Bu kitap empresyonist resimden, soyut resme ve avangard resme dek, modern resim \u00fczerinden modern sanat sorununu ele al\u0131yor. Ancak bu \u00e7al\u0131\u015fma, bir sanat tarihi kitab\u0131 de\u011fildir;<span class=\"excerpt-hellip\"> [\u2026]<\/span><\/p>\n","protected":false},"featured_media":0,"template":"","meta":{"_monsterinsights_skip_tracking":false,"_monsterinsights_sitenote_active":false,"_monsterinsights_sitenote_note":"","_monsterinsights_sitenote_category":0},"product_brand":[],"product_cat":[12389,12388],"product_tag":[],"class_list":{"0":"post-726177","1":"product","2":"type-product","3":"status-publish","5":"product_cat-diger-felsefe","6":"product_cat-felsefe","7":"pa_cilt-ciltsiz","8":"pa_tur-kitap","9":"pa_yayinevi-fol-kitap","10":"pa_yazar-ismail-tunali","12":"first","13":"instock","14":"sale","15":"shipping-taxable","16":"purchasable","17":"product-type-simple"},"_links":{"self":[{"href":"https:\/\/roveyayinevi.com.tr\/index.php\/wp-json\/wp\/v2\/product\/726177","targetHints":{"allow":["GET"]}}],"collection":[{"href":"https:\/\/roveyayinevi.com.tr\/index.php\/wp-json\/wp\/v2\/product"}],"about":[{"href":"https:\/\/roveyayinevi.com.tr\/index.php\/wp-json\/wp\/v2\/types\/product"}],"wp:attachment":[{"href":"https:\/\/roveyayinevi.com.tr\/index.php\/wp-json\/wp\/v2\/media?parent=726177"}],"wp:term":[{"taxonomy":"product_brand","embeddable":true,"href":"https:\/\/roveyayinevi.com.tr\/index.php\/wp-json\/wp\/v2\/product_brand?post=726177"},{"taxonomy":"product_cat","embeddable":true,"href":"https:\/\/roveyayinevi.com.tr\/index.php\/wp-json\/wp\/v2\/product_cat?post=726177"},{"taxonomy":"product_tag","embeddable":true,"href":"https:\/\/roveyayinevi.com.tr\/index.php\/wp-json\/wp\/v2\/product_tag?post=726177"}],"curies":[{"name":"wp","href":"https:\/\/api.w.org\/{rel}","templated":true}]}}