{"id":726175,"date":"2025-08-27T20:02:13","date_gmt":"2025-08-27T17:02:13","guid":{"rendered":"https:\/\/roveyayinevi.com.tr\/index.php\/urun\/karl-marx-entelektuel-bir-biyografi\/"},"modified":"2026-04-16T02:34:01","modified_gmt":"2026-04-15T23:34:01","slug":"karl-marx-entelektuel-bir-biyografi","status":"publish","type":"product","link":"https:\/\/roveyayinevi.com.tr\/index.php\/urun\/karl-marx-entelektuel-bir-biyografi\/","title":{"rendered":"Karl Marx \u2013 Entelekt\u00fcel Bir Biyografi"},"content":{"rendered":"<p>Marx\u2019\u0131n d\u00fc\u015f\u00fcncesi bir y\u00fczy\u0131l\u0131n etken bilinci olmu\u015ftur. Bize \u00e7a\u011f\u0131m\u0131z\u0131n tarih i\u00e7indeki geli\u015fimini meydana \u00e7\u0131karmay\u0131 \u00f6\u011fretmi\u015ftir. Onun d\u00fc\u015f\u00fcncesi, her insan\u0131n, ya\u015fant\u0131s\u0131n\u0131n anlam\u0131n\u0131, kendinde ta\u015f\u0131d\u0131\u011f\u0131 gelece\u011fi ve bu gelece\u011fe kar\u015f\u0131 sorumlulu\u011fu kavramas\u0131na yard\u0131mc\u0131 olur. Hayat\u0131m\u0131z\u0131n veya tarihimizin bir anlam\u0131 oldu\u011funu ink\u00e2r edenlere ya da tarihimize bir anlam\u0131 vermek isteyenlere militanca meydan okur.Kendisinden yana olanlar i\u00e7in oldu\u011fu kadar, kar\u015f\u0131tlar\u0131 i\u00e7in de Marx\u2019\u0131n d\u00fc\u015f\u00fcncesi bug\u00fcn, be\u015f k\u0131tada, insanlar aras\u0131ndaki b\u00fct\u00fcn kayna\u015fmalar\u0131n mayas\u0131 olarak g\u00f6r\u00fclmektedir. Bu d\u00fc\u015f\u00fcnce baz\u0131lar\u0131nda, tarihte g\u00f6r\u00fclmemi\u015f \u00f6l\u00e7\u00fcde, dikenli tellerle \u00e7evrili, toplama kamplar\u0131n\u0131n, gaz odalar\u0131n\u0131n, zulm\u00fcne yol a\u00e7an bir kin ve lanetleme duygusu do\u011furmu\u015ftur. Bu kitap bu b\u00fcy\u00fck olay\u0131 a\u00e7\u0131klama \u00f6devini y\u00fcklenmi\u015f bulunuyor.Gittik\u00e7e b\u00fcy\u00fcyen bu alev, ge\u00e7en y\u00fczy\u0131l\u0131n ortas\u0131nda nas\u0131l bir d\u00fc\u015f\u00fcnceyi tutu\u015fturdu? Y\u00fczy\u0131l sonra da b\u00fct\u00fcn d\u00fcnyada yaln\u0131z emek\u00e7ilerin de\u011fil, bug\u00fcn Prometheus\u2019un sapk\u0131nl\u0131\u011f\u0131yla su\u00e7lananlar\u0131n da ya\u015fayan \u00f6nc\u00fcs\u00fc olan bu insan, nas\u0131l bir insand\u0131?\u0130\u015fte bu kitab\u0131n amac\u0131, aile e\u011fitiminden Gen\u00e7 Hegelci d\u00f6nemine, Fichte ve Feuerbach ile tan\u0131\u015fmas\u0131ndan Engels ile verdi\u011fi politik m\u00fccadelesine dek \u00e7a\u011f\u0131m\u0131za y\u00f6n veren Karl Marx\u2019\u0131n d\u00fc\u015f\u00fcnce d\u00fcnyas\u0131n\u0131n \u015fekilleni\u015fine ve evrimine tan\u0131kl\u0131k etmektir. <\/p>\n","protected":false},"excerpt":{"rendered":"<p>Marx\u2019\u0131n d\u00fc\u015f\u00fcncesi bir y\u00fczy\u0131l\u0131n etken bilinci olmu\u015ftur. Bize \u00e7a\u011f\u0131m\u0131z\u0131n tarih i\u00e7indeki geli\u015fimini meydana \u00e7\u0131karmay\u0131 \u00f6\u011fretmi\u015ftir. Onun d\u00fc\u015f\u00fcncesi, her insan\u0131n, ya\u015fant\u0131s\u0131n\u0131n anlam\u0131n\u0131, kendinde ta\u015f\u0131d\u0131\u011f\u0131 gelece\u011fi ve bu<span class=\"excerpt-hellip\"> [\u2026]<\/span><\/p>\n","protected":false},"featured_media":0,"template":"","meta":{"_monsterinsights_skip_tracking":false,"_monsterinsights_sitenote_active":false,"_monsterinsights_sitenote_note":"","_monsterinsights_sitenote_category":0},"product_brand":[],"product_cat":[12389,12388],"product_tag":[],"class_list":{"0":"post-726175","1":"product","2":"type-product","3":"status-publish","5":"product_cat-diger-felsefe","6":"product_cat-felsefe","7":"pa_cilt-ciltsiz","8":"pa_tur-kitap","9":"pa_yayinevi-fol-kitap","10":"pa_yazar-roger-garaudy","12":"first","13":"instock","14":"sale","15":"shipping-taxable","16":"purchasable","17":"product-type-simple"},"_links":{"self":[{"href":"https:\/\/roveyayinevi.com.tr\/index.php\/wp-json\/wp\/v2\/product\/726175","targetHints":{"allow":["GET"]}}],"collection":[{"href":"https:\/\/roveyayinevi.com.tr\/index.php\/wp-json\/wp\/v2\/product"}],"about":[{"href":"https:\/\/roveyayinevi.com.tr\/index.php\/wp-json\/wp\/v2\/types\/product"}],"wp:attachment":[{"href":"https:\/\/roveyayinevi.com.tr\/index.php\/wp-json\/wp\/v2\/media?parent=726175"}],"wp:term":[{"taxonomy":"product_brand","embeddable":true,"href":"https:\/\/roveyayinevi.com.tr\/index.php\/wp-json\/wp\/v2\/product_brand?post=726175"},{"taxonomy":"product_cat","embeddable":true,"href":"https:\/\/roveyayinevi.com.tr\/index.php\/wp-json\/wp\/v2\/product_cat?post=726175"},{"taxonomy":"product_tag","embeddable":true,"href":"https:\/\/roveyayinevi.com.tr\/index.php\/wp-json\/wp\/v2\/product_tag?post=726175"}],"curies":[{"name":"wp","href":"https:\/\/api.w.org\/{rel}","templated":true}]}}