{"id":726174,"date":"2025-08-27T20:02:12","date_gmt":"2025-08-27T17:02:12","guid":{"rendered":"https:\/\/roveyayinevi.com.tr\/index.php\/urun\/dugme-adinda-bir-ordek-yavrusu\/"},"modified":"2026-04-16T02:34:01","modified_gmt":"2026-04-15T23:34:01","slug":"dugme-adinda-bir-ordek-yavrusu","status":"publish","type":"product","link":"https:\/\/roveyayinevi.com.tr\/index.php\/urun\/dugme-adinda-bir-ordek-yavrusu\/","title":{"rendered":"D\u00fc\u011fme Ad\u0131nda Bir \u00d6rdek Yavrusu"},"content":{"rendered":"<p>Jasmine\u2019in babas\u0131 bir \u00e7ift\u00e7i, annesi ise bir veteriner. Jasmine bu y\u00fczden vaktinin \u00e7o\u011funu hayvanlarla ilgilenerek ve onlar\u0131 beladan uzak tutmaya \u00e7al\u0131\u015farak ge\u00e7iriyor. Ne yaz\u0131k ki \u00e7o\u011fu zaman bunu ba\u015faramay\u0131p ba\u015f\u0131n\u0131 b\u00fcy\u00fck dertlere sokuyor\u2026 Anne \u00f6rdek talihsiz bir kaza ge\u00e7irince, Jasmine ve en yak\u0131n arkada\u015f\u0131 Tom yumurtalar\u0131 kurtar\u0131yor. Sonra da onlar\u0131 kulu\u00e7ka makinesine koyup \u00e7atlatmalar\u0131n\u0131 beklemeye ba\u015fl\u0131yorlar. Elbette bu \u00e7ok riskli bir i\u015f, ama Tom ve Jasmine ba\u015far\u0131yorlar. Ve D\u00fc\u011fme ad\u0131ndaki \u00f6rdeklerine kavu\u015fuyorlar! Tabii D\u00fc\u011fme\u2019nin ba\u015f\u0131n\u0131 derde sokmas\u0131 \u00e7ok uzun s\u00fcrm\u00fcyorJasmine\u2019in maceralar\u0131n\u0131 takip edin!<\/p>\n","protected":false},"excerpt":{"rendered":"<p>Jasmine\u2019in babas\u0131 bir \u00e7ift\u00e7i, annesi ise bir veteriner. Jasmine bu y\u00fczden vaktinin \u00e7o\u011funu hayvanlarla ilgilenerek ve onlar\u0131 beladan uzak tutmaya \u00e7al\u0131\u015farak ge\u00e7iriyor. Ne yaz\u0131k ki \u00e7o\u011fu<span class=\"excerpt-hellip\"> [\u2026]<\/span><\/p>\n","protected":false},"featured_media":0,"template":"","meta":{"_monsterinsights_skip_tracking":false,"_monsterinsights_sitenote_active":false,"_monsterinsights_sitenote_note":"","_monsterinsights_sitenote_category":0},"product_brand":[],"product_cat":[12274,12284],"product_tag":[],"class_list":{"0":"post-726174","1":"product","2":"type-product","3":"status-publish","5":"product_cat-cocuk-ve-genclik-kitaplari","6":"product_cat-hikayeler","7":"pa_cilt-ciltsiz","8":"pa_tur-kitap","9":"pa_yayinevi-buyulu-fener-yayinlari","10":"pa_yazar-helen-peters","12":"first","13":"instock","14":"sale","15":"shipping-taxable","16":"purchasable","17":"product-type-simple"},"_links":{"self":[{"href":"https:\/\/roveyayinevi.com.tr\/index.php\/wp-json\/wp\/v2\/product\/726174","targetHints":{"allow":["GET"]}}],"collection":[{"href":"https:\/\/roveyayinevi.com.tr\/index.php\/wp-json\/wp\/v2\/product"}],"about":[{"href":"https:\/\/roveyayinevi.com.tr\/index.php\/wp-json\/wp\/v2\/types\/product"}],"wp:attachment":[{"href":"https:\/\/roveyayinevi.com.tr\/index.php\/wp-json\/wp\/v2\/media?parent=726174"}],"wp:term":[{"taxonomy":"product_brand","embeddable":true,"href":"https:\/\/roveyayinevi.com.tr\/index.php\/wp-json\/wp\/v2\/product_brand?post=726174"},{"taxonomy":"product_cat","embeddable":true,"href":"https:\/\/roveyayinevi.com.tr\/index.php\/wp-json\/wp\/v2\/product_cat?post=726174"},{"taxonomy":"product_tag","embeddable":true,"href":"https:\/\/roveyayinevi.com.tr\/index.php\/wp-json\/wp\/v2\/product_tag?post=726174"}],"curies":[{"name":"wp","href":"https:\/\/api.w.org\/{rel}","templated":true}]}}