{"id":726173,"date":"2025-08-27T20:02:11","date_gmt":"2025-08-27T17:02:11","guid":{"rendered":"https:\/\/roveyayinevi.com.tr\/index.php\/urun\/evrensel-doga-tarihi-ve-gokler-kurami\/"},"modified":"2026-04-16T02:34:01","modified_gmt":"2026-04-15T23:34:01","slug":"evrensel-doga-tarihi-ve-gokler-kurami","status":"publish","type":"product","link":"https:\/\/roveyayinevi.com.tr\/index.php\/urun\/evrensel-doga-tarihi-ve-gokler-kurami\/","title":{"rendered":"Evrensel Do\u011fa Tarihi ve G\u00f6kler Kuram\u0131"},"content":{"rendered":"<p>Kant\u2019\u0131n ele\u015ftiri \u00f6ncesi yap\u0131tlar\u0131n\u0131n en \u00f6nemlilerinden biri olan Evrensel Do\u011fa Tarihi ve G\u00f6kler Kuram\u0131, ayn\u0131 zamanda astronomi ve kozmoloji tarihinde bir kilometre ta\u015f\u0131 niteli\u011findedir. Bu yap\u0131t\u0131n bilim tarihindeki yerinin yan\u0131 s\u0131ra Kant\u2019\u0131n zihinsel geli\u015fimindeki yerini g\u00f6rerek bir sonuca varmam\u0131z a\u00e7\u0131s\u0131ndan yap\u0131t\u0131n incelenmesi bug\u00fcn i\u00e7in bile de\u011fer ta\u015f\u0131maktad\u0131r\u2026 Kozmolojik spek\u00fclasyonun Kant d\u00fc\u015f\u00fcncesindeki rol\u00fcne gereken \u00f6nemi vermedi\u011fimiz s\u00fcrece onun felsefi \u00e7al\u0131\u015fmalar\u0131n\u0131 kavrayamay\u0131z.Kant, \u00fcnl\u00fc bir s\u00f6z\u00fcnde, biri y\u0131ld\u0131zlarla dolu g\u00f6ky\u00fcz\u00fcn\u00fcn g\u00f6r\u00fcnt\u00fcs\u00fc, ikincisi ki\u015finin i\u00e7indeki ahlak yasas\u0131 olmak \u00fczere kendisine iki \u015feyin deh\u015fet verdi\u011fini s\u00f6ylerken asl\u0131nda felsefi \u00e7al\u0131\u015fmalar\u0131n\u0131n t\u00fcm\u00fcn\u00fc saran zihinsel d\u00fcrt\u00fcler ve ilgilerden s\u00f6z etmi\u015ftir.\u0130nsan ruhunun \u00f6teki b\u00fcy\u00fck yap\u0131tlar\u0131 gibi Kant\u2019\u0131n yap\u0131t\u0131 da s\u00fcrekli ilgi duyulan bir konuyu ustal\u0131kla ve d\u00fc\u015f\u00fcnceyi uyar\u0131c\u0131 bir bi\u00e7imde ele al\u0131r. Bu \u00f6zg\u00fcn yap\u0131t\u0131 incelerken Kant\u2019\u0131n b\u00fcy\u00fck d\u00fc\u015f g\u00fcc\u00fcn\u00fc ve bilim ile dinin \u00e7\u0131karlar\u0131na haks\u0131zl\u0131k etmemek konusunda g\u00f6sterdi\u011fi duyarl\u0131l\u0131\u011f\u0131 olanca canl\u0131l\u0131\u011f\u0131yla alg\u0131lar\u0131z.<\/p>\n","protected":false},"excerpt":{"rendered":"<p>Kant\u2019\u0131n ele\u015ftiri \u00f6ncesi yap\u0131tlar\u0131n\u0131n en \u00f6nemlilerinden biri olan Evrensel Do\u011fa Tarihi ve G\u00f6kler Kuram\u0131, ayn\u0131 zamanda astronomi ve kozmoloji tarihinde bir kilometre ta\u015f\u0131 niteli\u011findedir. Bu yap\u0131t\u0131n<span class=\"excerpt-hellip\"> [\u2026]<\/span><\/p>\n","protected":false},"featured_media":0,"template":"","meta":{"_monsterinsights_skip_tracking":false,"_monsterinsights_sitenote_active":false,"_monsterinsights_sitenote_note":"","_monsterinsights_sitenote_category":0},"product_brand":[],"product_cat":[12388],"product_tag":[],"class_list":{"0":"post-726173","1":"product","2":"type-product","3":"status-publish","5":"product_cat-felsefe","6":"pa_cilt-ciltsiz","7":"pa_tur-kitap","8":"pa_yayinevi-fol-kitap","9":"pa_yazar-immanuel-kant","11":"first","12":"instock","13":"sale","14":"shipping-taxable","15":"purchasable","16":"product-type-simple"},"_links":{"self":[{"href":"https:\/\/roveyayinevi.com.tr\/index.php\/wp-json\/wp\/v2\/product\/726173","targetHints":{"allow":["GET"]}}],"collection":[{"href":"https:\/\/roveyayinevi.com.tr\/index.php\/wp-json\/wp\/v2\/product"}],"about":[{"href":"https:\/\/roveyayinevi.com.tr\/index.php\/wp-json\/wp\/v2\/types\/product"}],"wp:attachment":[{"href":"https:\/\/roveyayinevi.com.tr\/index.php\/wp-json\/wp\/v2\/media?parent=726173"}],"wp:term":[{"taxonomy":"product_brand","embeddable":true,"href":"https:\/\/roveyayinevi.com.tr\/index.php\/wp-json\/wp\/v2\/product_brand?post=726173"},{"taxonomy":"product_cat","embeddable":true,"href":"https:\/\/roveyayinevi.com.tr\/index.php\/wp-json\/wp\/v2\/product_cat?post=726173"},{"taxonomy":"product_tag","embeddable":true,"href":"https:\/\/roveyayinevi.com.tr\/index.php\/wp-json\/wp\/v2\/product_tag?post=726173"}],"curies":[{"name":"wp","href":"https:\/\/api.w.org\/{rel}","templated":true}]}}