{"id":726172,"date":"2025-08-27T20:02:11","date_gmt":"2025-08-27T17:02:11","guid":{"rendered":"https:\/\/roveyayinevi.com.tr\/index.php\/urun\/egitimde-ahlak-ilkeleri\/"},"modified":"2026-04-16T02:34:01","modified_gmt":"2026-04-15T23:34:01","slug":"egitimde-ahlak-ilkeleri","status":"publish","type":"product","link":"https:\/\/roveyayinevi.com.tr\/index.php\/urun\/egitimde-ahlak-ilkeleri\/","title":{"rendered":"E\u011fitimde Ahlak \u0130lkeleri"},"content":{"rendered":"<p>John Dewey\u2019in bu eseri, i\u00e7erdi\u011fi de\u011ferli d\u00fc\u015f\u00fcncelerle muhte\u015fem bir yap\u0131t olma niteli\u011fine sahiptir. Eser yaln\u0131zca ahlakla ilgili tart\u0131\u015f\u00acmalar\u0131n b\u00fcy\u00fck \u00f6l\u00e7\u00fcde kesin karara ba\u011flan\u0131\u015f\u0131n\u0131 de\u011fil, ayn\u0131 zamanda teori ile prati\u011fin ezel\u00ee \u00e7at\u0131\u015fmas\u0131nda, prati\u011fin teoriyi alt edi\u015fini ve pratik felsefenin nitelikli bireysel ve toplumsal ya\u015fam ve e\u011fitim i\u00e7in ka\u00e7\u0131n\u0131lmaz oldu\u011funu g\u00f6zler \u00f6n\u00fcne se\u00acriyor. Ahlak ve e\u011fitim ili\u015fkisi, ahlaki e\u011fitimin mahiyeti, m\u00fcfredat\u0131n psikolojik boyutu eserde ele al\u0131nan temel konulardand\u0131r. T\u00fcm bunlarla beraber, eserin daha kolay anla\u015f\u0131lmas\u0131na katk\u0131da bulunmak i\u00e7in bu kitaba eklenen, Dewey\u2019in 1930 y\u0131l\u0131nda Paris\u2019te yapm\u0131\u015f ol\u00acdu\u011fu ve bir\u00e7ok ate\u015fli tart\u0131\u015fmaya neden olan \u201dAhlakta \u00dc\u00e7 Ba\u011f\u0131ms\u0131z Unsur\u201d s\u00f6ylevi ve Elizabeth Anderson\u2019\u0131n \u201c John Dewey\u2019in Ahlak Felsefesi\u201d makalesi de okuru beklemektedir.  <\/p>\n","protected":false},"excerpt":{"rendered":"<p>John Dewey\u2019in bu eseri, i\u00e7erdi\u011fi de\u011ferli d\u00fc\u015f\u00fcncelerle muhte\u015fem bir yap\u0131t olma niteli\u011fine sahiptir. Eser yaln\u0131zca ahlakla ilgili tart\u0131\u015f\u00acmalar\u0131n b\u00fcy\u00fck \u00f6l\u00e7\u00fcde kesin karara ba\u011flan\u0131\u015f\u0131n\u0131 de\u011fil, ayn\u0131 zamanda<span class=\"excerpt-hellip\"> [\u2026]<\/span><\/p>\n","protected":false},"featured_media":0,"template":"","meta":{"_monsterinsights_skip_tracking":false,"_monsterinsights_sitenote_active":false,"_monsterinsights_sitenote_note":"","_monsterinsights_sitenote_category":0},"product_brand":[],"product_cat":[12388],"product_tag":[],"class_list":{"0":"post-726172","1":"product","2":"type-product","3":"status-publish","5":"product_cat-felsefe","6":"pa_cilt-ciltsiz","7":"pa_tur-kitap","8":"pa_yayinevi-fol-kitap","9":"pa_yazar-john-dewey","11":"first","12":"instock","13":"sale","14":"shipping-taxable","15":"purchasable","16":"product-type-simple"},"_links":{"self":[{"href":"https:\/\/roveyayinevi.com.tr\/index.php\/wp-json\/wp\/v2\/product\/726172","targetHints":{"allow":["GET"]}}],"collection":[{"href":"https:\/\/roveyayinevi.com.tr\/index.php\/wp-json\/wp\/v2\/product"}],"about":[{"href":"https:\/\/roveyayinevi.com.tr\/index.php\/wp-json\/wp\/v2\/types\/product"}],"wp:attachment":[{"href":"https:\/\/roveyayinevi.com.tr\/index.php\/wp-json\/wp\/v2\/media?parent=726172"}],"wp:term":[{"taxonomy":"product_brand","embeddable":true,"href":"https:\/\/roveyayinevi.com.tr\/index.php\/wp-json\/wp\/v2\/product_brand?post=726172"},{"taxonomy":"product_cat","embeddable":true,"href":"https:\/\/roveyayinevi.com.tr\/index.php\/wp-json\/wp\/v2\/product_cat?post=726172"},{"taxonomy":"product_tag","embeddable":true,"href":"https:\/\/roveyayinevi.com.tr\/index.php\/wp-json\/wp\/v2\/product_tag?post=726172"}],"curies":[{"name":"wp","href":"https:\/\/api.w.org\/{rel}","templated":true}]}}