{"id":726171,"date":"2025-08-27T20:02:10","date_gmt":"2025-08-27T17:02:10","guid":{"rendered":"https:\/\/roveyayinevi.com.tr\/index.php\/urun\/bilim-felsefesi-6\/"},"modified":"2026-04-16T02:34:01","modified_gmt":"2026-04-15T23:34:01","slug":"bilim-felsefesi-6","status":"publish","type":"product","link":"https:\/\/roveyayinevi.com.tr\/index.php\/urun\/bilim-felsefesi-6\/","title":{"rendered":"Bilim Felsefesi"},"content":{"rendered":"<p>Bilim bir ba\u015far\u0131d\u0131r, ama neden? Hepimiz biliyoruz ki bilim, ak\u0131l ve g\u00f6zlemle bir \u015feyler yapmaya ili\u015fkindir. Ama tam olarak nas\u0131l? Bu soru, en ba\u015f\u0131ndan beri, felsefecilerin, \u00f6zellikle bilim felsefecilerinin me\u015fgalesi olmu\u015ftur.Elinizdeki kitap, y\u00fczy\u0131llar boyu bilim felsefesinin tarihinde yer alan kilit d\u00fc\u015f\u00fcn\u00fcrler hakk\u0131ndad\u0131r. B\u00f6l\u00fcmler, devleri, yani kilit d\u00fc\u015f\u00fcn\u00fcrleri onurland\u0131rmay\u0131, a\u00e7\u0131klamay\u0131, ele\u015ftirmeyi ama\u00e7layan \u00f6nde gelen \u00e7a\u011fda\u015f bilim felsefecileri taraf\u0131ndan yaz\u0131ld\u0131.  Bunlar, Mill\u2019den Gazali\u2019ye; Poincare ve Reichenbach\u2019tan, Viyana \u00c7evresi\u2019nin k\u0131demli \u00fcyeleri Schlick ve Carnap\u2019a; Hempel ve Popper\u2019dan, Kuhn ve Feyerabend\u2019a; \u00e7a\u011fda\u015f bilim sosyolojisi tart\u0131\u015fmalar\u0131ndan, feminist ele\u015ftirel kuramlara dek uzanmaktad\u0131r.  Eserin hedef kitlesi yeni ba\u015flayanlar, felsefeciler, bilim insanlar\u0131 ve uzmanlar oldu\u011fu gibi, bilimin nas\u0131l i\u015fledi\u011fine ilgi duyan t\u00fcm insanlard\u0131r.  Bu de\u011ferli \u00e7al\u0131\u015fmay\u0131 James Robert Brown\u2019\u0131n T\u00fcrk\u00e7e bask\u0131ya \u00f6zel \u00d6ns\u00f6z\u00fc ile okurlar\u0131m\u0131za sunuyoruz<\/p>\n","protected":false},"excerpt":{"rendered":"<p>Bilim bir ba\u015far\u0131d\u0131r, ama neden? Hepimiz biliyoruz ki bilim, ak\u0131l ve g\u00f6zlemle bir \u015feyler yapmaya ili\u015fkindir. Ama tam olarak nas\u0131l? Bu soru, en ba\u015f\u0131ndan beri, felsefecilerin,<span class=\"excerpt-hellip\"> [\u2026]<\/span><\/p>\n","protected":false},"featured_media":0,"template":"","meta":{"_monsterinsights_skip_tracking":false,"_monsterinsights_sitenote_active":false,"_monsterinsights_sitenote_note":"","_monsterinsights_sitenote_category":0},"product_brand":[],"product_cat":[12389,12388],"product_tag":[],"class_list":{"0":"post-726171","1":"product","2":"type-product","3":"status-publish","5":"product_cat-diger-felsefe","6":"product_cat-felsefe","7":"pa_cilt-ciltsiz","8":"pa_tur-kitap","9":"pa_yayinevi-fol-kitap","10":"pa_yazar-james-robert-brown","12":"first","13":"instock","14":"sale","15":"shipping-taxable","16":"purchasable","17":"product-type-simple"},"_links":{"self":[{"href":"https:\/\/roveyayinevi.com.tr\/index.php\/wp-json\/wp\/v2\/product\/726171","targetHints":{"allow":["GET"]}}],"collection":[{"href":"https:\/\/roveyayinevi.com.tr\/index.php\/wp-json\/wp\/v2\/product"}],"about":[{"href":"https:\/\/roveyayinevi.com.tr\/index.php\/wp-json\/wp\/v2\/types\/product"}],"wp:attachment":[{"href":"https:\/\/roveyayinevi.com.tr\/index.php\/wp-json\/wp\/v2\/media?parent=726171"}],"wp:term":[{"taxonomy":"product_brand","embeddable":true,"href":"https:\/\/roveyayinevi.com.tr\/index.php\/wp-json\/wp\/v2\/product_brand?post=726171"},{"taxonomy":"product_cat","embeddable":true,"href":"https:\/\/roveyayinevi.com.tr\/index.php\/wp-json\/wp\/v2\/product_cat?post=726171"},{"taxonomy":"product_tag","embeddable":true,"href":"https:\/\/roveyayinevi.com.tr\/index.php\/wp-json\/wp\/v2\/product_tag?post=726171"}],"curies":[{"name":"wp","href":"https:\/\/api.w.org\/{rel}","templated":true}]}}