{"id":726170,"date":"2025-08-27T20:02:10","date_gmt":"2025-08-27T17:02:10","guid":{"rendered":"https:\/\/roveyayinevi.com.tr\/index.php\/urun\/bilgi-ve-deger-2\/"},"modified":"2026-04-16T02:34:01","modified_gmt":"2026-04-15T23:34:01","slug":"bilgi-ve-deger-2","status":"publish","type":"product","link":"https:\/\/roveyayinevi.com.tr\/index.php\/urun\/bilgi-ve-deger-2\/","title":{"rendered":"Bilgi ve De\u011fer"},"content":{"rendered":"<p>Modern insan\u0131n krizler \u00e7a\u011f\u0131nda ya\u015fad\u0131\u011f\u0131 bilinen bir ger\u00e7ek. Bunun i\u015faretlerini hemen her alanda; kar\u015f\u0131t ideolojilerin k\u00fcresel sava\u015flar\u0131nda, teknolojinin yaratt\u0131\u011f\u0131 do\u011fal ve toplumsal kar\u0131\u015f\u0131kl\u0131klarda, insani varolu\u015fu artarak tehdit eden \u00e7\u0131lg\u0131n-h\u0131zl\u0131 hayat tarz\u0131nda da g\u00f6rmek pek\u00e2l\u00e2 m\u00fcmk\u00fcnd\u00fcr.Bar\u0131\u015ftan bahsedilir ancak sosyal ili\u015fkilerde \u015f\u00fcphe, korku ya da \u00f6fke egemendir. Ekonomik refahtan bahsedilir ancak bor\u00e7 i\u00e7erisinde y\u00fcz\u00fcl\u00fcr. \u00d6zg\u00fcrl\u00fckten bahsedilir ancak \u00f6zg\u00fcrl\u00fck, insanlar\u0131n aynile\u015ftirilmesiyle bir tutulur. E\u015fitlikten bahsedilir ancak e\u015fitlik, liyakatin cezaland\u0131r\u0131lmas\u0131ym\u0131\u015f gibi alg\u0131lan\u0131r. Bu d\u00fczensizliklerin neticesinin er ya da ge\u00e7 kaos olaca\u011f\u0131 da gayet a\u00e7\u0131kt\u0131r.  Acaba bu duruma ni\u00e7in d\u00fc\u015f\u00fclm\u00fc\u015ft\u00fcr ve bu durumdan kurtulman\u0131n imk\u00e2n\u0131 var m\u0131d\u0131r? Asl\u0131nda burada s\u00f6z konusu olan, varl\u0131k ve bilgi ile birlikte felsefenin \u00fc\u00e7 temel meselesinden biri olan \u2018de\u011fer\u2019 probleminden ba\u015fkas\u0131 de\u011fildir.Peki \u2018de\u011fer\u2019 derken s\u00f6z\u00fc edilen nedir? De\u011ferin kendinde bir de\u011feri var m\u0131d\u0131r? Yoksa \u2018de\u011fer\u2019 de\u011ferini toplumsal ve kurumsal pratiklerin somut formlar\u0131nda m\u0131 bulur? De\u011feri, \u2018de\u011fer\u2019 k\u0131lan nedir? De\u011ferler normatif midir? Bir eylem bilgi \u00fczerine mi kurulur, de\u011fer \u00fczerine mi? Modern birey i\u00e7in de\u011ferlerin kriteri \u2018\u00f6dev\u2019 duygusu olabilir mi?T\u00fcm bu sorulara cevaplar\u0131n arad\u0131\u011f\u0131 elinizdeki kitapta, Sokrates\u2019ten Kant, Fichte ve Hartmann\u2019a, Heidegger\u2019den Nussbaum\u2019a ve Habermas\u2019a dek, \u2018de\u011fer\u2019in mahiyeti, bilgi ve varl\u0131k alanlar\u0131yla ili\u015fkisi ele al\u0131nmaktad\u0131r.<\/p>\n","protected":false},"excerpt":{"rendered":"<p>Modern insan\u0131n krizler \u00e7a\u011f\u0131nda ya\u015fad\u0131\u011f\u0131 bilinen bir ger\u00e7ek. Bunun i\u015faretlerini hemen her alanda; kar\u015f\u0131t ideolojilerin k\u00fcresel sava\u015flar\u0131nda, teknolojinin yaratt\u0131\u011f\u0131 do\u011fal ve toplumsal kar\u0131\u015f\u0131kl\u0131klarda, insani varolu\u015fu artarak<span class=\"excerpt-hellip\"> [\u2026]<\/span><\/p>\n","protected":false},"featured_media":0,"template":"","meta":{"_monsterinsights_skip_tracking":false,"_monsterinsights_sitenote_active":false,"_monsterinsights_sitenote_note":"","_monsterinsights_sitenote_category":0},"product_brand":[],"product_cat":[12388,13555],"product_tag":[],"class_list":{"0":"post-726170","1":"product","2":"type-product","3":"status-publish","5":"product_cat-felsefe","6":"product_cat-genel-felsefe","7":"pa_cilt-ciltsiz","8":"pa_tur-kitap","9":"pa_yayinevi-fol-kitap","10":"pa_yazar-fol-kolektif","12":"first","13":"instock","14":"sale","15":"shipping-taxable","16":"purchasable","17":"product-type-simple"},"_links":{"self":[{"href":"https:\/\/roveyayinevi.com.tr\/index.php\/wp-json\/wp\/v2\/product\/726170","targetHints":{"allow":["GET"]}}],"collection":[{"href":"https:\/\/roveyayinevi.com.tr\/index.php\/wp-json\/wp\/v2\/product"}],"about":[{"href":"https:\/\/roveyayinevi.com.tr\/index.php\/wp-json\/wp\/v2\/types\/product"}],"wp:attachment":[{"href":"https:\/\/roveyayinevi.com.tr\/index.php\/wp-json\/wp\/v2\/media?parent=726170"}],"wp:term":[{"taxonomy":"product_brand","embeddable":true,"href":"https:\/\/roveyayinevi.com.tr\/index.php\/wp-json\/wp\/v2\/product_brand?post=726170"},{"taxonomy":"product_cat","embeddable":true,"href":"https:\/\/roveyayinevi.com.tr\/index.php\/wp-json\/wp\/v2\/product_cat?post=726170"},{"taxonomy":"product_tag","embeddable":true,"href":"https:\/\/roveyayinevi.com.tr\/index.php\/wp-json\/wp\/v2\/product_tag?post=726170"}],"curies":[{"name":"wp","href":"https:\/\/api.w.org\/{rel}","templated":true}]}}