{"id":726169,"date":"2025-08-27T20:02:09","date_gmt":"2025-08-27T17:02:09","guid":{"rendered":"https:\/\/roveyayinevi.com.tr\/index.php\/urun\/fresko-apartmani\/"},"modified":"2026-04-16T02:34:01","modified_gmt":"2026-04-15T23:34:01","slug":"fresko-apartmani","status":"publish","type":"product","link":"https:\/\/roveyayinevi.com.tr\/index.php\/urun\/fresko-apartmani\/","title":{"rendered":"Fresko Apartman\u0131"},"content":{"rendered":"<p>Fresko Apartman\u0131, Kuzguncuk\u2019ta, birbirlerini haf\u0131zalar\u0131yla var eden, birbirlerinin hayatlar\u0131na s\u0131\u011f\u0131nan Kirkor\u2019un, R\u00fcya\u2019n\u0131n, Eleni\u2019nin, Ani\u2019nin, Nadia\u2019n\u0131n, Ali Turhan\u2019\u0131n, Bora\u2019n\u0131n ve \u0130smail\u2019in kavu\u015fma alan\u0131. Napoli\u2019den \u0130stanbul\u2019a gelen Defne\u2019nin aralad\u0131\u011f\u0131 tozlu tahta bavul Matilda\u2019n\u0131n bah\u00e7esine, kimsenin bilmedi\u011fi k\u0131r\u0131k bir a\u015fk hik\u00e2yesine, bu a\u015fka duyulan sayg\u0131ya, 6-7 Eyl\u00fcl olaylar\u0131na ve yurdundan kovulan Rumlara a\u00e7\u0131l\u0131yor. Ba\u015fak Baysall\u0131, Fresko Apartman\u0131\u2019n\u0131n dairelerinde gezinirken kap\u0131lar\u0131 hi\u00e7 kapatmad\u0131\u011f\u0131 gibi her hik\u00e2yeyi birbirine titizlikle ili\u015ftiriyor. Herkesi herkesle dost k\u0131lan ortak bir ac\u0131n\u0131n kimli\u011fini tutu\u015fturuyor elimize. Ad\u0131m ad\u0131m \u00e7\u00f6z\u00fclen bir s\u0131rr\u0131n, unutu\u015fun ve hat\u0131rlay\u0131\u015f\u0131n \u00f6yk\u00fcleri!Zor gibi g\u00f6r\u00fcn\u00fcr, ama kolayd\u0131r Hristo teyeli. Tamam, uzaktan bak\u0131ld\u0131\u011f\u0131nda kazaya\u011f\u0131n\u0131 and\u0131r\u0131yor olabilir, ama yine de Hristo bunun ad\u0131, \u00f6yle \u00f6\u011frendim ben. Eleni\u2019den\u2026 \u201c\u0130p, kuma\u015fa z\u0131t bir renkte olmal\u0131 ki teyel kaybolup gitmesin,\u201d derdi. Ne geldiyse ba\u015f\u0131m\u0131za bu z\u0131tl\u0131klardan gelmedi mi zaten? Her \u015fey Eleni\u2019nin haf\u0131zas\u0131nda yitip gitti. Kuma\u015ftaki teyeli kaybetmi\u015fim, \u00e7ok mu?<\/p>\n","protected":false},"excerpt":{"rendered":"<p>Fresko Apartman\u0131, Kuzguncuk\u2019ta, birbirlerini haf\u0131zalar\u0131yla var eden, birbirlerinin hayatlar\u0131na s\u0131\u011f\u0131nan Kirkor\u2019un, R\u00fcya\u2019n\u0131n, Eleni\u2019nin, Ani\u2019nin, Nadia\u2019n\u0131n, Ali Turhan\u2019\u0131n, Bora\u2019n\u0131n ve \u0130smail\u2019in kavu\u015fma alan\u0131. Napoli\u2019den \u0130stanbul\u2019a gelen Defne\u2019nin<span class=\"excerpt-hellip\"> [\u2026]<\/span><\/p>\n","protected":false},"featured_media":0,"template":"","meta":{"_monsterinsights_skip_tracking":false,"_monsterinsights_sitenote_active":false,"_monsterinsights_sitenote_note":"","_monsterinsights_sitenote_category":0},"product_brand":[],"product_cat":[12291,12711],"product_tag":[],"class_list":{"0":"post-726169","1":"product","2":"type-product","3":"status-publish","5":"product_cat-edebiyat","6":"product_cat-roman-oyku","7":"pa_cilt-ciltsiz","8":"pa_tur-kitap","9":"pa_yayinevi-everest-yayinlari","10":"pa_yazar-basak-baysalli","12":"first","13":"instock","14":"sale","15":"shipping-taxable","16":"purchasable","17":"product-type-simple"},"_links":{"self":[{"href":"https:\/\/roveyayinevi.com.tr\/index.php\/wp-json\/wp\/v2\/product\/726169","targetHints":{"allow":["GET"]}}],"collection":[{"href":"https:\/\/roveyayinevi.com.tr\/index.php\/wp-json\/wp\/v2\/product"}],"about":[{"href":"https:\/\/roveyayinevi.com.tr\/index.php\/wp-json\/wp\/v2\/types\/product"}],"wp:attachment":[{"href":"https:\/\/roveyayinevi.com.tr\/index.php\/wp-json\/wp\/v2\/media?parent=726169"}],"wp:term":[{"taxonomy":"product_brand","embeddable":true,"href":"https:\/\/roveyayinevi.com.tr\/index.php\/wp-json\/wp\/v2\/product_brand?post=726169"},{"taxonomy":"product_cat","embeddable":true,"href":"https:\/\/roveyayinevi.com.tr\/index.php\/wp-json\/wp\/v2\/product_cat?post=726169"},{"taxonomy":"product_tag","embeddable":true,"href":"https:\/\/roveyayinevi.com.tr\/index.php\/wp-json\/wp\/v2\/product_tag?post=726169"}],"curies":[{"name":"wp","href":"https:\/\/api.w.org\/{rel}","templated":true}]}}