{"id":726165,"date":"2025-08-27T20:02:05","date_gmt":"2025-08-27T17:02:05","guid":{"rendered":"https:\/\/roveyayinevi.com.tr\/index.php\/urun\/ceza-hukuku-iii-ceza-muhakemesi-hukuku\/"},"modified":"2026-04-16T02:34:01","modified_gmt":"2026-04-15T23:34:01","slug":"ceza-hukuku-iii-ceza-muhakemesi-hukuku","status":"publish","type":"product","link":"https:\/\/roveyayinevi.com.tr\/index.php\/urun\/ceza-hukuku-iii-ceza-muhakemesi-hukuku\/","title":{"rendered":"Ceza Hukuku \u2013 III (Ceza Muhakemesi Hukuku)"},"content":{"rendered":"<p>CEZA HUKUKU-III   B\u0130R\u0130NC\u0130 B\u00d6L\u00dcM*Ceza Muhakemesinin Tan\u0131m\u0131*Ceza Muhakemesinin Y\u00fcr\u00fcy\u00fc\u015f\u00fc*Ceza Muhakemesinin Kaynaklar\u0131*Ceza Muhakemesine Hakim Olan \u0130lke ve Haklar*Ceza Muhakemesi Kurallar\u0131n\u0131n Uygulama Alan\u0131*Muhakeme \u015eartlar\u0131 *Ceza Muhakemesi \u0130\u015flemleri*Muhakeme \u0130\u015flemlerinde S\u00fcreler*Eski Hale Getirme*** \u0130K\u0130NC\u0130 B\u00d6L\u00dcM*Ceza Muhakemesi Adli Te\u015fkilat\u0131 ve Muhakeme S\u00fcreleri*Ba\u015fsavc\u0131l\u0131k Te\u015fkilat\u0131*Savc\u0131l\u0131k Faaliyetinin ve Savc\u0131l\u0131k Makam\u0131n\u0131n Hukuki Stat\u00fcs\u00fc *Savc\u0131n\u0131n Yard\u0131mc\u0131s\u0131 Olarak Kolluk*Yarg\u0131 Te\u015fkilat\u0131*\u0130lk Derece Adli Yarg\u0131 Ceza Muhakemeleri*\u0130lk Derece Adli Yarg\u0131 Ceza Muhakemeleri G\u00fcncel \u00d6rg\u00fctlenmesi*Ceza Mahkemelerinin Yer Y\u00f6n\u00fcnden Etkisi*Yetki \u0130tiraz\u0131 ve Yetki Uyu\u015fmazl\u0131klar\u0131 *Mahkemeye Yard\u0131mc\u0131 Te\u015fkilat*Ceza Muhakemesi Hukukunda Ba\u011flant\u0131 ve Sonu\u00e7lar\u0131*Dar Ba\u011flant\u0131n\u0131n Tan\u0131m\u0131 ve Sonucu*B\u00f6lge Adliye Mahkemeleri*Yarg\u0131tay*Yarg\u0131 Makam\u0131n\u0131 Temsil Eden Ki\u015fi Olarak Hakim*Savunma Makam\u0131*\u015e\u00fcpheli ve San\u0131k*\u015e\u00fcpheli veya San\u0131\u011f\u0131n Y\u00fck\u00fcml\u00fcl\u00fckleri *M\u00fcdafi*Ma\u011fdur*Kamu Davas\u0131na Kat\u0131lma*** \u00dc\u00c7\u00dcNC\u00dc B\u00d6L\u00dcM*Duru\u015fma Haz\u0131rl\u0131\u011f\u0131 Devresi*Duru\u015fma Devresi*H\u00fckm\u00fcn A\u00e7\u0131klanmas\u0131n\u0131n Geri B\u0131rak\u0131lmas\u0131*Kanun Yollar\u0131*Kanun Yoluna Ba\u015fvurma Usul\u00fc*\u0130tiraz*\u0130stinaf*\u0130stinaf Usul\u00fc*Temyiz*Bozma Karar\u0131 \u00dczerine Yap\u0131lacaklar*Ola\u011fan\u00fcst\u00fc Kanunyollar\u0131*Yarg\u0131lanman\u0131n Yenilenmesi Sebepleri<\/p>\n","protected":false},"excerpt":{"rendered":"<p>CEZA HUKUKU-III B\u0130R\u0130NC\u0130 B\u00d6L\u00dcM*Ceza Muhakemesinin Tan\u0131m\u0131*Ceza Muhakemesinin Y\u00fcr\u00fcy\u00fc\u015f\u00fc*Ceza Muhakemesinin Kaynaklar\u0131*Ceza Muhakemesine Hakim Olan \u0130lke ve Haklar*Ceza Muhakemesi Kurallar\u0131n\u0131n Uygulama Alan\u0131*Muhakeme \u015eartlar\u0131 *Ceza Muhakemesi \u0130\u015flemleri*Muhakeme \u0130\u015flemlerinde S\u00fcreler*Eski<span class=\"excerpt-hellip\"> [\u2026]<\/span><\/p>\n","protected":false},"featured_media":0,"template":"","meta":{"_monsterinsights_skip_tracking":false,"_monsterinsights_sitenote_active":false,"_monsterinsights_sitenote_note":"","_monsterinsights_sitenote_category":0},"product_brand":[],"product_cat":[15350,17602],"product_tag":[],"class_list":{"0":"post-726165","1":"product","2":"type-product","3":"status-publish","5":"product_cat-hukuk","6":"product_cat-hukuk-uzerine","7":"pa_cilt-ciltsiz","8":"pa_tur-kitap","9":"pa_yayinevi-gazi-kitabevi","10":"pa_yazar-gazi-kolektif","12":"first","13":"instock","14":"sale","15":"shipping-taxable","16":"purchasable","17":"product-type-simple"},"_links":{"self":[{"href":"https:\/\/roveyayinevi.com.tr\/index.php\/wp-json\/wp\/v2\/product\/726165","targetHints":{"allow":["GET"]}}],"collection":[{"href":"https:\/\/roveyayinevi.com.tr\/index.php\/wp-json\/wp\/v2\/product"}],"about":[{"href":"https:\/\/roveyayinevi.com.tr\/index.php\/wp-json\/wp\/v2\/types\/product"}],"wp:attachment":[{"href":"https:\/\/roveyayinevi.com.tr\/index.php\/wp-json\/wp\/v2\/media?parent=726165"}],"wp:term":[{"taxonomy":"product_brand","embeddable":true,"href":"https:\/\/roveyayinevi.com.tr\/index.php\/wp-json\/wp\/v2\/product_brand?post=726165"},{"taxonomy":"product_cat","embeddable":true,"href":"https:\/\/roveyayinevi.com.tr\/index.php\/wp-json\/wp\/v2\/product_cat?post=726165"},{"taxonomy":"product_tag","embeddable":true,"href":"https:\/\/roveyayinevi.com.tr\/index.php\/wp-json\/wp\/v2\/product_tag?post=726165"}],"curies":[{"name":"wp","href":"https:\/\/api.w.org\/{rel}","templated":true}]}}