{"id":726164,"date":"2025-08-27T20:02:04","date_gmt":"2025-08-27T17:02:04","guid":{"rendered":"https:\/\/roveyayinevi.com.tr\/index.php\/urun\/eski-militanlarin-hayat-hikayeleri-siyasal-siddet-anlatilari\/"},"modified":"2026-04-16T02:34:01","modified_gmt":"2026-04-15T23:34:01","slug":"eski-militanlarin-hayat-hikayeleri-siyasal-siddet-anlatilari","status":"publish","type":"product","link":"https:\/\/roveyayinevi.com.tr\/index.php\/urun\/eski-militanlarin-hayat-hikayeleri-siyasal-siddet-anlatilari\/","title":{"rendered":"Eski Militanlar\u0131n Hayat Hikayeleri Siyasal \u015eiddet Anlat\u0131lar\u0131"},"content":{"rendered":"<p>Giri\u015f1.Siyasal \u015eiddetin Ba\u011flam\u01312.\u015eiddetin Siyasal Anlat\u0131lar\u0131 Yoluyla Kimlik Yolculuklar\u01313.Siyasal \u015eiddet Kullanan Bir \u00d6rg\u00fcte Kat\u0131l\u0131m 4.Siyasal \u015eiddet Kullanan Bir \u00d6rg\u00fct \u0130\u00e7erisinde Ya\u015fam5.Siyasal \u015eiddet Kullanan Bir \u00d6rg\u00fctten Ayr\u0131lma<\/p>\n","protected":false},"excerpt":{"rendered":"<p>Giri\u015f1.Siyasal \u015eiddetin Ba\u011flam\u01312.\u015eiddetin Siyasal Anlat\u0131lar\u0131 Yoluyla Kimlik Yolculuklar\u01313.Siyasal \u015eiddet Kullanan Bir \u00d6rg\u00fcte Kat\u0131l\u0131m 4.Siyasal \u015eiddet Kullanan Bir \u00d6rg\u00fct \u0130\u00e7erisinde Ya\u015fam5.Siyasal \u015eiddet Kullanan Bir \u00d6rg\u00fctten Ayr\u0131lma<\/p>\n","protected":false},"featured_media":0,"template":"","meta":{"_monsterinsights_skip_tracking":false,"_monsterinsights_sitenote_active":false,"_monsterinsights_sitenote_note":"","_monsterinsights_sitenote_category":0},"product_brand":[],"product_cat":[31194,12337],"product_tag":[],"class_list":{"0":"post-726164","1":"product","2":"type-product","3":"status-publish","5":"product_cat-guncel-siyaset","6":"product_cat-politika-siyaset","7":"pa_cilt-ciltsiz","8":"pa_tur-kitap","9":"pa_yayinevi-gazi-kitabevi","10":"pa_yazar-cinar-ozen","12":"first","13":"instock","14":"sale","15":"shipping-taxable","16":"purchasable","17":"product-type-simple"},"_links":{"self":[{"href":"https:\/\/roveyayinevi.com.tr\/index.php\/wp-json\/wp\/v2\/product\/726164","targetHints":{"allow":["GET"]}}],"collection":[{"href":"https:\/\/roveyayinevi.com.tr\/index.php\/wp-json\/wp\/v2\/product"}],"about":[{"href":"https:\/\/roveyayinevi.com.tr\/index.php\/wp-json\/wp\/v2\/types\/product"}],"wp:attachment":[{"href":"https:\/\/roveyayinevi.com.tr\/index.php\/wp-json\/wp\/v2\/media?parent=726164"}],"wp:term":[{"taxonomy":"product_brand","embeddable":true,"href":"https:\/\/roveyayinevi.com.tr\/index.php\/wp-json\/wp\/v2\/product_brand?post=726164"},{"taxonomy":"product_cat","embeddable":true,"href":"https:\/\/roveyayinevi.com.tr\/index.php\/wp-json\/wp\/v2\/product_cat?post=726164"},{"taxonomy":"product_tag","embeddable":true,"href":"https:\/\/roveyayinevi.com.tr\/index.php\/wp-json\/wp\/v2\/product_tag?post=726164"}],"curies":[{"name":"wp","href":"https:\/\/api.w.org\/{rel}","templated":true}]}}