{"id":726160,"date":"2025-08-27T20:02:01","date_gmt":"2025-08-27T17:02:01","guid":{"rendered":"https:\/\/roveyayinevi.com.tr\/index.php\/urun\/delifisek-ciltli\/"},"modified":"2026-04-08T02:42:26","modified_gmt":"2026-04-07T23:42:26","slug":"delifisek-ciltli","status":"publish","type":"product","link":"https:\/\/roveyayinevi.com.tr\/index.php\/urun\/delifisek-ciltli\/","title":{"rendered":"Delifi\u015fek (Ciltli )"},"content":{"rendered":"<p>Zez\u00e9 art\u0131k bir delikanl\u0131. Yeti\u015fkinlerin d\u00fcnyas\u0131ndan ka\u00e7\u0131p hayal d\u00fcnyas\u0131na s\u0131\u011f\u0131nabilen, orada edindi\u011fi dostlarda hayat\u0131nda arad\u0131\u011f\u0131 sevgiyi ve \u015fefkati bulabilen biri de\u011fil. Ancak k\u00fc\u00e7\u00fckl\u00fc\u011f\u00fcndeki gibi duygusal ve asi. Bu y\u00fczden de ilk a\u015fk hik\u00e2yesi, ondan bekledi\u011fimiz kadar tutkulu ve f\u0131rt\u0131nal\u0131. Vasconcelos, Zez\u00e9\u2019nin i\u00e7 d\u00fcnyas\u0131na bizi son kez davet etti\u011fi Delifi\u015fek\u2019te, onun yeti\u015fmesini takip eden bizlere gen\u00e7li\u011fe ve \u00f6zg\u00fcrl\u00fc\u011fe dair akl\u0131m\u0131zdan \u00e7\u0131kmayacak bir hayat dersi sunuyor. Delifi\u015fek\u2019i okudu\u011funuzda, tekrar maceran\u0131n ba\u015f\u0131na, \u015eeker Portakal\u0131\u2019na d\u00f6nmek isteyeceksiniz.<\/p>\n","protected":false},"excerpt":{"rendered":"<p>Zez\u00e9 art\u0131k bir delikanl\u0131. Yeti\u015fkinlerin d\u00fcnyas\u0131ndan ka\u00e7\u0131p hayal d\u00fcnyas\u0131na s\u0131\u011f\u0131nabilen, orada edindi\u011fi dostlarda hayat\u0131nda arad\u0131\u011f\u0131 sevgiyi ve \u015fefkati bulabilen biri de\u011fil. Ancak k\u00fc\u00e7\u00fckl\u00fc\u011f\u00fcndeki gibi duygusal ve<span class=\"excerpt-hellip\"> [\u2026]<\/span><\/p>\n","protected":false},"featured_media":0,"template":"","meta":{"_monsterinsights_skip_tracking":false,"_monsterinsights_sitenote_active":false,"_monsterinsights_sitenote_note":"","_monsterinsights_sitenote_category":0},"product_brand":[],"product_cat":[12291,12711],"product_tag":[],"class_list":{"0":"post-726160","1":"product","2":"type-product","3":"status-publish","5":"product_cat-edebiyat","6":"product_cat-roman-oyku","7":"pa_cilt-ciltli","8":"pa_tur-kitap","9":"pa_yayinevi-can-yayinlari","10":"pa_yazar-jose-mauro-de-vasconcelos","12":"first","13":"instock","14":"sale","15":"shipping-taxable","16":"purchasable","17":"product-type-simple"},"_links":{"self":[{"href":"https:\/\/roveyayinevi.com.tr\/index.php\/wp-json\/wp\/v2\/product\/726160","targetHints":{"allow":["GET"]}}],"collection":[{"href":"https:\/\/roveyayinevi.com.tr\/index.php\/wp-json\/wp\/v2\/product"}],"about":[{"href":"https:\/\/roveyayinevi.com.tr\/index.php\/wp-json\/wp\/v2\/types\/product"}],"wp:attachment":[{"href":"https:\/\/roveyayinevi.com.tr\/index.php\/wp-json\/wp\/v2\/media?parent=726160"}],"wp:term":[{"taxonomy":"product_brand","embeddable":true,"href":"https:\/\/roveyayinevi.com.tr\/index.php\/wp-json\/wp\/v2\/product_brand?post=726160"},{"taxonomy":"product_cat","embeddable":true,"href":"https:\/\/roveyayinevi.com.tr\/index.php\/wp-json\/wp\/v2\/product_cat?post=726160"},{"taxonomy":"product_tag","embeddable":true,"href":"https:\/\/roveyayinevi.com.tr\/index.php\/wp-json\/wp\/v2\/product_tag?post=726160"}],"curies":[{"name":"wp","href":"https:\/\/api.w.org\/{rel}","templated":true}]}}