{"id":726159,"date":"2025-08-27T20:02:00","date_gmt":"2025-08-27T17:02:00","guid":{"rendered":"https:\/\/roveyayinevi.com.tr\/index.php\/urun\/besiktas-masali\/"},"modified":"2026-04-16T02:34:01","modified_gmt":"2026-04-15T23:34:01","slug":"besiktas-masali","status":"publish","type":"product","link":"https:\/\/roveyayinevi.com.tr\/index.php\/urun\/besiktas-masali\/","title":{"rendered":"Be\u015fikta\u015f Masal\u0131"},"content":{"rendered":"<p>\u201cSar\u0131 sa\u00e7l\u0131, soluk y\u00fczl\u00fc, konu\u015funca yanaklar\u0131 i\u00e7ine \u00e7\u00f6km\u00fc\u015f gibi duran, kelimeleri yuvarlad\u0131\u011f\u0131 i\u00e7in konu\u015fmas\u0131 yerliler taraf\u0131ndan tam olarak anla\u015f\u0131lmayan, bu y\u00fczden baz\u0131 s\u00f6zc\u00fckleri birka\u00e7 kez tekrar etmek zorunda kalan, g\u00f6zlerinde ac\u0131mas\u0131z insanlara \u00f6zg\u00fc bir bak\u0131\u015f olan Bel\u00e7ikal\u0131 adam, gizli bir \u015feyler yapanlara \u00f6zg\u00fc bir tav\u0131rla son c\u00fcmlelerini \u00fcst\u00fcne basa basa s\u00f6yledi. Bel\u00e7ikal\u0131 adam\u0131 tedirgin ama kendine g\u00fcvenen bir eda ile dinleyen Afrikal\u0131, kar\u015f\u0131s\u0131nda duran ve s\u0131k\u0131 bir pazarl\u0131k ile iyi bir para koparmay\u0131 umdu\u011fu adama: \u201cSana en iyilerini bulaca\u011f\u0131z, bundan emin olabilirsin,\u201d dedi. Bel\u00e7ikal\u0131, kar\u015f\u0131s\u0131ndaki adam\u0131n s\u00f6z\u00fcne ne derece g\u00fcvenilebilece\u011fini anlamak ister gibi s\u00fczd\u00fckten sonra: \u201cBunu g\u00f6rece\u011fiz,\u201d dedi. Farkl\u0131 k\u0131talara mensup bu iki insan\u0131n her \u015feyleri farkl\u0131 olsa da bulu\u015ftuklar\u0131 ortak nokta, para kazanma h\u0131rs\u0131 idi. Uzun uzad\u0131ya s\u00fcren konu\u015fmalar fiyatta anla\u015fma ile son buldu. Anla\u015fmaya g\u00f6re Omondi, Marc i\u00e7in iki y\u00fcz elli tane Psittacula Krameri ad\u0131 verilen, yerlilerin ise ye\u015fil papa\u011fan dedikleri papa\u011fanlardan yakalayacakt\u0131. Marc da onlar\u0131 \u00fclke d\u0131\u015f\u0131na \u00e7\u0131kar\u0131p Avrupa\u2019da satacakt\u0131. E\u011fer uyumlu \u00e7al\u0131\u015fmay\u0131 ba\u015far\u0131rlarsa daha uzun s\u00fcre ve farkl\u0131 hayvanlar \u00fczerinden bu ticareti s\u00fcrd\u00fcreceklerdi.\u201d \u0130\u015fte bu c\u00fcmlelerle ba\u015flayan Be\u015fikta\u015f Masal\u0131\u2019n\u0131n, sizi Afrika\u2019n\u0131n \u00fccra bir k\u00f6\u015fesinden \u00e7\u0131kaca\u011f\u0131n\u0131z macera dolu bir yolculukla hi\u00e7 ummad\u0131\u011f\u0131n\u0131z limanlardan \u0130stanbul\u2019a ula\u015ft\u0131r\u0131rken insan-mek\u00e2n ili\u015fkisi \u00e7er\u00e7evesinde b\u00fcy\u00fcl\u00fc bir d\u00fcnyaya ta\u015f\u0131yaca\u011f\u0131na inan\u0131yoruz<\/p>\n","protected":false},"excerpt":{"rendered":"<p>\u201cSar\u0131 sa\u00e7l\u0131, soluk y\u00fczl\u00fc, konu\u015funca yanaklar\u0131 i\u00e7ine \u00e7\u00f6km\u00fc\u015f gibi duran, kelimeleri yuvarlad\u0131\u011f\u0131 i\u00e7in konu\u015fmas\u0131 yerliler taraf\u0131ndan tam olarak anla\u015f\u0131lmayan, bu y\u00fczden baz\u0131 s\u00f6zc\u00fckleri birka\u00e7 kez tekrar<span class=\"excerpt-hellip\"> [\u2026]<\/span><\/p>\n","protected":false},"featured_media":0,"template":"","meta":{"_monsterinsights_skip_tracking":false,"_monsterinsights_sitenote_active":false,"_monsterinsights_sitenote_note":"","_monsterinsights_sitenote_category":0},"product_brand":[],"product_cat":[12274,12523],"product_tag":[],"class_list":{"0":"post-726159","1":"product","2":"type-product","3":"status-publish","5":"product_cat-cocuk-ve-genclik-kitaplari","6":"product_cat-masallar","7":"pa_cilt-ciltsiz","8":"pa_tur-kitap","9":"pa_yayinevi-ozyurek-yayinlari","10":"pa_yazar-muharrem-kasitoglu","12":"first","13":"instock","14":"sale","15":"shipping-taxable","16":"purchasable","17":"product-type-simple"},"_links":{"self":[{"href":"https:\/\/roveyayinevi.com.tr\/index.php\/wp-json\/wp\/v2\/product\/726159","targetHints":{"allow":["GET"]}}],"collection":[{"href":"https:\/\/roveyayinevi.com.tr\/index.php\/wp-json\/wp\/v2\/product"}],"about":[{"href":"https:\/\/roveyayinevi.com.tr\/index.php\/wp-json\/wp\/v2\/types\/product"}],"wp:attachment":[{"href":"https:\/\/roveyayinevi.com.tr\/index.php\/wp-json\/wp\/v2\/media?parent=726159"}],"wp:term":[{"taxonomy":"product_brand","embeddable":true,"href":"https:\/\/roveyayinevi.com.tr\/index.php\/wp-json\/wp\/v2\/product_brand?post=726159"},{"taxonomy":"product_cat","embeddable":true,"href":"https:\/\/roveyayinevi.com.tr\/index.php\/wp-json\/wp\/v2\/product_cat?post=726159"},{"taxonomy":"product_tag","embeddable":true,"href":"https:\/\/roveyayinevi.com.tr\/index.php\/wp-json\/wp\/v2\/product_tag?post=726159"}],"curies":[{"name":"wp","href":"https:\/\/api.w.org\/{rel}","templated":true}]}}