{"id":726158,"date":"2025-08-27T20:01:59","date_gmt":"2025-08-27T17:01:59","guid":{"rendered":"https:\/\/roveyayinevi.com.tr\/index.php\/urun\/kilit\/"},"modified":"2026-04-16T02:34:01","modified_gmt":"2026-04-15T23:34:01","slug":"kilit","status":"publish","type":"product","link":"https:\/\/roveyayinevi.com.tr\/index.php\/urun\/kilit\/","title":{"rendered":"Kilit"},"content":{"rendered":"<p>En yoksulundan en zenginine kadar, insano\u011flunun tamam\u0131n\u0131 \u00e7arklar\u0131 aras\u0131nda \u00e7eviren bir d\u00fczen hayal edin. \u00c7al\u0131\u015ft\u0131\u011f\u0131n\u0131z kurumdan kredi \u00e7ekti\u011finiz bankaya, \u00e7ocu\u011funuzu g\u00f6nderdi\u011finiz okuldan tedavi olmaya gitti\u011finiz hastaneye, evlerinizin ba\u015fk\u00f6\u015fesindeki televizyon kanallar\u0131na; hatta saks\u0131ya ekti\u011finiz bitkiye kadar hayatlar\u0131n\u0131z\u0131n t\u00fcm unsurlar\u0131na s\u0131zm\u0131\u015f bir d\u00fczen\u2026 \u00d6yle ki, \u00e7o\u011fu kez anlam vermekte zorland\u0131\u011f\u0131n\u0131z \u00e7at\u0131\u015fmalardan tarihin seyrini de\u011fi\u015ftiren b\u00fcy\u00fck sava\u015flara kadar \u015fiddetin dahi her t\u00fcrl\u00fcs\u00fcn\u00fc kontrol edebilen bir d\u00fczen.  Evet, \u2018yeni d\u00fcnya d\u00fczeni\u2019\u2026 B\u00f6yle bir senaryonun i\u00e7inde, \u00f6zg\u00fcr oldu\u011funuza inand\u0131r\u0131lm\u0131\u015f olmaktan daha i\u00e7 ac\u0131t\u0131c\u0131 ne olabilir?..  \u0130\u015fte Kilit, b\u00f6ylesi bir d\u00fczen\u2019in \u00e7arklar\u0131 aras\u0131nda ezilmemek i\u00e7in direnen, d\u00fcnyan\u0131n farkl\u0131 yerlerinde olmalar\u0131na ra\u011fmen yollar\u0131 kesi\u015fen, ge\u00e7mi\u015fte d\u00fczen\u2019in deh\u015feti ile y\u00fczle\u015fmi\u015f bir grup insan\u0131n m\u00fccadelesini g\u00f6zler \u00f6n\u00fcne seriyor. Bu m\u00fccadelede hedef nettir: \u0130nsanl\u0131k tarihi kadar eski ve amans\u0131z bir kavgada ate\u015fin topra\u011f\u0131 alt etmesini \u00f6nlemek!..  Kilit\u2019te bahsi ge\u00e7en ki\u015fi ve olaylar hayal \u00fcr\u00fcn\u00fc olmakla beraber unutulmamal\u0131d\u0131r ki var olan her \u015fey gibi hayal g\u00fcc\u00fcn\u00fcn de bir s\u0131n\u0131r\u0131 vard\u0131r. <\/p>\n","protected":false},"excerpt":{"rendered":"<p>En yoksulundan en zenginine kadar, insano\u011flunun tamam\u0131n\u0131 \u00e7arklar\u0131 aras\u0131nda \u00e7eviren bir d\u00fczen hayal edin. \u00c7al\u0131\u015ft\u0131\u011f\u0131n\u0131z kurumdan kredi \u00e7ekti\u011finiz bankaya, \u00e7ocu\u011funuzu g\u00f6nderdi\u011finiz okuldan tedavi olmaya gitti\u011finiz hastaneye,<span class=\"excerpt-hellip\"> [\u2026]<\/span><\/p>\n","protected":false},"featured_media":0,"template":"","meta":{"_monsterinsights_skip_tracking":false,"_monsterinsights_sitenote_active":false,"_monsterinsights_sitenote_note":"","_monsterinsights_sitenote_category":0},"product_brand":[],"product_cat":[12291,12711],"product_tag":[],"class_list":{"0":"post-726158","1":"product","2":"type-product","3":"status-publish","5":"product_cat-edebiyat","6":"product_cat-roman-oyku","7":"pa_cilt-ciltsiz","8":"pa_tur-kitap","9":"pa_yayinevi-feniks-yayinlari","10":"pa_yazar-yasar-ozdemir","12":"first","13":"instock","14":"sale","15":"shipping-taxable","16":"purchasable","17":"product-type-simple"},"_links":{"self":[{"href":"https:\/\/roveyayinevi.com.tr\/index.php\/wp-json\/wp\/v2\/product\/726158","targetHints":{"allow":["GET"]}}],"collection":[{"href":"https:\/\/roveyayinevi.com.tr\/index.php\/wp-json\/wp\/v2\/product"}],"about":[{"href":"https:\/\/roveyayinevi.com.tr\/index.php\/wp-json\/wp\/v2\/types\/product"}],"wp:attachment":[{"href":"https:\/\/roveyayinevi.com.tr\/index.php\/wp-json\/wp\/v2\/media?parent=726158"}],"wp:term":[{"taxonomy":"product_brand","embeddable":true,"href":"https:\/\/roveyayinevi.com.tr\/index.php\/wp-json\/wp\/v2\/product_brand?post=726158"},{"taxonomy":"product_cat","embeddable":true,"href":"https:\/\/roveyayinevi.com.tr\/index.php\/wp-json\/wp\/v2\/product_cat?post=726158"},{"taxonomy":"product_tag","embeddable":true,"href":"https:\/\/roveyayinevi.com.tr\/index.php\/wp-json\/wp\/v2\/product_tag?post=726158"}],"curies":[{"name":"wp","href":"https:\/\/api.w.org\/{rel}","templated":true}]}}