{"id":726155,"date":"2025-08-27T20:01:57","date_gmt":"2025-08-27T17:01:57","guid":{"rendered":"https:\/\/roveyayinevi.com.tr\/index.php\/urun\/extraordinary-animals\/"},"modified":"2026-04-16T02:34:01","modified_gmt":"2026-04-15T23:34:01","slug":"extraordinary-animals","status":"publish","type":"product","link":"https:\/\/roveyayinevi.com.tr\/index.php\/urun\/extraordinary-animals\/","title":{"rendered":"Extraordinary Animals"},"content":{"rendered":"<p>Discovering the World serisi ile \u0130ngilizcenizi geli\u015ftirirken bir yandan da \u015fa\u015f\u0131rt\u0131c\u0131 bilgiler edinebilirsiniz! Bu seride her bir \u00f6yk\u00fc ve bu \u00f6yk\u00fclerin al\u0131\u015ft\u0131rmalar\u0131 farkl\u0131 seviyelere g\u00f6re haz\u0131rland\u0131. Size uygun \u0130ngilizce seviyeyi se\u00e7in ve okumaya ba\u015flay\u0131n&#8230;Extraordinary Animals size d\u00fcnyan\u0131n d\u00f6rt bir yan\u0131ndan birbirinden heyecan verici sekiz s\u0131ra d\u0131\u015f\u0131 canl\u0131 ile tan\u0131\u015fma f\u0131rsat\u0131 sunuyor. \u201cIntermediate\u201d seviyesindeki bu \u00f6yk\u00fcy\u00fc okuduktan sonra kitab\u0131n arkas\u0131ndaki okudu\u011funu anlama ve s\u00f6zc\u00fck egzersizlerini yapabilirsiniz. \u00dc\u00e7\u00fcnc\u00fc seviyede okurlar\u0131n 35 ila 45 yeni s\u00f6zc\u00fck \u00f6\u011frenmesi hedefleniyor ve kitab\u0131n arkas\u0131ndaki s\u00f6zl\u00fckten bu s\u00f6zc\u00fcklerin tan\u0131mlar\u0131na ve c\u00fcmle i\u00e7inde \u00f6rnek kullan\u0131mlar\u0131na bakabilirsiniz.<\/p>\n","protected":false},"excerpt":{"rendered":"<p>Discovering the World serisi ile \u0130ngilizcenizi geli\u015ftirirken bir yandan da \u015fa\u015f\u0131rt\u0131c\u0131 bilgiler edinebilirsiniz! Bu seride her bir \u00f6yk\u00fc ve bu \u00f6yk\u00fclerin al\u0131\u015ft\u0131rmalar\u0131 farkl\u0131 seviyelere g\u00f6re haz\u0131rland\u0131.<span class=\"excerpt-hellip\"> [\u2026]<\/span><\/p>\n","protected":false},"featured_media":0,"template":"","meta":{"_monsterinsights_skip_tracking":false,"_monsterinsights_sitenote_active":false,"_monsterinsights_sitenote_note":"","_monsterinsights_sitenote_category":0},"product_brand":[],"product_cat":[12274,12631],"product_tag":[],"class_list":{"0":"post-726155","1":"product","2":"type-product","3":"status-publish","5":"product_cat-cocuk-ve-genclik-kitaplari","6":"product_cat-diger-cocuk-ve-genclik-kitaplari","7":"pa_cilt-ciltsiz","8":"pa_tur-kitap","9":"pa_yayinevi-redhouse-yayinlari","10":"pa_yazar-sarah-sweeney","12":"first","13":"instock","14":"sale","15":"shipping-taxable","16":"purchasable","17":"product-type-simple"},"_links":{"self":[{"href":"https:\/\/roveyayinevi.com.tr\/index.php\/wp-json\/wp\/v2\/product\/726155","targetHints":{"allow":["GET"]}}],"collection":[{"href":"https:\/\/roveyayinevi.com.tr\/index.php\/wp-json\/wp\/v2\/product"}],"about":[{"href":"https:\/\/roveyayinevi.com.tr\/index.php\/wp-json\/wp\/v2\/types\/product"}],"wp:attachment":[{"href":"https:\/\/roveyayinevi.com.tr\/index.php\/wp-json\/wp\/v2\/media?parent=726155"}],"wp:term":[{"taxonomy":"product_brand","embeddable":true,"href":"https:\/\/roveyayinevi.com.tr\/index.php\/wp-json\/wp\/v2\/product_brand?post=726155"},{"taxonomy":"product_cat","embeddable":true,"href":"https:\/\/roveyayinevi.com.tr\/index.php\/wp-json\/wp\/v2\/product_cat?post=726155"},{"taxonomy":"product_tag","embeddable":true,"href":"https:\/\/roveyayinevi.com.tr\/index.php\/wp-json\/wp\/v2\/product_tag?post=726155"}],"curies":[{"name":"wp","href":"https:\/\/api.w.org\/{rel}","templated":true}]}}