{"id":726151,"date":"2025-08-27T20:01:53","date_gmt":"2025-08-27T17:01:53","guid":{"rendered":"https:\/\/roveyayinevi.com.tr\/index.php\/urun\/goc-3\/"},"modified":"2026-04-16T02:34:01","modified_gmt":"2026-04-15T23:34:01","slug":"goc-3","status":"publish","type":"product","link":"https:\/\/roveyayinevi.com.tr\/index.php\/urun\/goc-3\/","title":{"rendered":"G\u00f6\u00e7"},"content":{"rendered":"<p>Hen\u00fcz 19\u2019unda babas\u0131n\u0131 kaybeden edebiyat a\u015f\u0131\u011f\u0131 bir gen\u00e7, erken ya\u015fta bek\u00e2r kalan korumac\u0131 bir anne ve r\u00fcya gibi bir sevgili; \u015eehnaz\u2026Nihat Ahmet, yokluk, hastal\u0131k ve fikir \u00e7at\u0131\u015fmalar\u0131n\u0131n h\u00fck\u00fcm s\u00fcrd\u00fc\u011f\u00fc bir d\u00f6nemde b\u00fcy\u00fcme sanc\u0131lar\u0131 \u00e7ekiyor. Bir yandan edebiyat derneklerinde aruz ile heceyi tart\u0131\u015f\u0131r, yay\u0131mlataca\u011f\u0131 \u015fiirlerle kendi ayaklar\u0131 \u00fcst\u00fcnde durmaya \u00e7al\u0131\u015f\u0131rken, bir yandan da a\u015fk\u0131na mani olan annesiyle m\u00fccadele ediyor. Tam her \u015fey yoluna girdi derken patlak veren Birinci D\u00fcnya Sava\u015f\u0131 ise hayat\u0131n\u0131n t\u00fcm seyrini de\u011fi\u015ftiriyor. Ve hi\u00e7 beklenmedik bir anda g\u00f6\u00e7 ba\u015fl\u0131yor.Yusuf Ziya Orta\u00e7, ilk gen\u00e7lik y\u0131llar\u0131ndan izler ta\u015f\u0131yan G\u00f6\u00e7\u2019te zorlu bir a\u015fk\u0131 anlat\u0131rken milli m\u00fccadeleye giden siyasi tart\u0131\u015fmalara, yoksulla zengin aras\u0131ndaki u\u00e7uruma ve d\u00f6nemin edebiyat \u00e7evresine ayna tutuyor. Orta\u00e7, Ziya G\u00f6kalp\u2019e selam g\u00f6ndermeyi de ihmal etmiyor.  <\/p>\n","protected":false},"excerpt":{"rendered":"<p>Hen\u00fcz 19\u2019unda babas\u0131n\u0131 kaybeden edebiyat a\u015f\u0131\u011f\u0131 bir gen\u00e7, erken ya\u015fta bek\u00e2r kalan korumac\u0131 bir anne ve r\u00fcya gibi bir sevgili; \u015eehnaz\u2026Nihat Ahmet, yokluk, hastal\u0131k ve fikir<span class=\"excerpt-hellip\"> [\u2026]<\/span><\/p>\n","protected":false},"featured_media":0,"template":"","meta":{"_monsterinsights_skip_tracking":false,"_monsterinsights_sitenote_active":false,"_monsterinsights_sitenote_note":"","_monsterinsights_sitenote_category":0},"product_brand":[],"product_cat":[12291,12711],"product_tag":[],"class_list":{"0":"post-726151","1":"product","2":"type-product","3":"status-publish","5":"product_cat-edebiyat","6":"product_cat-roman-oyku","7":"pa_cilt-ciltsiz","8":"pa_tur-kitap","9":"pa_yayinevi-inkilap-kitabevi","10":"pa_yazar-yusuf-ziya-ortac","12":"first","13":"instock","14":"sale","15":"shipping-taxable","16":"purchasable","17":"product-type-simple"},"_links":{"self":[{"href":"https:\/\/roveyayinevi.com.tr\/index.php\/wp-json\/wp\/v2\/product\/726151","targetHints":{"allow":["GET"]}}],"collection":[{"href":"https:\/\/roveyayinevi.com.tr\/index.php\/wp-json\/wp\/v2\/product"}],"about":[{"href":"https:\/\/roveyayinevi.com.tr\/index.php\/wp-json\/wp\/v2\/types\/product"}],"wp:attachment":[{"href":"https:\/\/roveyayinevi.com.tr\/index.php\/wp-json\/wp\/v2\/media?parent=726151"}],"wp:term":[{"taxonomy":"product_brand","embeddable":true,"href":"https:\/\/roveyayinevi.com.tr\/index.php\/wp-json\/wp\/v2\/product_brand?post=726151"},{"taxonomy":"product_cat","embeddable":true,"href":"https:\/\/roveyayinevi.com.tr\/index.php\/wp-json\/wp\/v2\/product_cat?post=726151"},{"taxonomy":"product_tag","embeddable":true,"href":"https:\/\/roveyayinevi.com.tr\/index.php\/wp-json\/wp\/v2\/product_tag?post=726151"}],"curies":[{"name":"wp","href":"https:\/\/api.w.org\/{rel}","templated":true}]}}